{"id":9845,"date":"2026-05-11T15:51:57","date_gmt":"2026-05-11T15:51:57","guid":{"rendered":"https:\/\/wolfblanc.com\/?page_id=9845"},"modified":"2026-05-11T16:17:44","modified_gmt":"2026-05-11T16:17:44","slug":"faq","status":"publish","type":"page","link":"https:\/\/wolfblanc.com\/sv\/faq\/","title":{"rendered":"VANLIGA FR\u00c5GOR"},"content":{"rendered":"<div class=\"kb-row-layout-wrap kb-row-layout-id9845_2109c5-4f alignfull has-theme-palette9-background-color kt-row-has-bg wp-block-kadence-rowlayout\"><div class=\"kt-row-column-wrap kt-has-1-columns kt-row-layout-equal kt-tab-layout-inherit kt-mobile-layout-row kt-row-valign-top kb-theme-content-width\">\n\n<div class=\"wp-block-kadence-column kadence-column9845_3c9b5f-a9\"><div class=\"kt-inside-inner-col\">\n<div class=\"kt-adv-heading9845_4ed218-bb kt-adv-heading-faq_tag-01 wp-block-kadence-advancedheading has-theme-5-color has-text-color\" data-kb-block=\"kb-adv-heading9845_4ed218-bb\"><strong>VANLIGA FR\u00c5GOR<\/strong><\/div>\n\n\n\n<h1 class=\"kt-adv-heading9845_1594b4-5c kt-adv-heading-faq_h1-01 wp-block-kadence-advancedheading has-theme-palette-3-color has-text-color\" data-kb-block=\"kb-adv-heading9845_1594b4-5c\">Vanliga fr\u00e5gor och svar<\/h1>\n\n\n\n<p class=\"kt-adv-heading9845_7e78c7-a9 kt-adv-heading-faq_intro-01 wp-block-kadence-advancedheading has-theme-palette-4-color has-text-color\" data-kb-block=\"kb-adv-heading9845_7e78c7-a9\">Specifika svar om att arbeta med Wolfblanc i Sverige, Spanien och Grekland.<\/p>\n<\/div><\/div>\n\n<\/div><\/div>\n\n<div class=\"kb-row-layout-wrap kb-row-layout-id9845_0f2a42-68 alignfull has-theme-palette9-background-color kt-row-has-bg wp-block-kadence-rowlayout\"><div class=\"kt-row-column-wrap kt-has-1-columns kt-row-layout-equal kt-tab-layout-inherit kt-mobile-layout-row kt-row-valign-top kb-theme-content-width\">\n\n<div class=\"wp-block-kadence-column kadence-column9845_db76c1-6b\"><div class=\"kt-inside-inner-col\">\n<div class=\"wp-block-kadence-accordion alignnone\"><div class=\"kt-accordion-wrap kt-accordion-id9845_3f168f-7d kt-accordion-has-2-panes kt-active-pane-0 kt-accordion-block kt-pane-header-alignment-left kt-accodion-icon-style-arrow kt-accodion-icon-side-right\" style=\"max-width:none\"><div class=\"kt-accordion-inner-wrap\" data-allow-multiple-open=\"false\" data-start-open=\"0\">\n<div class=\"wp-block-kadence-pane kt-accordion-pane kt-accordion-pane-1 kt-pane9845_2752d3-61\"><div class=\"kt-accordion-header-wrap\"><button class=\"kt-blocks-accordion-header kt-acccordion-button-label-show\" type=\"button\"><span class=\"kt-blocks-accordion-title-wrap\"><span class=\"kt-blocks-accordion-title\">Varf\u00f6r ska en skandinavisk kund anlita Wolfblanc f\u00f6r ett arkitekturprojekt i Spanien eller Grekland?<\/span><\/span><span class=\"kt-blocks-accordion-icon-trigger\"><\/span><\/button><\/div><div class=\"kt-accordion-panel kt-accordion-panel-hidden\"><div class=\"kt-accordion-panel-inner\">\n<p>Wolfblanc kombinerar nordiska f\u00f6rv\u00e4ntningar med lokal auktoritet. Vi arbetar i Sverige, Spanien och Grekland med flerspr\u00e5kig kommunikation p\u00e5 svenska, engelska, spanska och grekiska. V\u00e5ra kunder f\u00e5r den tydlighet, dokumentation och samordningsstil som f\u00f6rv\u00e4ntas i Skandinavien, till\u00e4mpad p\u00e5 Medelhavets planeringssystem, konsulter och byggverkligheter. Detta minskar spr\u00e5kbarri\u00e4rer, juridisk friktion och de \u00f6vers\u00e4ttningsglapp som ofta uppst\u00e5r n\u00e4r en internationell kund anlitar ett rent lokalt team.<\/p>\n<\/div><\/div><\/div>\n\n\n\n<div class=\"wp-block-kadence-pane kt-accordion-pane kt-accordion-pane-2 kt-pane9845_01c6f2-f7\"><div class=\"kt-accordion-header-wrap\"><button class=\"kt-blocks-accordion-header kt-acccordion-button-label-show\" type=\"button\"><span class=\"kt-blocks-accordion-title-wrap\"><span class=\"kt-blocks-accordion-title\">\u00c4r Wolfblanc juridiskt beh\u00f6rig att teckna arkitektprojekt i Spanien, Sverige och Grekland?<\/span><\/span><span class=\"kt-blocks-accordion-icon-trigger\"><\/span><\/button><\/div><div class=\"kt-accordion-panel kt-accordion-panel-hidden\"><div class=\"kt-accordion-panel-inner\">\n<p>Ja, det st\u00e4mmer. Wolfblanc arbetar med professionell arkitektregistrering p\u00e5 de marknader d\u00e4r vi arbetar, inklusive COAM i Madrid, SAR\/MSA i Sverige och TEE-TCG i Grekland. Arkitektur, tillst\u00e5nd och teknisk dokumentation regleras p\u00e5 olika s\u00e4tt i varje land, s\u00e5 detta professionella ramverk \u00e4r viktigt. Det g\u00f6r det m\u00f6jligt f\u00f6r oss att v\u00e4gleda projekt fr\u00e5n koncept och tillst\u00e5ndsstrategi till teknisk dokumentation och byggst\u00f6d.<\/p>\n<\/div><\/div><\/div>\n\n\n\n<div class=\"wp-block-kadence-pane kt-accordion-pane kt-accordion-pane-3 kt-pane9845_7c9c01-a1\"><div class=\"kt-accordion-header-wrap\"><button class=\"kt-blocks-accordion-header kt-acccordion-button-label-show\" type=\"button\"><span class=\"kt-blocks-accordion-title-wrap\"><span class=\"kt-blocks-accordion-title\">Vad menar Wolfblanc med att skandinavisk disciplin m\u00f6ter medelhavsambition?<\/span><\/span><span class=\"kt-blocks-accordion-icon-trigger\"><\/span><\/button><\/div><div class=\"kt-accordion-panel kt-accordion-panel-hidden\"><div class=\"kt-accordion-panel-inner\">\n<p>Det inneb\u00e4r att designen kan vara uttrycksfull, kontextuell och ambiti\u00f6s, samtidigt som leveransen f\u00f6rblir strukturerad och exakt. Vi tar med oss nordiska dokumentationsstandarder, BIM-samordning, kostnadsmedvetenhet och kommunikationsvanor som formats genom arbete med stora byggherrar som Skanska och JM till projekt i Spanien, Grekland och Sverige. Resultatet \u00e4r arkitektur med medelhavsv\u00e4rme och rumslig karakt\u00e4r, utan att tappa kontrollen \u00f6ver tid, budget, byggbarhet eller teknisk kvalitet.<\/p>\n<\/div><\/div><\/div>\n\n\n\n<div class=\"wp-block-kadence-pane kt-accordion-pane kt-accordion-pane-4 kt-pane9845_0e2d4c-b6\"><div class=\"kt-accordion-header-wrap\"><button class=\"kt-blocks-accordion-header kt-acccordion-button-label-show\" type=\"button\"><span class=\"kt-blocks-accordion-title-wrap\"><span class=\"kt-blocks-accordion-title\">Passar Wolfblanc bra f\u00f6r fastighetsinvesterare och utvecklare?<\/span><\/span><span class=\"kt-blocks-accordion-icon-trigger\"><\/span><\/button><\/div><div class=\"kt-accordion-panel kt-accordion-panel-hidden\"><div class=\"kt-accordion-panel-inner\">\n<p>Ja, det g\u00f6r vi. Vi passar utm\u00e4rkt f\u00f6r investerare, byggherrar och fastighets\u00e4gare som vill att arkitekturen ska f\u00f6rb\u00e4ttra den kommersiella prestandan. Vi t\u00e4nker p\u00e5 effektivitet i planl\u00f6sningen, mixen av enheter, naturligt ljus, materialens h\u00e5llbarhet, hyresg\u00e4sternas attraktivitet, v\u00e4rdet av g\u00e4stfrihet och den l\u00e5ngsiktiga driftkvaliteten. V\u00e5rt arbete \u00e4r inte begr\u00e4nsat till att f\u00e5 en fastighet att se b\u00e4ttre ut. Det handlar om att hj\u00e4lpa ett projekt att s\u00e4lja, hyra ut, driva och beh\u00e5lla v\u00e4rdet p\u00e5 ett mer intelligent s\u00e4tt.<\/p>\n<\/div><\/div><\/div>\n\n\n\n<div class=\"wp-block-kadence-pane kt-accordion-pane kt-accordion-pane-5 kt-pane9845_a1b8d5-c2\"><div class=\"kt-accordion-header-wrap\"><button class=\"kt-blocks-accordion-header kt-acccordion-button-label-show\" type=\"button\"><span class=\"kt-blocks-accordion-title-wrap\"><span class=\"kt-blocks-accordion-title\">Hur gynnar WELL AP-certifiering ett bostadsprojekt, ett hotell eller ett kommersiellt projekt?<\/span><\/span><span class=\"kt-blocks-accordion-icon-trigger\"><\/span><\/button><\/div><div class=\"kt-accordion-panel kt-accordion-panel-hidden\"><div class=\"kt-accordion-panel-inner\">\n<p>WELL AP-kunskap hj\u00e4lper oss att utforma f\u00f6r de m\u00e4nniskor som kommer att bo, arbeta, vistas eller \u00e5terh\u00e4mta sig i byggnaden. Vi tar h\u00e4nsyn till luftkvalitet, dagsljus, akustik, termisk komfort, material, r\u00f6relse och m\u00e4nsklig prestanda redan fr\u00e5n f\u00f6rsta b\u00f6rjan. F\u00f6r bost\u00e4der f\u00f6rb\u00e4ttrar detta den dagliga komforten och den l\u00e5ngsiktiga h\u00e4lsan. F\u00f6r hotell, kontor, kliniker och kommersiella utrymmen bidrar det till g\u00e4sternas upplevelse, personalens prestationer, varum\u00e4rkets kvalitet och det operativa v\u00e4rdet.<\/p>\n<\/div><\/div><\/div>\n\n\n\n<div class=\"wp-block-kadence-pane kt-accordion-pane kt-accordion-pane-6 kt-pane9845_c8df63-3e\"><div class=\"kt-accordion-header-wrap\"><button class=\"kt-blocks-accordion-header kt-acccordion-button-label-show\" type=\"button\"><span class=\"kt-blocks-accordion-title-wrap\"><span class=\"kt-blocks-accordion-title\">Hur g\u00e5r processen till n\u00e4r man designar och bygger ett anpassat fritidshus med Wolfblanc?<\/span><\/span><span class=\"kt-blocks-accordion-icon-trigger\"><\/span><\/button><\/div><div class=\"kt-accordion-panel kt-accordion-panel-hidden\"><div class=\"kt-accordion-panel-inner\">\n<p>Vi b\u00f6rjar med briefen, platsen, budgeten och planeringsbegr\u00e4nsningarna. Sedan utvecklar vi koncept, layouter, rumslig upplevelse, visualiseringar och materialriktning. N\u00e4r designen \u00e4r godk\u00e4nd f\u00f6rbereder vi den tekniska dokumentation som kr\u00e4vs f\u00f6r tillst\u00e5nd, upphandling och byggnation. Under byggnationen hj\u00e4lper vi till med samordningen s\u00e5 att besluten p\u00e5 plats ligger i linje med designens intentioner. M\u00e5let \u00e4r en tydlig resa fr\u00e5n tidig genomf\u00f6rbarhet till \u00f6verl\u00e4mnande, s\u00e4rskilt f\u00f6r kunder som hanterar ett projekt fr\u00e5n ett annat land.<\/p>\n<\/div><\/div><\/div>\n\n\n\n<div class=\"wp-block-kadence-pane kt-accordion-pane kt-accordion-pane-7 kt-pane9845_4d6f90-e4\"><div class=\"kt-accordion-header-wrap\"><button class=\"kt-blocks-accordion-header kt-acccordion-button-label-show\" type=\"button\"><span class=\"kt-blocks-accordion-title-wrap\"><span class=\"kt-blocks-accordion-title\">Hur hanterar Wolfblanc tillst\u00e5nd och planering i Spanien och Grekland?<\/span><\/span><span class=\"kt-blocks-accordion-icon-trigger\"><\/span><\/button><\/div><div class=\"kt-accordion-panel kt-accordion-panel-hidden\"><div class=\"kt-accordion-panel-inner\">\n<p>Vi hj\u00e4lper v\u00e5ra kunder att f\u00f6rst\u00e5 vad som kan byggas, vilka tillst\u00e5nd som kr\u00e4vs och hur projektet ska dokumenteras f\u00f6r den ber\u00f6rda kommunen eller myndigheten. V\u00e5r roll \u00e4r att \u00f6vers\u00e4tta lokala planeringskrav till en tydlig projektv\u00e4g, ta fram den arkitektoniska information som beh\u00f6vs, samordna med konsulter n\u00e4r s\u00e5 kr\u00e4vs och h\u00e5lla kunden informerad p\u00e5 ett enkelt spr\u00e5k. F\u00f6r internationella kunder \u00e4r detta ofta en av de mest v\u00e4rdefulla delarna av tj\u00e4nsten.<\/p>\n<\/div><\/div><\/div>\n\n\n\n<div class=\"wp-block-kadence-pane kt-accordion-pane kt-accordion-pane-8 kt-pane9845_e74a32-17\"><div class=\"kt-accordion-header-wrap\"><button class=\"kt-blocks-accordion-header kt-acccordion-button-label-show\" type=\"button\"><span class=\"kt-blocks-accordion-title-wrap\"><span class=\"kt-blocks-accordion-title\">Arbetar Wolfblanc med kommersiella projekt, hotell- och restaurangprojekt och projekt med blandad anv\u00e4ndning?<\/span><\/span><span class=\"kt-blocks-accordion-icon-trigger\"><\/span><\/button><\/div><div class=\"kt-accordion-panel kt-accordion-panel-hidden\"><div class=\"kt-accordion-panel-inner\">\n<p>Ja, det g\u00f6r vi. Wolfblanc arbetar med projekt f\u00f6r bost\u00e4der, hotell, arbetsplatser, detaljhandel, restauranger och blandad anv\u00e4ndning. F\u00f6r kommersiella interi\u00f6rer och varum\u00e4rkesledda utrymmen har vi ett n\u00e4ra samarbete med EOLOS Design Lab, v\u00e5r specialiserade division f\u00f6r kommersiell inredningsdesign. P\u00e5 s\u00e5 s\u00e4tt f\u00e5r kunderna ett team som f\u00f6rst\u00e5r b\u00e5de arkitektur och lokalernas aff\u00e4rsm\u00e4ssiga roll: hur en hotell-, restaurang-, kontors-, klinik- eller butiksmilj\u00f6 kan kommunicera identitet, f\u00f6rb\u00e4ttra verksamheten och \u00f6ka v\u00e4rdet.<\/p>\n<\/div><\/div><\/div>\n\n\n\n<div class=\"wp-block-kadence-pane kt-accordion-pane kt-accordion-pane-9 kt-pane9845_b9c5b1-38\"><div class=\"kt-accordion-header-wrap\"><button class=\"kt-blocks-accordion-header kt-acccordion-button-label-show\" type=\"button\"><span class=\"kt-blocks-accordion-title-wrap\"><span class=\"kt-blocks-accordion-title\">Hur vet jag om mitt projekt passar bra f\u00f6r Wolfblanc?<\/span><\/span><span class=\"kt-blocks-accordion-icon-trigger\"><\/span><\/button><\/div><div class=\"kt-accordion-panel kt-accordion-panel-hidden\"><div class=\"kt-accordion-panel-inner\">\n<p>Du passar troligen bra om du vill ha ett litet senior team, tydlighet \u00f6ver gr\u00e4nserna, starkt designt\u00e4nkande och noggrann projektkontroll. Typiska kunder \u00e4r nordiska \u00e4gare som bygger eller renoverar i Spanien eller Grekland, investerare som ompositionerar en fastighet, byggherrar som s\u00f6ker arkitektoniskt v\u00e4rde samt hotell- och restaurangkunder eller kommersiella kunder som beh\u00f6ver b\u00e5de konceptkvalitet och operativ disciplin. Vi \u00e4r inte skapade f\u00f6r kunder som vill ha ett stort anonymt team. Vi arbetar b\u00e4st n\u00e4r projektet gynnas av direkt involvering av uppdragsgivaren.<\/p>\n<\/div><\/div><\/div>\n\n\n\n<div class=\"wp-block-kadence-pane kt-accordion-pane kt-accordion-pane-10 kt-pane9845_f31d24-99\"><div class=\"kt-accordion-header-wrap\"><button class=\"kt-blocks-accordion-header kt-acccordion-button-label-show\" type=\"button\"><span class=\"kt-blocks-accordion-title-wrap\"><span class=\"kt-blocks-accordion-title\">Vad h\u00e4nder under den kostnadsfria konsultationen?<\/span><\/span><span class=\"kt-blocks-accordion-icon-trigger\"><\/span><\/button><\/div><div class=\"kt-accordion-panel kt-accordion-panel-hidden\"><div class=\"kt-accordion-panel-inner\">\n<p>Den f\u00f6rsta konsultationen \u00e4r en fokuserad konversation om ditt projekt, plats, tidslinje, budgetintervall och m\u00e5l. Vi anv\u00e4nder det f\u00f6r att f\u00f6rst\u00e5 om Wolfblanc \u00e4r r\u00e4tt passform och f\u00f6r att beskriva de troliga n\u00e4sta stegen. Om projektet inte \u00e4r i linje med v\u00e5r expertis kommer vi att s\u00e4ga det tydligt. Om det \u00e4r en bra matchning kan vi definiera omfattningen, avgiftsstrukturen och projektv\u00e4gen d\u00e4rifr\u00e5n.<\/p>\n<\/div><\/div><\/div>\n<\/div><\/div><\/div>\n<\/div><\/div>\n\n<\/div><\/div>\n\n\n<div class=\"wp-block-cover alignfull is-light has-theme-5-color has-text-color has-link-color wp-elements-56ed7d6b3bc4aac0b58d13ecd3e22e33\" style=\"margin-top:0;padding-top:5vw;padding-right:5vw;padding-bottom:5vw;padding-left:5vw;min-height:314px;aspect-ratio:unset;\"><span aria-hidden=\"true\" class=\"wp-block-cover__background has-theme-1-background-color has-background-dim-100 has-background-dim\"><\/span><div class=\"wp-block-cover__inner-container is-layout-flow wp-block-cover-is-layout-flow\">\n<p class=\"has-text-align-center has-theme-5-color has-theme-1-background-color has-text-color has-background\" style=\"padding-top:var(--wp--preset--spacing--40);padding-right:0;padding-bottom:var(--wp--preset--spacing--40);padding-left:0;font-size:clamp(33.419px, 2.089rem + ((1vw - 3.2px) * 2.077), 60px);letter-spacing:0px;line-height:0.8;text-transform:capitalize\"><strong>Ber\u00e4tta f\u00f6r oss om ditt projekt.<\/strong><\/p>\n\n\n\n<div class=\"wp-block-buttons is-content-justification-center is-layout-flex wp-container-core-buttons-is-layout-a89b3969 wp-block-buttons-is-layout-flex\">\n<div class=\"wp-block-button\"><a class=\"wp-block-button__link has-theme-1-color has-theme-5-background-color has-text-color has-background wp-element-button\" href=\"https:\/\/wolfblanc.com\/sv\/contact\/\" style=\"border-radius:100px\"><strong>Boka en kostnadsfri konsultation<\/strong><\/a><\/div>\n<\/div>\n<\/div><\/div>","protected":false},"excerpt":{"rendered":"<p>FAQ Vanliga fr\u00e5gor Specifika svar om att arbeta med Wolfblanc i Sverige, Spanien och Grekland.<\/p>","protected":false},"author":1,"featured_media":0,"parent":0,"menu_order":0,"comment_status":"closed","ping_status":"closed","template":"pages-without-title","meta":{"iawp_total_views":3,"_vp_format_video_url":"","_vp_image_focal_point":[],"footnotes":""},"class_list":["post-9845","page","type-page","status-publish","hentry"],"_links":{"self":[{"href":"https:\/\/wolfblanc.com\/sv\/wp-json\/wp\/v2\/pages\/9845","targetHints":{"allow":["GET"]}}],"collection":[{"href":"https:\/\/wolfblanc.com\/sv\/wp-json\/wp\/v2\/pages"}],"about":[{"href":"https:\/\/wolfblanc.com\/sv\/wp-json\/wp\/v2\/types\/page"}],"author":[{"embeddable":true,"href":"https:\/\/wolfblanc.com\/sv\/wp-json\/wp\/v2\/users\/1"}],"replies":[{"embeddable":true,"href":"https:\/\/wolfblanc.com\/sv\/wp-json\/wp\/v2\/comments?post=9845"}],"version-history":[{"count":7,"href":"https:\/\/wolfblanc.com\/sv\/wp-json\/wp\/v2\/pages\/9845\/revisions"}],"predecessor-version":[{"id":9857,"href":"https:\/\/wolfblanc.com\/sv\/wp-json\/wp\/v2\/pages\/9845\/revisions\/9857"}],"wp:attachment":[{"href":"https:\/\/wolfblanc.com\/sv\/wp-json\/wp\/v2\/media?parent=9845"}],"curies":[{"name":"wp","href":"https:\/\/api.w.org\/{rel}","templated":true}]}}