{"id":9841,"date":"2026-05-11T16:24:49","date_gmt":"2026-05-11T16:24:49","guid":{"rendered":"https:\/\/wolfblanc.com\/?page_id=9841"},"modified":"2026-05-13T13:31:33","modified_gmt":"2026-05-13T13:31:33","slug":"visualization","status":"publish","type":"page","link":"https:\/\/wolfblanc.com\/sv\/visualization\/","title":{"rendered":"Visualisering och digital iscens\u00e4ttning"},"content":{"rendered":"<div class=\"kb-row-layout-wrap kb-row-layout-id9841_4b9f51-b9 alignfull kt-row-has-bg wp-block-kadence-rowlayout\"><div class=\"kt-row-layout-overlay kt-row-overlay-gradient\"><\/div><div class=\"kt-row-column-wrap kt-has-2-columns kt-row-layout-equal kt-tab-layout-row kt-mobile-layout-row kt-row-valign-middle kb-theme-content-width\">\n\n<div class=\"wp-block-kadence-column kadence-column9841_4731f3-c0 kb-section-dir-vertical\"><div class=\"kt-inside-inner-col\">\n<span class=\"kt-adv-heading9841_a5e31a-3e wp-block-kadence-advancedheading has-theme-5-color has-text-color\" data-kb-block=\"kb-adv-heading9841_a5e31a-3e\">Visualisering &amp; digital iscens\u00e4ttning - via EOLOS Design Lab<\/span>\n\n\n\n<h1 class=\"kt-adv-heading9841_3071b1-df wp-block-kadence-advancedheading has-theme-palette-3-color has-text-color\" data-kb-block=\"kb-adv-heading9841_3071b1-df\">Det \u00e4r bilden som avg\u00f6r om n\u00e5gon klickar, bokar, hyr, k\u00f6per eller investerar.<\/h1>\n\n\n\n<p class=\"kt-adv-heading9841_521def-cb wp-block-kadence-advancedheading has-theme-palette-4-color has-text-color\" data-kb-block=\"kb-adv-heading9841_521def-cb\">Wolfblancs tj\u00e4nster f\u00f6r visualisering och digital iscens\u00e4ttning levereras genom EOLOS DESIGN LAB, v\u00e5r division f\u00f6r kommersiell design. Arkitektledda visualiseringar f\u00f6r fastigheter, utvecklingsprojekt, hotell, kontor och butikslokaler i Spanien, Sverige och Grekland. Fr\u00e5n snabba iscens\u00e4ttningar till f\u00f6rstklassiga visuella strategier f\u00f6r investeringar, leasing och f\u00f6rhandsf\u00f6rs\u00e4ljning.<\/p>\n\n\n\n<div class=\"wp-block-buttons is-content-justification-left is-layout-flex wp-container-core-buttons-is-layout-fc4fd283 wp-block-buttons-is-layout-flex\">\n<div class=\"wp-block-button\"><a class=\"wp-block-button__link has-theme-1-color has-theme-5-background-color has-text-color has-background wp-element-button\" href=\"https:\/\/wolfblanc.com\/sv\/contact\/\" style=\"border-radius:100px\"><strong>Boka en kostnadsfri konsultation<\/strong><\/a><\/div>\n<\/div>\n<\/div><\/div>\n\n\n\n<div class=\"wp-block-kadence-column kadence-column9841_2e9dfc-4f kvs-md-false kvs-sm-false\"><div class=\"kt-inside-inner-col\"><\/div><\/div>\n\n<\/div><\/div>\n\n<div class=\"kb-row-layout-wrap kb-row-layout-id9841_029782-43 alignfull has-theme-palette9-background-color kt-row-has-bg wp-block-kadence-rowlayout\"><div class=\"kt-row-column-wrap kt-has-1-columns kt-row-layout-equal kt-tab-layout-inherit kt-mobile-layout-row kt-row-valign-top kb-theme-content-width\">\n\n<div class=\"wp-block-kadence-column kadence-column9841_b7b673-85\"><div class=\"kt-inside-inner-col\">\n<div class=\"kt-adv-heading9841_ad9209-ae wp-block-kadence-advancedheading has-theme-5-color has-text-color\" data-kb-block=\"kb-adv-heading9841_ad9209-ae\"><strong>Tv\u00e5 v\u00e4gar<\/strong><\/div>\n\n\n\n<h2 class=\"kt-adv-heading9841_0ae3e5-61 wp-block-kadence-advancedheading has-theme-palette-3-color has-text-color\" data-kb-block=\"kb-adv-heading9841_0ae3e5-61\">Samma arkitektoniska blick. Tv\u00e5 olika kommersiella situationer.<\/h2>\n\n\n\n<div class=\"wp-block-kadence-iconlist kt-svg-icon-list-items kt-svg-icon-list-items9841_9b478b-f8 kt-svg-icon-list-columns-1 alignnone\"><ul class=\"kt-svg-icon-list\">\n<li class=\"wp-block-kadence-listitem kt-svg-icon-list-item-wrap kt-svg-icon-list-item-9841_00388c-ea\"><span class=\"kb-svg-icon-wrap kb-svg-icon-fas_arrow-right kt-svg-icon-list-single\"><svg viewbox=\"0 0 448 512\"  fill=\"currentColor\" xmlns=\"http:\/\/www.w3.org\/2000\/svg\"  aria-hidden=\"true\"><path d=\"M190.5 66.9l22.2-22.2c9.4-9.4 24.6-9.4 33.9 0L441 239c9.4 9.4 9.4 24.6 0 33.9L246.6 467.3c-9.4 9.4-24.6 9.4-33.9 0l-22.2-22.2c-9.5-9.5-9.3-25 .4-34.3L311.4 296H24c-13.3 0-24-10.7-24-24v-32c0-13.3 10.7-24 24-24h287.4L190.9 101.2c-9.8-9.3-10-24.8-.4-34.3z\"\/><\/svg><\/span><span class=\"kt-svg-icon-list-text\"><strong>Digital iscens\u00e4ttning:<\/strong> Skicka ett foto, f\u00e5 utrymmet f\u00f6rvandlat. Snabba v\u00e4ndningar f\u00f6r fastigheter, l\u00e4genheter, villor, kontor och kommersiella utrymmen som beh\u00f6ver visa sin potential nu. Med eller utan m\u00f6bler, i alla stilar.<\/span><\/li>\n\n\n\n<li class=\"wp-block-kadence-listitem kt-svg-icon-list-item-wrap kt-svg-icon-list-item-9841_d77fbd-61\"><span class=\"kb-svg-icon-wrap kb-svg-icon-fas_arrow-right kt-svg-icon-list-single\"><svg viewbox=\"0 0 448 512\"  fill=\"currentColor\" xmlns=\"http:\/\/www.w3.org\/2000\/svg\"  aria-hidden=\"true\"><path d=\"M190.5 66.9l22.2-22.2c9.4-9.4 24.6-9.4 33.9 0L441 239c9.4 9.4 9.4 24.6 0 33.9L246.6 467.3c-9.4 9.4-24.6 9.4-33.9 0l-22.2-22.2c-9.5-9.5-9.3-25 .4-34.3L311.4 296H24c-13.3 0-24-10.7-24-24v-32c0-13.3 10.7-24 24-24h287.4L190.9 101.2c-9.8-9.3-10-24.8-.4-34.3z\"\/><\/svg><\/span><span class=\"kt-svg-icon-list-text\"><strong>Visualization Studio:<\/strong> F\u00f6r projekt d\u00e4r bilden m\u00e5ste st\u00f6dja en transaktion, inte bara visa ett rum. Investeringsunderlag, f\u00f6rhandsf\u00f6rs\u00e4ljning, leasingpaket, f\u00f6r\u00f6ppning av hotell, lansering av varum\u00e4rken. Strategi f\u00f6re produktion.<\/span><\/li>\n\n\n\n<li class=\"wp-block-kadence-listitem kt-svg-icon-list-item-wrap kt-svg-icon-list-item-9841_11b993-42\"><span class=\"kb-svg-icon-wrap kb-svg-icon-fas_arrow-right kt-svg-icon-list-single\"><svg viewbox=\"0 0 448 512\"  fill=\"currentColor\" xmlns=\"http:\/\/www.w3.org\/2000\/svg\"  aria-hidden=\"true\"><path d=\"M190.5 66.9l22.2-22.2c9.4-9.4 24.6-9.4 33.9 0L441 239c9.4 9.4 9.4 24.6 0 33.9L246.6 467.3c-9.4 9.4-24.6 9.4-33.9 0l-22.2-22.2c-9.5-9.5-9.3-25 .4-34.3L311.4 296H24c-13.3 0-24-10.7-24-24v-32c0-13.3 10.7-24 24-24h287.4L190.9 101.2c-9.8-9.3-10-24.8-.4-34.3z\"\/><\/svg><\/span><span class=\"kt-svg-icon-list-text\"><strong>Bost\u00e4der och investeringar:<\/strong> L\u00e4genheter, villor, BTR portfolios och utvecklingsprojekt d\u00e4r den visuella kvaliteten direkt p\u00e5verkar f\u00f6rs\u00e4ljningspriset, hyresavkastningen eller investerarnas f\u00f6rtroende.<\/span><\/li>\n\n\n\n<li class=\"wp-block-kadence-listitem kt-svg-icon-list-item-wrap kt-svg-icon-list-item-9841_c11940-75\"><span class=\"kb-svg-icon-wrap kb-svg-icon-fas_arrow-right kt-svg-icon-list-single\"><svg viewbox=\"0 0 448 512\"  fill=\"currentColor\" xmlns=\"http:\/\/www.w3.org\/2000\/svg\"  aria-hidden=\"true\"><path d=\"M190.5 66.9l22.2-22.2c9.4-9.4 24.6-9.4 33.9 0L441 239c9.4 9.4 9.4 24.6 0 33.9L246.6 467.3c-9.4 9.4-24.6 9.4-33.9 0l-22.2-22.2c-9.5-9.5-9.3-25 .4-34.3L311.4 296H24c-13.3 0-24-10.7-24-24v-32c0-13.3 10.7-24 24-24h287.4L190.9 101.2c-9.8-9.3-10-24.8-.4-34.3z\"\/><\/svg><\/span><span class=\"kt-svg-icon-list-text\"><strong>Kommersiell verksamhet och hotellverksamhet:<\/strong> Hotell, restauranger, kontor, butiker och wellnessutrymmen d\u00e4r den framtida anv\u00e4ndningen m\u00e5ste vara klarlagd innan kontraktet undertecknas eller bokningen g\u00f6rs.<\/span><\/li>\n<\/ul><\/div>\n<\/div><\/div>\n\n<\/div><\/div>\n\n\n<div class=\"wp-block-cover alignfull is-light has-theme-5-color has-text-color has-link-color wp-elements-e4cfc60d54367f1866b5f156898085dd\" style=\"margin-top:0;padding-top:5vw;padding-right:5vw;padding-bottom:5vw;padding-left:5vw;min-height:314px;aspect-ratio:unset;\"><span aria-hidden=\"true\" class=\"wp-block-cover__background has-theme-1-background-color has-background-dim-100 has-background-dim\"><\/span><div class=\"wp-block-cover__inner-container is-layout-flow wp-block-cover-is-layout-flow\">\n<p class=\"has-text-align-center has-theme-5-color has-theme-1-background-color has-text-color has-background\" style=\"padding-top:var(--wp--preset--spacing--40);padding-right:0;padding-bottom:var(--wp--preset--spacing--40);padding-left:0;font-size:clamp(33.419px, 2.089rem + ((1vw - 3.2px) * 2.077), 60px);letter-spacing:0px;line-height:0.8;text-transform:capitalize\"><strong>Se vad ditt utrymme kan bli.<\/strong><\/p>\n\n\n\n<p class=\"has-text-align-center\" style=\"padding-top:var(--wp--preset--spacing--40);padding-bottom:var(--wp--preset--spacing--40)\">Levereras genom EOLOS DESIGN LAB <a href=\"https:\/\/eolos.es\/visualizacion\/\" target=\"_blank\" rel=\"noopener\"><strong>EOLOS Spanien<\/strong><\/a> \u00b7 <a href=\"https:\/\/eolos.se\/visualisering\/\" target=\"_blank\" rel=\"noopener\"><strong>EOLOS Sverige<\/strong><\/a><\/p>\n\n\n\n<div class=\"wp-block-buttons is-content-justification-center is-layout-flex wp-container-core-buttons-is-layout-a89b3969 wp-block-buttons-is-layout-flex\">\n<div class=\"wp-block-button\"><a class=\"wp-block-button__link has-theme-1-color has-theme-5-background-color has-text-color has-background wp-element-button\" href=\"https:\/\/eolos.es\/visualizacion\/\" style=\"border-radius:100px\" target=\"_blank\" rel=\"noopener\"><strong>EOLOS SPANIEN<\/strong><\/a><\/div>\n\n\n\n<div class=\"wp-block-button\"><a class=\"wp-block-button__link has-theme-1-color has-theme-5-background-color has-text-color has-background wp-element-button\" href=\"https:\/\/eolos.se\/visualisering\/\" style=\"border-radius:100px\" target=\"_blank\" rel=\"noopener\"><strong>EOLOS SVERIGE<\/strong><\/a><\/div>\n<\/div>\n\n\n<div class=\"kb-row-layout-wrap kb-row-layout-id9841_8672d6-a0 alignnone wp-block-kadence-rowlayout\"><div class=\"kt-row-column-wrap kt-has-3-columns kt-row-layout-center-half kt-tab-layout-inherit kt-mobile-layout-row kt-row-valign-top\">\n\n<div class=\"wp-block-kadence-column kadence-column9841_ce5847-9b\"><div class=\"kt-inside-inner-col\"><\/div><\/div>\n\n\n\n<div class=\"wp-block-kadence-column kadence-column9841_20672b-41\"><div class=\"kt-inside-inner-col\">\n<p class=\"has-text-align-center has-theme-5-color has-theme-1-background-color has-text-color has-background\" style=\"padding-top:var(--wp--preset--spacing--40);padding-right:0;padding-bottom:var(--wp--preset--spacing--40);padding-left:0;font-size:clamp(33.419px, 2.089rem + ((1vw - 3.2px) * 2.077), 60px);letter-spacing:0px;line-height:0.8;text-transform:capitalize\"><strong><strong>Fr\u00e5gor?<\/strong><\/strong><\/p>\n\n\n\n<p class=\"has-text-align-center has-theme-5-color has-theme-1-background-color has-text-color has-background\" style=\"padding-top:var(--wp--preset--spacing--40);padding-right:0;padding-bottom:var(--wp--preset--spacing--40);padding-left:0;font-size:clamp(15.197px, 0.95rem + ((1vw - 3.2px) * 0.61), 23px);letter-spacing:0px;line-height:1;text-transform:capitalize\"><strong>kontakta oss.<br>F\u00f6rsta konsultationen \u00e4r gratis. Vi svarar inom 24 timmar.<\/strong><\/p>\n\n\n<p><div class=\"forminator-ui forminator-custom-form forminator-custom-form-9620 forminator-design--material  forminator_ajax\" data-forminator-render=\"0\" data-form=\"forminator-module-9620\" data-uid=\"6a0488db6b1c2\"><br\/><\/div><form\r\n\t\t\t\tid=\"forminator-module-9620\"\r\n\t\t\t\tclass=\"forminator-ui forminator-custom-form forminator-custom-form-9620 forminator-design--material  forminator_ajax\"\r\n\t\t\t\tmethod=\"post\"\r\n\t\t\t\tdata-forminator-render=\"0\"\r\n\t\t\t\tdata-form-id=\"9620\"\r\n\t\t\t\t data-color-option=\"theme\" data-design=\"material\" data-grid=\"open\" style=\"display: none;\"\r\n\t\t\t\tdata-uid=\"6a0488db6b1c2\" action=\"\"\r\n\t\t\t><div role=\"alert\" aria-live=\"polite\" class=\"forminator-response-message forminator-error\" aria-hidden=\"true\"><\/div><div class=\"forminator-row\"><div id=\"name-1\" class=\"forminator-field-name forminator-col forminator-col-12\"><div class=\"forminator-field\"><label for=\"forminator-field-name-1_6a0488db6b1c2\" id=\"forminator-field-name-1_6a0488db6b1c2-label\" class=\"forminator-label\">Namn <span class=\"forminator-required\">*<\/span><\/label><input type=\"text\" name=\"name-1\" value=\"\" placeholder=\"\" id=\"forminator-field-name-1_6a0488db6b1c2\" class=\"forminator-input forminator-name--field\" aria-required=\"true\" autocomplete=\"name\" \/><\/div><\/div><\/div><div class=\"forminator-row\"><div id=\"email-1\" class=\"forminator-field-email forminator-col forminator-col-6\"><div class=\"forminator-field\"><label for=\"forminator-field-email-1_6a0488db6b1c2\" id=\"forminator-field-email-1_6a0488db6b1c2-label\" class=\"forminator-label\">E-post <span class=\"forminator-required\">*<\/span><\/label><input type=\"email\" name=\"email-1\" value=\"\" placeholder=\"\" id=\"forminator-field-email-1_6a0488db6b1c2\" class=\"forminator-input forminator-email--field\" data-required=\"true\" aria-required=\"true\" autocomplete=\"email\" \/><\/div><\/div><div id=\"phone-1\" class=\"forminator-field-phone forminator-col forminator-col-6\"><div class=\"forminator-field\"><label for=\"forminator-field-phone-1_6a0488db6b1c2\" id=\"forminator-field-phone-1_6a0488db6b1c2-label\" class=\"forminator-label\">Telefon<\/label><input type=\"text\" name=\"phone-1\" value=\"\" placeholder=\"\" id=\"forminator-field-phone-1_6a0488db6b1c2\" class=\"forminator-input forminator-field--phone\" data-required=\"\" aria-required=\"false\" autocomplete=\"off\" data-validation=\"1\" \/><\/div><\/div><\/div><div class=\"forminator-row\"><div id=\"text-1\" class=\"forminator-field-text forminator-col forminator-col-12\"><div class=\"forminator-field\"><label for=\"forminator-field-text-1_6a0488db6b1c2\" id=\"forminator-field-text-1_6a0488db6b1c2-label\" class=\"forminator-label\">Projektplats<\/label><input type=\"text\" name=\"text-1\" value=\"\" placeholder=\"\" id=\"forminator-field-text-1_6a0488db6b1c2\" class=\"forminator-input forminator-name--field\" data-required=\"\" \/><\/div><\/div><\/div><div class=\"forminator-row\"><div id=\"textarea-1\" class=\"forminator-field-textarea forminator-col forminator-col-12\"><div class=\"forminator-field\"><label for=\"forminator-field-textarea-1_6a0488db6b1c2\" id=\"forminator-field-textarea-1_6a0488db6b1c2-label\" class=\"forminator-label\">Ber\u00e4tta f\u00f6r oss om ditt projekt <span class=\"forminator-required\">*<\/span><\/label><textarea name=\"textarea-1\" placeholder=\"\" id=\"forminator-field-textarea-1_6a0488db6b1c2\" class=\"forminator-textarea\" rows=\"6\" style=\"--forminator-textarea-min-height:140px;\" ><\/textarea><\/div><\/div><\/div><div class=\"forminator-row\"><div id=\"consent-1\" class=\"forminator-field-consent forminator-col forminator-col-12\"><div class=\"forminator-field\"><label for=\"forminator-field-consent-1_6a0488db6b1c2\" id=\"forminator-field-consent-1_6a0488db6b1c2-label\" class=\"forminator-label\">Samtycke <span class=\"forminator-required\">*<\/span><\/label><div class=\"forminator-checkbox__wrapper\"><label id=\"forminator-field-consent-1_6a0488db6b1c2__label\" class=\"forminator-checkbox forminator-consent\"><input type=\"checkbox\" name=\"consent-1\" id=\"forminator-field-consent-1_6a0488db6b1c2\" value=\"checked\" aria-labelledby=\"forminator-field-consent-1_6a0488db6b1c2-label\" aria-describedby=\"forminator-field-consent-1_6a0488db6b1c2__description\" data-required=\"true\" aria-required=\"true\" \/><span class=\"forminator-checkbox-box\" aria-hidden=\"true\"><\/span><\/label><div id=\"forminator-field-consent-1_6a0488db6b1c2__description\" class=\"forminator-checkbox__label forminator-consent__label\"><p>Jag samtycker till <a class=\"underline underline underline-offset-2 decoration-1 decoration-current\/40 hover:decoration-current focus:decoration-current\" href=\"https:\/\/wolfblanc.com\/sv\/legal\/\">Integritetspolicy<\/a>. All information som delas behandlas konfidentiellt redan fr\u00e5n f\u00f6rsta kontakten.<\/p><\/div><\/div><\/div><\/div><\/div><div class=\"forminator-row\" style=\"margin: 0;\"><div id=\"captcha-1\" class=\"forminator-field-captcha  forminator-col-12\"><div class=\"forminator-captcha-left forminator-g-recaptcha recaptcha-invisible\" data-theme=\"light\" data-badge=\"bottomright\" data-sitekey=\"6LcY54csAAAAAALegveuieDoo37F7_h_up7F6slP\" data-size=\"invisible\"><\/div> <\/div><\/div><input type=\"hidden\" name=\"referer_url\" value=\"\" \/><div class=\"forminator-row forminator-row-last\"><div class=\"forminator-col\"><div class=\"forminator-field\"><button class=\"forminator-button forminator-button-submit\"><span>Skicka meddelande<\/span><span aria-hidden=\"true\"><\/span><\/button><\/div><\/div><\/div><input type=\"hidden\" id=\"forminator_nonce\" name=\"forminator_nonce\" value=\"64a2f89f24\" \/><input type=\"hidden\" name=\"_wp_http_referer\" value=\"\/sv\/wp-json\/wp\/v2\/pages\/9841\" \/><input type=\"hidden\" name=\"form_id\" value=\"9620\"><input type=\"hidden\" name=\"page_id\" value=\"9841\"><input type=\"hidden\" name=\"form_type\" value=\"default\"><input type=\"hidden\" name=\"current_url\" value=\"https:\/\/wolfblanc.com\/sv\/visualization\/\"><input type=\"hidden\" name=\"render_id\" value=\"0\"><input type=\"hidden\" name=\"action\" value=\"forminator_submit_form_custom-forms\"><input type=\"hidden\" name=\"trp-form-language\" value=\"sv\"\/><\/form><\/p>\n<\/div><\/div>\n\n\n\n<div class=\"wp-block-kadence-column kadence-column9841_8b7560-f5\"><div class=\"kt-inside-inner-col\"><\/div><\/div>\n\n<\/div><\/div><\/div><\/div>","protected":false},"excerpt":{"rendered":"<p>Visualization &amp; Digital Staging \u00b7 via EOLOS Design Lab The image decides whether someone clicks, books, rents, buys or invests. Wolfblanc&#8217;s visualization and digital staging services are delivered through EOLOS DESIGN LAB, our commercial design division. Architect-led visualization for properties, developments, hospitality venues, offices and retail spaces across Spain, Sweden and Greece. From quick staging [&hellip;]<\/p>\n","protected":false},"author":1,"featured_media":9909,"parent":0,"menu_order":0,"comment_status":"closed","ping_status":"closed","template":"","meta":{"iawp_total_views":4,"_vp_format_video_url":"","_vp_image_focal_point":[],"footnotes":""},"class_list":["post-9841","page","type-page","status-publish","has-post-thumbnail","hentry"],"_links":{"self":[{"href":"https:\/\/wolfblanc.com\/sv\/wp-json\/wp\/v2\/pages\/9841","targetHints":{"allow":["GET"]}}],"collection":[{"href":"https:\/\/wolfblanc.com\/sv\/wp-json\/wp\/v2\/pages"}],"about":[{"href":"https:\/\/wolfblanc.com\/sv\/wp-json\/wp\/v2\/types\/page"}],"author":[{"embeddable":true,"href":"https:\/\/wolfblanc.com\/sv\/wp-json\/wp\/v2\/users\/1"}],"replies":[{"embeddable":true,"href":"https:\/\/wolfblanc.com\/sv\/wp-json\/wp\/v2\/comments?post=9841"}],"version-history":[{"count":8,"href":"https:\/\/wolfblanc.com\/sv\/wp-json\/wp\/v2\/pages\/9841\/revisions"}],"predecessor-version":[{"id":9915,"href":"https:\/\/wolfblanc.com\/sv\/wp-json\/wp\/v2\/pages\/9841\/revisions\/9915"}],"wp:featuredmedia":[{"embeddable":true,"href":"https:\/\/wolfblanc.com\/sv\/wp-json\/wp\/v2\/media\/9909"}],"wp:attachment":[{"href":"https:\/\/wolfblanc.com\/sv\/wp-json\/wp\/v2\/media?parent=9841"}],"curies":[{"name":"wp","href":"https:\/\/api.w.org\/{rel}","templated":true}]}}