{"id":8383,"date":"2026-01-28T18:46:26","date_gmt":"2026-01-28T18:46:26","guid":{"rendered":"https:\/\/wolfblanc.com\/?page_id=8383"},"modified":"2026-02-02T11:50:55","modified_gmt":"2026-02-02T11:50:55","slug":"arquitecto-comercial-retail-madrid","status":"publish","type":"page","link":"https:\/\/wolfblanc.com\/sv\/arquitecto-comercial-retail-madrid\/","title":{"rendered":"Arkitekt f\u00f6r detaljhandel och kommersiella lokaler (Madrid)"},"content":{"rendered":"<figure class=\"wp-block-image size-full\"><noscript><img decoding=\"async\" type=\"image\/webp\" data-skip-lazy src=\"https:\/\/wolfblanc.com\/wp-content\/uploads\/2026\/01\/selva_9-scaled.jpeg\" alt=\"SELVA HOTELL\" class=\"wp-image-7925\"\/><\/noscript><img decoding=\"async\" type=\"image\/webp\" src=\"data:image\/svg+xml;base64,PHN2ZyB3aWR0aD0iMjU2MCIgaGVpZ2h0PSIxNzE3IiB2aWV3Qm94PSIwIDAgMjU2MCAxNzE3IiBmaWxsPSJub25lIiB4bWxucz0iaHR0cDovL3d3dy53My5vcmcvMjAwMC9zdmciPjwvc3ZnPg==\" alt=\"SELVA HOTELL\" class=\"wp-image-7925 vp-lazyload\" data-src=\"https:\/\/wolfblanc.com\/wp-content\/uploads\/2026\/01\/selva_9-scaled.jpeg\" data-sizes=\"auto\" loading=\"eager\"><\/figure>\n\n\n\n<p><strong>Om Wolfblanc<\/strong><br>Wolfblanc hj\u00e4lper varum\u00e4rken och investerare att f\u00f6rvandla kommersiella utrymmen till h\u00f6gpresterande tillg\u00e5ngar. Fr\u00e5n boutiquehotell till flaggskeppsbutiker i Salamanca och Centro, v\u00e5r kommersiella division expanderar. Vi letar efter en arkitekt som f\u00f6rst\u00e5r att kommersiell design handlar om ROI, varum\u00e4rkesidentitet och kundupplevelse.<\/p>\n\n\n\n<p><strong>Rollen<\/strong><br>Du kommer att leda design och licensiering (Declaraci\u00f3n Responsable \/ Licencias de Actividad) f\u00f6r v\u00e5ra kommersiella kunder. Den h\u00e4r rollen kr\u00e4ver snabbhet, precision och en djup f\u00f6rst\u00e5else f\u00f6r hur rymden p\u00e5verkar aff\u00e4rsresultat.<\/p>\n\n\n\n<p><strong>Du kommer att vara ansvarig f\u00f6r:<\/strong><\/p>\n\n\n\n<ul class=\"wp-block-list\">\n<li>Utformning av kommersiella interi\u00f6rer och fasader med stor genomslagskraft.<\/li>\n\n\n\n<li>Navigering genom de s\u00e4rskilda best\u00e4mmelserna f\u00f6r \u201cLocales de P\u00fablica Concurrencia\u201d i Madrid.<\/li>\n\n\n\n<li>Att skapa utrymmen som h\u00f6jer varum\u00e4rkesv\u00e4rdet f\u00f6r v\u00e5ra investeringspartners.<\/li>\n<\/ul>\n\n\n\n<p class=\"has-theme-5-color has-text-color has-link-color wp-elements-7d8219422abbf17ab51e5356ffe9b866\" style=\"text-decoration:underline\"><em><a href=\"https:\/\/wolfblanc.com\/sv\/?vp_filter=portfolio_category%3Acommercial\">Se v\u00e5ra kommersiella projekt h\u00e4r<\/a><\/em><\/p>\n\n\n\n<p><strong>Ans\u00f6k nedan:<\/strong><\/p>\n\n\n<p><div class=\"forminator-ui forminator-custom-form forminator-custom-form-1327 forminator-design--material  forminator_ajax\" data-forminator-render=\"0\" data-form=\"forminator-module-1327\" data-uid=\"69f3f5378d6f6\"><br\/><\/div><form\r\n\t\t\t\tid=\"forminator-module-1327\"\r\n\t\t\t\tclass=\"forminator-ui forminator-custom-form forminator-custom-form-1327 forminator-design--material  forminator_ajax\"\r\n\t\t\t\tmethod=\"post\"\r\n\t\t\t\tdata-forminator-render=\"0\"\r\n\t\t\t\tdata-form-id=\"1327\"\r\n\t\t\t\tenctype=\"multipart\/form-data\" data-color-option=\"theme\" data-design=\"material\" data-grid=\"open\" style=\"display: none;\"\r\n\t\t\t\tdata-uid=\"69f3f5378d6f6\" action=\"\"\r\n\t\t\t><div role=\"alert\" aria-live=\"polite\" class=\"forminator-response-message forminator-error\" aria-hidden=\"true\"><\/div><div class=\"forminator-row\"><div id=\"name-1\" class=\"forminator-field-name forminator-col forminator-col-12\"><div class=\"forminator-field\"><input type=\"text\" name=\"name-1\" value=\"\" placeholder=\"Namn &amp; efternamn*\" id=\"forminator-field-name-1_69f3f5378d6f6\" class=\"forminator-input forminator-name--field\" aria-required=\"true\" autocomplete=\"name\" \/><\/div><\/div><\/div><div class=\"forminator-row\"><div id=\"email-1\" class=\"forminator-field-email forminator-col forminator-col-6\"><div class=\"forminator-field\"><input type=\"email\" name=\"email-1\" value=\"\" placeholder=\"E-post*\" id=\"forminator-field-email-1_69f3f5378d6f6\" class=\"forminator-input forminator-email--field\" data-required=\"true\" aria-required=\"true\" autocomplete=\"email\" \/><\/div><\/div><div id=\"phone-1\" class=\"forminator-field-phone forminator-col forminator-col-6\"><div class=\"forminator-field\"><input type=\"text\" name=\"phone-1\" value=\"\" placeholder=\"Telefon\" id=\"forminator-field-phone-1_69f3f5378d6f6\" class=\"forminator-input forminator-field--phone\" data-required=\"\" aria-required=\"false\" autocomplete=\"off\" data-validation=\"1\" \/><\/div><\/div><\/div><div class=\"forminator-row\"><div id=\"text-1\" class=\"forminator-field-text forminator-col forminator-col-12\"><div class=\"forminator-field\"><input type=\"text\" name=\"text-1\" value=\"\" placeholder=\"Roll\" id=\"forminator-field-text-1_69f3f5378d6f6\" class=\"forminator-input forminator-name--field\" data-required=\"1\" \/><\/div><\/div><\/div><div class=\"forminator-row\"><div id=\"text-2\" class=\"forminator-field-text forminator-col forminator-col-12\"><div class=\"forminator-field\"><input type=\"text\" name=\"text-2\" value=\"\" placeholder=\"Plats*\" id=\"forminator-field-text-2_69f3f5378d6f6\" class=\"forminator-input forminator-name--field\" data-required=\"1\" \/><\/div><\/div><\/div><div class=\"forminator-row\"><div id=\"select-1\" class=\"forminator-field-select forminator-col forminator-col-12\"><div class=\"forminator-field\"><label for=\"forminator-form-1327__field--select-1_69f3f5378d6f6\" id=\"forminator-form-1327__field--select-1_69f3f5378d6f6-label\" class=\"forminator-label\">Hur h\u00f6rde du talas om oss? (Google, Instagram, LinkedIn,...)<\/label><select  id=\"forminator-form-1327__field--select-1_69f3f5378d6f6\" class=\"forminator-select--field forminator-select2 forminator-select2-multiple\" data-required=\"\" name=\"select-1\" data-default-value=\"\" data-hidden-behavior=\"zero\" data-placeholder=\"\" data-search=\"false\" data-search-placeholder=\"\" data-checkbox=\"false\" data-allow-clear=\"false\" aria-labelledby=\"forminator-form-1327__field--select-1_69f3f5378d6f6-label\"><option value=\"one\"  data-calculation=\"0\">Google-s\u00f6kning<\/option><option value=\"two\"  data-calculation=\"0\">Google Maps<\/option><option value=\"LinkedIn\"  data-calculation=\"0\">LinkedIn<\/option><option value=\"Instagram\"  data-calculation=\"0\">Instagram<\/option><option value=\"Other\"  data-calculation=\"0\">\u00d6vriga<\/option><\/select><\/div><\/div><\/div><div class=\"forminator-row\"><div id=\"textarea-1\" class=\"forminator-field-textarea forminator-col forminator-col-12\"><div class=\"forminator-field\"><textarea name=\"textarea-1\" placeholder=\"\" id=\"forminator-field-textarea-1_69f3f5378d6f6\" class=\"forminator-textarea\" rows=\"6\" style=\"--forminator-textarea-min-height:140px;\" aria-describedby=\"forminator-field-textarea-1_69f3f5378d6f6-description\" ><\/textarea><span id=\"forminator-field-textarea-1_69f3f5378d6f6-description\" class=\"forminator-description\">Meddelande<\/span><\/div><\/div><\/div><div class=\"forminator-row\"><div id=\"upload-1\" class=\"forminator-field-upload forminator-col forminator-col-12\"><div class=\"forminator-field\"><div class=\"forminator-multi-upload\" data-element=\"upload-1_69f3f5378d6f6\" aria-describedby=\"forminator-field-upload-1_69f3f5378d6f6-description\"><input type=\"file\" name=\"upload-1[]\" id=\"forminator-field-upload-1_69f3f5378d6f6\" class=\"forminator-input-file forminator-field-upload-1_69f3f5378d6f6-1327\" multiple=\"multiple\" data-method=\"ajax\" data-size=\"15000000\" data-size-message=\"Maximum file size allowed is 15 MB. \"><div class=\"forminator-multi-upload-message\" aria-hidden=\"true\"><span class=\"forminator-icon-upload\" aria-hidden=\"true\"><\/span><p>Dra och sl\u00e4pp (eller) <a class=\"forminator-upload-file--forminator-field-upload-1_69f3f5378d6f6\" href=\"#\" onclick=\"return false;\">V\u00e4lj filer<\/a><\/p><\/div><\/div><span id=\"forminator-field-upload-1_69f3f5378d6f6-description\" class=\"forminator-description\">Ladda upp filer (CV, Portfolio, etc. - upp till 15 MB)<\/span><ul class=\"forminator-uploaded-files upload-container-upload-1_69f3f5378d6f6\"><\/ul><\/div><\/div><\/div><div class=\"forminator-row\"><div id=\"consent-1\" class=\"forminator-field-consent forminator-col forminator-col-12\"><div class=\"forminator-field\"><label for=\"forminator-field-consent-1_69f3f5378d6f6\" id=\"forminator-field-consent-1_69f3f5378d6f6-label\" class=\"forminator-label\">Samtycke <span class=\"forminator-required\">*<\/span><\/label><div class=\"forminator-checkbox__wrapper\"><label id=\"forminator-field-consent-1_69f3f5378d6f6__label\" class=\"forminator-checkbox forminator-consent\"><input type=\"checkbox\" name=\"consent-1\" id=\"forminator-field-consent-1_69f3f5378d6f6\" value=\"checked\" aria-labelledby=\"forminator-field-consent-1_69f3f5378d6f6-label\" aria-describedby=\"forminator-field-consent-1_69f3f5378d6f6__description\" data-required=\"true\" aria-required=\"true\" \/><span class=\"forminator-checkbox-box\" aria-hidden=\"true\"><\/span><\/label><div id=\"forminator-field-consent-1_69f3f5378d6f6__description\" class=\"forminator-checkbox__label forminator-consent__label\"><p>Jag samtycker till <a class=\"underline underline underline-offset-2 decoration-1 decoration-current\/40 hover:decoration-current focus:decoration-current\" href=\"https:\/\/wolfblanc.com\/sv\/legal\/\">Integritetspolicy<\/a>.&nbsp;<\/p><\/div><\/div><\/div><\/div><\/div><div class=\"forminator-row\" style=\"margin: 0;\"><div id=\"captcha-1\" class=\"forminator-field-captcha  forminator-col-12\"><div class=\"forminator-captcha-left forminator-g-recaptcha recaptcha-invisible\" data-theme=\"light\" data-badge=\"bottomright\" data-sitekey=\"6LcY54csAAAAAALegveuieDoo37F7_h_up7F6slP\" data-size=\"invisible\"><\/div> <\/div><\/div><input type=\"hidden\" name=\"referer_url\" value=\"\" \/><div class=\"forminator-row forminator-row-last\"><div class=\"forminator-col\"><div class=\"forminator-field\"><button class=\"forminator-button forminator-button-submit\"><span>Skicka<\/span><span aria-hidden=\"true\"><\/span><\/button><\/div><\/div><\/div><input type=\"hidden\" id=\"forminator_nonce\" name=\"forminator_nonce\" value=\"9f7a4a79ff\" \/><input type=\"hidden\" name=\"_wp_http_referer\" value=\"\/sv\/wp-json\/wp\/v2\/pages\/8383\" \/><input type=\"hidden\" name=\"form_id\" value=\"1327\"><input type=\"hidden\" name=\"page_id\" value=\"8383\"><input type=\"hidden\" name=\"form_type\" value=\"default\"><input type=\"hidden\" name=\"current_url\" value=\"https:\/\/wolfblanc.com\/sv\/arquitecto-comercial-retail-madrid\/\"><input type=\"hidden\" name=\"render_id\" value=\"0\"><input type=\"hidden\" name=\"forminator-multifile-hidden\" class=\"forminator-multifile-hidden\"><input type=\"hidden\" name=\"action\" value=\"forminator_submit_form_custom-forms\"><input type=\"hidden\" name=\"trp-form-language\" value=\"sv\"\/><\/form><\/p>","protected":false},"excerpt":{"rendered":"<p>About WolfblancWolfblanc helps brands and investors transform commercial spaces into high-performance assets. From boutique hotels to flagship retail stores in Salamanca and Centro, our commercial division is expanding. We are looking for an architect who understands that commercial design is about ROI, brand identity, and customer experience. The RoleYou will lead the design and licensing [&hellip;]<\/p>\n","protected":false},"author":1,"featured_media":7925,"parent":0,"menu_order":0,"comment_status":"closed","ping_status":"closed","template":"","meta":{"iawp_total_views":60,"_vp_format_video_url":"","_vp_image_focal_point":[],"footnotes":""},"class_list":["post-8383","page","type-page","status-publish","has-post-thumbnail","hentry"],"_links":{"self":[{"href":"https:\/\/wolfblanc.com\/sv\/wp-json\/wp\/v2\/pages\/8383","targetHints":{"allow":["GET"]}}],"collection":[{"href":"https:\/\/wolfblanc.com\/sv\/wp-json\/wp\/v2\/pages"}],"about":[{"href":"https:\/\/wolfblanc.com\/sv\/wp-json\/wp\/v2\/types\/page"}],"author":[{"embeddable":true,"href":"https:\/\/wolfblanc.com\/sv\/wp-json\/wp\/v2\/users\/1"}],"replies":[{"embeddable":true,"href":"https:\/\/wolfblanc.com\/sv\/wp-json\/wp\/v2\/comments?post=8383"}],"version-history":[{"count":0,"href":"https:\/\/wolfblanc.com\/sv\/wp-json\/wp\/v2\/pages\/8383\/revisions"}],"wp:featuredmedia":[{"embeddable":true,"href":"https:\/\/wolfblanc.com\/sv\/wp-json\/wp\/v2\/media\/7925"}],"wp:attachment":[{"href":"https:\/\/wolfblanc.com\/sv\/wp-json\/wp\/v2\/media?parent=8383"}],"curies":[{"name":"wp","href":"https:\/\/api.w.org\/{rel}","templated":true}]}}