{"id":7585,"date":"2025-12-24T17:17:00","date_gmt":"2025-12-24T17:17:00","guid":{"rendered":"https:\/\/wolfblanc.com\/?page_id=7585"},"modified":"2026-02-02T11:51:08","modified_gmt":"2026-02-02T11:51:08","slug":"residential-architect-athens","status":"publish","type":"page","link":"https:\/\/wolfblanc.com\/sv\/residential-architect-athens\/","title":{"rendered":"Senior arkitekt och projektledare (Aten)"},"content":{"rendered":"<figure class=\"wp-block-image size-full\"><noscript><img decoding=\"async\" type=\"image\/webp\" data-skip-lazy src=\"https:\/\/wolfblanc.com\/wp-content\/uploads\/2024\/12\/k38_01-scaled.jpeg\" alt=\"\" class=\"wp-image-8120\"\/><\/noscript><img decoding=\"async\" type=\"image\/webp\" src=\"data:image\/svg+xml;base64,PHN2ZyB3aWR0aD0iMjU2MCIgaGVpZ2h0PSIxOTExIiB2aWV3Qm94PSIwIDAgMjU2MCAxOTExIiBmaWxsPSJub25lIiB4bWxucz0iaHR0cDovL3d3dy53My5vcmcvMjAwMC9zdmciPjwvc3ZnPg==\" alt class=\"wp-image-8120 vp-lazyload\" data-src=\"https:\/\/wolfblanc.com\/wp-content\/uploads\/2024\/12\/k38_01-scaled.jpeg\" data-sizes=\"auto\" loading=\"eager\"><\/figure>\n\n\n\n<p>Den grekiska marknaden blomstrar. Wolfblanc \u00e4r positionerat i framkanten av denna tillv\u00e4xt och betj\u00e4nar internationella investerare och hotellgrupper. Vi designar inte bara, vi hanterar \u00e4ven byggandet i Grekland f\u00f6r kunder som kr\u00e4ver internationella standarder f\u00f6r professionalism.<\/p>\n\n\n\n<p><strong>Rollen<\/strong><br>Vi s\u00f6ker en senior arkitekt som kan navigera i komplexiteten i grekisk byggnation och samtidigt leverera design i v\u00e4rldsklass. Du kommer att \u00f6vervaka projekt som str\u00e4cker sig fr\u00e5n boutiquehotellkoncept i Kykladerna till renoveringar av h\u00f6gavkastande bost\u00e4der i Aten.<\/p>\n\n\n\n<p><strong>Du kommer att vara ansvarig f\u00f6r:<\/strong><\/p>\n\n\n\n<ul class=\"wp-block-list\">\n<li>Designledarskap f\u00f6r lyxiga semesterbost\u00e4der och hotellrenoveringar.<\/li>\n\n\n\n<li>Projektledning: Att vara \u201c\u00f6gon och \u00f6ron\u201d p\u00e5 plats f\u00f6r internationella kunder och se till att tidsramarna h\u00e5lls.<\/li>\n\n\n\n<li>Navigering i lokala zonindelningslagar och samordning med ingenj\u00f6rer f\u00f6r att maximera investeringsv\u00e4rdet.<\/li>\n<\/ul>\n\n\n\n<p><strong>Krav som st\u00e4lls:<\/strong><\/p>\n\n\n\n<p>Beh\u00e4rskar engelska och grekiska flytande.<br><\/p>\n\n\n\n<p>Erfarenhet av hotell- och restaurangbranschen eller exklusiva bostadsomr\u00e5den.<\/p>\n\n\n\n<p>F\u00f6rm\u00e5ga att hantera lokala entrepren\u00f6rer och kvalitetskontroll.<\/p>\n\n\n\n<p><strong>Ans\u00f6k nedan:<\/strong><\/p>\n\n\n<p><div class=\"forminator-ui forminator-custom-form forminator-custom-form-1327 forminator-design--material  forminator_ajax\" data-forminator-render=\"0\" data-form=\"forminator-module-1327\" data-uid=\"6a048944b41a8\"><br\/><\/div><form\r\n\t\t\t\tid=\"forminator-module-1327\"\r\n\t\t\t\tclass=\"forminator-ui forminator-custom-form forminator-custom-form-1327 forminator-design--material  forminator_ajax\"\r\n\t\t\t\tmethod=\"post\"\r\n\t\t\t\tdata-forminator-render=\"0\"\r\n\t\t\t\tdata-form-id=\"1327\"\r\n\t\t\t\tenctype=\"multipart\/form-data\" data-color-option=\"theme\" data-design=\"material\" data-grid=\"open\" style=\"display: none;\"\r\n\t\t\t\tdata-uid=\"6a048944b41a8\" action=\"\"\r\n\t\t\t><div role=\"alert\" aria-live=\"polite\" class=\"forminator-response-message forminator-error\" aria-hidden=\"true\"><\/div><div class=\"forminator-row\"><div id=\"name-1\" class=\"forminator-field-name forminator-col forminator-col-12\"><div class=\"forminator-field\"><label for=\"forminator-field-name-1_6a048944b41a8\" id=\"forminator-field-name-1_6a048944b41a8-label\" class=\"forminator-label\">Namn &amp; efternamn <span class=\"forminator-required\">*<\/span><\/label><input type=\"text\" name=\"name-1\" value=\"\" placeholder=\"\" id=\"forminator-field-name-1_6a048944b41a8\" class=\"forminator-input forminator-name--field\" aria-required=\"true\" autocomplete=\"name\" \/><\/div><\/div><\/div><div class=\"forminator-row\"><div id=\"email-1\" class=\"forminator-field-email forminator-col forminator-col-6\"><div class=\"forminator-field\"><label for=\"forminator-field-email-1_6a048944b41a8\" id=\"forminator-field-email-1_6a048944b41a8-label\" class=\"forminator-label\">E-post <span class=\"forminator-required\">*<\/span><\/label><input type=\"email\" name=\"email-1\" value=\"\" placeholder=\"\" id=\"forminator-field-email-1_6a048944b41a8\" class=\"forminator-input forminator-email--field\" data-required=\"true\" aria-required=\"true\" autocomplete=\"email\" \/><\/div><\/div><div id=\"phone-1\" class=\"forminator-field-phone forminator-col forminator-col-6\"><div class=\"forminator-field\"><label for=\"forminator-field-phone-1_6a048944b41a8\" id=\"forminator-field-phone-1_6a048944b41a8-label\" class=\"forminator-label\">Telefon<\/label><input type=\"text\" name=\"phone-1\" value=\"\" placeholder=\"\" id=\"forminator-field-phone-1_6a048944b41a8\" class=\"forminator-input forminator-field--phone\" data-required=\"\" aria-required=\"false\" autocomplete=\"off\" data-validation=\"1\" \/><\/div><\/div><\/div><div class=\"forminator-row\"><div id=\"text-1\" class=\"forminator-field-text forminator-col forminator-col-12\"><div class=\"forminator-field\"><label for=\"forminator-field-text-1_6a048944b41a8\" id=\"forminator-field-text-1_6a048944b41a8-label\" class=\"forminator-label\">Roll <span class=\"forminator-required\">*<\/span><\/label><input type=\"text\" name=\"text-1\" value=\"\" placeholder=\"\" id=\"forminator-field-text-1_6a048944b41a8\" class=\"forminator-input forminator-name--field\" data-required=\"1\" \/><\/div><\/div><\/div><div class=\"forminator-row\"><div id=\"text-2\" class=\"forminator-field-text forminator-col forminator-col-12\"><div class=\"forminator-field\"><label for=\"forminator-field-text-2_6a048944b41a8\" id=\"forminator-field-text-2_6a048944b41a8-label\" class=\"forminator-label\">Plats <span class=\"forminator-required\">*<\/span><\/label><input type=\"text\" name=\"text-2\" value=\"\" placeholder=\"\" id=\"forminator-field-text-2_6a048944b41a8\" class=\"forminator-input forminator-name--field\" data-required=\"1\" \/><\/div><\/div><\/div><div class=\"forminator-row\"><div id=\"select-1\" class=\"forminator-field-select forminator-col forminator-col-12\"><div class=\"forminator-field\"><label for=\"forminator-form-1327__field--select-1_6a048944b41a8\" id=\"forminator-form-1327__field--select-1_6a048944b41a8-label\" class=\"forminator-label\">Hur h\u00f6rde du talas om oss? (Google, Instagram, LinkedIn,...)<\/label><select  id=\"forminator-form-1327__field--select-1_6a048944b41a8\" class=\"forminator-select--field forminator-select2 forminator-select2-multiple\" data-required=\"\" name=\"select-1\" data-default-value=\"\" data-hidden-behavior=\"zero\" data-placeholder=\"\" data-search=\"false\" data-search-placeholder=\"\" data-checkbox=\"false\" data-allow-clear=\"false\" aria-labelledby=\"forminator-form-1327__field--select-1_6a048944b41a8-label\"><option value=\"one\"  data-calculation=\"0\">Google-s\u00f6kning<\/option><option value=\"two\"  data-calculation=\"0\">Google Maps<\/option><option value=\"LinkedIn\"  data-calculation=\"0\">LinkedIn<\/option><option value=\"Instagram\"  data-calculation=\"0\">Instagram<\/option><option value=\"Other\"  data-calculation=\"0\">\u00d6vriga<\/option><\/select><\/div><\/div><\/div><div class=\"forminator-row\"><div id=\"textarea-1\" class=\"forminator-field-textarea forminator-col forminator-col-12\"><div class=\"forminator-field\"><label for=\"forminator-field-textarea-1_6a048944b41a8\" id=\"forminator-field-textarea-1_6a048944b41a8-label\" class=\"forminator-label\">Meddelande<\/label><textarea name=\"textarea-1\" placeholder=\"\" id=\"forminator-field-textarea-1_6a048944b41a8\" class=\"forminator-textarea\" rows=\"6\" style=\"--forminator-textarea-min-height:140px;\" ><\/textarea><\/div><\/div><\/div><div class=\"forminator-row\"><div id=\"upload-1\" class=\"forminator-field-upload forminator-col forminator-col-12\"><div class=\"forminator-field\"><label for=\"forminator-field-upload-1_6a048944b41a8\" id=\"forminator-field-upload-1_6a048944b41a8-label\" class=\"forminator-label\">Ladda upp filer (CV, Portfolio, etc. - upp till 15 MB)<\/label><div class=\"forminator-multi-upload\" data-element=\"upload-1_6a048944b41a8\"><input type=\"file\" name=\"upload-1[]\" id=\"forminator-field-upload-1_6a048944b41a8\" class=\"forminator-input-file forminator-field-upload-1_6a048944b41a8-1327\" multiple=\"multiple\" data-method=\"ajax\" data-size=\"15000000\" data-size-message=\"Maximum file size allowed is 15 MB. \"><div class=\"forminator-multi-upload-message\" aria-hidden=\"true\"><span class=\"forminator-icon-upload\" aria-hidden=\"true\"><\/span><p>Dra och sl\u00e4pp (eller) <a class=\"forminator-upload-file--forminator-field-upload-1_6a048944b41a8\" href=\"#\" onclick=\"return false;\">V\u00e4lj filer<\/a><\/p><\/div><\/div><ul class=\"forminator-uploaded-files upload-container-upload-1_6a048944b41a8\"><\/ul><\/div><\/div><\/div><div class=\"forminator-row\"><div id=\"consent-1\" class=\"forminator-field-consent forminator-col forminator-col-12\"><div class=\"forminator-field\"><label for=\"forminator-field-consent-1_6a048944b41a8\" id=\"forminator-field-consent-1_6a048944b41a8-label\" class=\"forminator-label\">Samtycke <span class=\"forminator-required\">*<\/span><\/label><div class=\"forminator-checkbox__wrapper\"><label id=\"forminator-field-consent-1_6a048944b41a8__label\" class=\"forminator-checkbox forminator-consent\"><input type=\"checkbox\" name=\"consent-1\" id=\"forminator-field-consent-1_6a048944b41a8\" value=\"checked\" aria-labelledby=\"forminator-field-consent-1_6a048944b41a8-label\" aria-describedby=\"forminator-field-consent-1_6a048944b41a8__description\" data-required=\"true\" aria-required=\"true\" \/><span class=\"forminator-checkbox-box\" aria-hidden=\"true\"><\/span><\/label><div id=\"forminator-field-consent-1_6a048944b41a8__description\" class=\"forminator-checkbox__label forminator-consent__label\"><p>Jag samtycker till <a class=\"underline underline underline-offset-2 decoration-1 decoration-current\/40 hover:decoration-current focus:decoration-current\" href=\"https:\/\/wolfblanc.com\/sv\/legal\/\">Integritetspolicy<\/a>.&nbsp;<\/p><\/div><\/div><\/div><\/div><\/div><div class=\"forminator-row\" style=\"margin: 0;\"><div id=\"captcha-1\" class=\"forminator-field-captcha  forminator-col-12\"><div class=\"forminator-captcha-left forminator-g-recaptcha recaptcha-invisible\" data-theme=\"light\" data-badge=\"bottomright\" data-sitekey=\"6LcY54csAAAAAALegveuieDoo37F7_h_up7F6slP\" data-size=\"invisible\"><\/div> <\/div><\/div><input type=\"hidden\" name=\"referer_url\" value=\"\" \/><div class=\"forminator-row forminator-row-last\"><div class=\"forminator-col\"><div class=\"forminator-field\"><button class=\"forminator-button forminator-button-submit\"><span>Skicka<\/span><span aria-hidden=\"true\"><\/span><\/button><\/div><\/div><\/div><input type=\"hidden\" id=\"forminator_nonce\" name=\"forminator_nonce\" value=\"d86d3e41f4\" \/><input type=\"hidden\" name=\"_wp_http_referer\" value=\"\/sv\/wp-json\/wp\/v2\/pages\/7585\" \/><input type=\"hidden\" name=\"form_id\" value=\"1327\"><input type=\"hidden\" name=\"page_id\" value=\"7585\"><input type=\"hidden\" name=\"form_type\" value=\"default\"><input type=\"hidden\" name=\"current_url\" value=\"https:\/\/wolfblanc.com\/sv\/residential-architect-athens\/\"><input type=\"hidden\" name=\"render_id\" value=\"0\"><input type=\"hidden\" name=\"forminator-multifile-hidden\" class=\"forminator-multifile-hidden\"><input type=\"hidden\" name=\"action\" value=\"forminator_submit_form_custom-forms\"><input type=\"hidden\" name=\"trp-form-language\" value=\"sv\"\/><\/form><\/p>","protected":false},"excerpt":{"rendered":"<p>The Greek market is booming. Wolfblanc is positioned at the forefront of this growth, servicing international investors and hospitality groups. We do not just design; we manage the reality of construction in Greece for clients who demand international standards of professionalism. The RoleWe are seeking a&nbsp;Senior Architect&nbsp;capable of navigating the complexities of Greek construction while [&hellip;]<\/p>\n","protected":false},"author":1,"featured_media":8120,"parent":0,"menu_order":0,"comment_status":"closed","ping_status":"closed","template":"","meta":{"iawp_total_views":70,"_vp_format_video_url":"","_vp_image_focal_point":[],"footnotes":""},"class_list":["post-7585","page","type-page","status-publish","has-post-thumbnail","hentry"],"_links":{"self":[{"href":"https:\/\/wolfblanc.com\/sv\/wp-json\/wp\/v2\/pages\/7585","targetHints":{"allow":["GET"]}}],"collection":[{"href":"https:\/\/wolfblanc.com\/sv\/wp-json\/wp\/v2\/pages"}],"about":[{"href":"https:\/\/wolfblanc.com\/sv\/wp-json\/wp\/v2\/types\/page"}],"author":[{"embeddable":true,"href":"https:\/\/wolfblanc.com\/sv\/wp-json\/wp\/v2\/users\/1"}],"replies":[{"embeddable":true,"href":"https:\/\/wolfblanc.com\/sv\/wp-json\/wp\/v2\/comments?post=7585"}],"version-history":[{"count":0,"href":"https:\/\/wolfblanc.com\/sv\/wp-json\/wp\/v2\/pages\/7585\/revisions"}],"wp:featuredmedia":[{"embeddable":true,"href":"https:\/\/wolfblanc.com\/sv\/wp-json\/wp\/v2\/media\/8120"}],"wp:attachment":[{"href":"https:\/\/wolfblanc.com\/sv\/wp-json\/wp\/v2\/media?parent=7585"}],"curies":[{"name":"wp","href":"https:\/\/api.w.org\/{rel}","templated":true}]}}