{"id":6847,"date":"2025-10-08T14:06:13","date_gmt":"2025-10-08T14:06:13","guid":{"rendered":"https:\/\/wolfblanc.com\/?page_id=6847"},"modified":"2026-01-29T10:20:18","modified_gmt":"2026-01-29T10:20:18","slug":"expertise","status":"publish","type":"page","link":"https:\/\/wolfblanc.com\/sv\/expertise\/","title":{"rendered":"Expertis"},"content":{"rendered":"<div class=\"wp-block-columns is-layout-flex wp-container-core-columns-is-layout-28f84493 wp-block-columns-is-layout-flex\">\n<div class=\"wp-block-column is-layout-flow wp-block-column-is-layout-flow\">\n<p class=\"has-text-align-center\">Wolfblanc \u00e4r en fullservice arkitekt- och designstudio som arbetar i olika skalor och med olika typer av projekt.<br>Vi leder projekt fr\u00e5n id\u00e9 till f\u00e4rdigst\u00e4llande eller ansluter oss just d\u00e4r v\u00e5r expertis tillf\u00f6r mest v\u00e4rde.<\/p>\n\n\n\n<div class=\"wp-block-kadence-spacer aligncenter kt-block-spacer-6847_24671b-b1\"><div class=\"kt-block-spacer kt-block-spacer-halign-center\"><hr class=\"kt-divider\"\/><\/div><\/div>\n<\/div>\n<\/div>\n\n\n\n<div class=\"wp-block-columns alignfull is-layout-flex wp-container-core-columns-is-layout-5a67ddcc wp-block-columns-is-layout-flex\" style=\"margin-bottom:0;padding-right:var(--wp--preset--spacing--50);padding-left:var(--wp--preset--spacing--50)\">\n<div class=\"wp-block-column has-text-color has-background has-link-color wp-elements-fb3de76681bc942a7ea8d1233e33e877 is-layout-flow wp-block-column-is-layout-flow\" style=\"color:#000000;background-color:#f4f4f4;padding-top:0em;padding-right:0em;padding-bottom:0em;padding-left:0em\">\n<figure class=\"wp-block-video\"><video height=\"480\" style=\"aspect-ratio: 854 \/ 480;\" width=\"854\" autoplay loop muted poster=\"https:\/\/wolfblanc.com\/wp-content\/uploads\/2026\/01\/EXPERTISE-ARCHITECTURE-Medium-mov-image.jpg\" src=\"https:\/\/wolfblanc.com\/wp-content\/uploads\/2026\/01\/EXPERTISE-ARCHITECTURE-Medium-1.mov\" playsinline class=\"lws-optimize-lazyload\"><\/video><\/figure>\n\n\n\n<h2 class=\"wp-block-heading\" id=\"single\" style=\"padding-top:0;padding-right:var(--wp--preset--spacing--40);padding-bottom:0;padding-left:var(--wp--preset--spacing--40);font-size:clamp(18.959px, 1.185rem + ((1vw - 3.2px) * 0.863), 30px);\"><strong>Arkitektur &amp; Landskap<\/strong><\/h2>\n\n\n\n<p class=\"has-small-font-size\" style=\"padding-top:0;padding-right:var(--wp--preset--spacing--40);padding-bottom:var(--wp--preset--spacing--40);padding-left:var(--wp--preset--spacing--40)\">Vi utformar byggnader och deras milj\u00f6er som ett integrerat system.<br>Fr\u00e5n koncept till f\u00e4rdigst\u00e4llande balanserar v\u00e5rt arbete rumslig klarhet, milj\u00f6anpassning och byggbarhet - och formar arkitektur som fungerar p\u00e5 sin plats, i sitt klimat och i sitt sammanhang.<\/p>\n<\/div>\n\n\n\n<div class=\"wp-block-column has-text-color has-background has-link-color wp-elements-029b073d903c0872607f2e379eacc76d is-layout-flow wp-block-column-is-layout-flow\" style=\"color:#000000;background-color:#f4f4f4;padding-top:0em;padding-right:0em;padding-bottom:0em;padding-left:0em\">\n<figure class=\"wp-block-video\"><video height=\"480\" style=\"aspect-ratio: 854 \/ 480;\" width=\"854\" autoplay loop muted poster=\"https:\/\/wolfblanc.com\/wp-content\/uploads\/2026\/01\/EXPERTISE-RESIDENTIAL-2-Medium-mov-image.jpg\" src=\"https:\/\/wolfblanc.com\/wp-content\/uploads\/2026\/01\/EXPERTISE-RESIDENTIAL-2-Medium.mov\" playsinline class=\"lws-optimize-lazyload\"><\/video><\/figure>\n\n\n\n<h2 class=\"wp-block-heading\" id=\"single\" style=\"padding-right:var(--wp--preset--spacing--40);padding-left:var(--wp--preset--spacing--40);font-size:clamp(18.959px, 1.185rem + ((1vw - 3.2px) * 0.863), 30px);\"><strong>Interi\u00f6rer f\u00f6r bost\u00e4der<\/strong><\/h2>\n\n\n\n<p class=\"has-small-font-size\" style=\"padding-right:var(--wp--preset--spacing--40);padding-bottom:var(--wp--preset--spacing--40);padding-left:var(--wp--preset--spacing--40)\">Vi designar inredningsmilj\u00f6er som fungerar och k\u00e4nns r\u00e4tt.<br>Varje utrymme \u00e4r anpassat f\u00f6r daglig anv\u00e4ndning, med fokus p\u00e5 ljus, material och atmosf\u00e4r. V\u00e5ra interi\u00f6rer kombinerar tydlighet, komfort och effektivitet - och balanserar den m\u00e4nskliga upplevelsen med m\u00e4tbar funktionalitet.<\/p>\n<\/div>\n\n\n\n<div class=\"wp-block-column has-text-color has-background has-link-color wp-elements-8155ca8689a0682e5989befb9c64c403 is-layout-flow wp-block-column-is-layout-flow\" style=\"color:#000000;background-color:#f4f4f4;padding-top:0em;padding-right:0em;padding-bottom:0em;padding-left:0em\">\n<figure class=\"wp-block-video\"><video height=\"480\" style=\"aspect-ratio: 854 \/ 480;\" width=\"854\" autoplay loop muted poster=\"https:\/\/wolfblanc.com\/wp-content\/uploads\/2026\/01\/EXPERTISE-COMMERCIAL-Medium-mov-image.jpg\" src=\"https:\/\/wolfblanc.com\/wp-content\/uploads\/2026\/01\/EXPERTISE-COMMERCIAL-Medium.mov\" playsinline class=\"lws-optimize-lazyload\"><\/video><\/figure>\n\n\n\n<h2 class=\"wp-block-heading\" id=\"single\" style=\"padding-right:var(--wp--preset--spacing--40);padding-left:var(--wp--preset--spacing--40);font-size:clamp(18.959px, 1.185rem + ((1vw - 3.2px) * 0.863), 30px);\"><strong>Kommersiell strategi och interi\u00f6rer<\/strong><\/h2>\n\n\n\n<p class=\"has-small-font-size\" style=\"padding-right:var(--wp--preset--spacing--40);padding-bottom:var(--wp--preset--spacing--40);padding-left:var(--wp--preset--spacing--40)\">Vi designar h\u00f6gpresterande milj\u00f6er f\u00f6r varum\u00e4rken och investerare. Fr\u00e5n flexibla arbetsytor och lokaler f\u00f6r hotell och restauranger till uppslukande showrooms och detaljhandelskoncept - v\u00e5r specialiserade division&nbsp;<strong>EOLOS DESIGN LAB<\/strong>&nbsp;skapar kommersiella interi\u00f6rer som f\u00f6renar varum\u00e4rkesidentitet med operativ effektivitet. <\/p>\n<\/div>\n<\/div>\n\n\n\n<div class=\"wp-block-columns alignfull is-layout-flex wp-container-core-columns-is-layout-5a67ddcc wp-block-columns-is-layout-flex\" style=\"margin-bottom:0;padding-right:var(--wp--preset--spacing--50);padding-left:var(--wp--preset--spacing--50)\">\n<div class=\"wp-block-column has-text-color has-background has-link-color wp-elements-4595434cb58490ac2dabd424d8e2f52e is-layout-flow wp-block-column-is-layout-flow\" style=\"color:#000000;background-color:#f4f4f4;padding-top:0em;padding-right:0em;padding-bottom:0em;padding-left:0em\">\n<figure class=\"wp-block-video\"><video height=\"480\" style=\"aspect-ratio: 854 \/ 480;\" width=\"854\" autoplay loop muted poster=\"https:\/\/wolfblanc.com\/wp-content\/uploads\/2026\/01\/EXPERTISE-PM-Medium-mov-image.jpg\" src=\"https:\/\/wolfblanc.com\/wp-content\/uploads\/2026\/01\/EXPERTISE-PM-Medium.mov\" playsinline class=\"lws-optimize-lazyload\"><\/video><\/figure>\n\n\n\n<h2 class=\"wp-block-heading\" id=\"single\" style=\"padding-right:var(--wp--preset--spacing--40);padding-left:var(--wp--preset--spacing--40);font-size:clamp(18.959px, 1.185rem + ((1vw - 3.2px) * 0.863), 30px);\"><strong>Projektledning<\/strong><\/h2>\n\n\n\n<p class=\"has-small-font-size\" style=\"padding-right:var(--wp--preset--spacing--40);padding-bottom:var(--wp--preset--spacing--40);padding-left:var(--wp--preset--spacing--40)\">Vi leder projekt med stark samordning, tydlig kommunikation och integrerade BIM-arbetsfl\u00f6den - f\u00f6r att s\u00e4kerst\u00e4lla struktur, effektivitet och kvalitet fr\u00e5n id\u00e9 till f\u00e4rdigst\u00e4llande.<\/p>\n<\/div>\n\n\n\n<div class=\"wp-block-column has-text-color has-background has-link-color wp-elements-84dffa5a56af5ebf22dce236b3ae4845 is-layout-flow wp-block-column-is-layout-flow\" style=\"color:#000000;background-color:#f4f4f4;padding-top:0em;padding-right:0em;padding-bottom:0em;padding-left:0em\">\n<figure class=\"wp-block-video\"><video height=\"480\" style=\"aspect-ratio: 854 \/ 480;\" width=\"854\" autoplay loop muted poster=\"https:\/\/wolfblanc.com\/wp-content\/uploads\/2026\/01\/EXPERTISE-WELL-AP-Medium-mov-image.jpg\" src=\"https:\/\/wolfblanc.com\/wp-content\/uploads\/2026\/01\/EXPERTISE-WELL-AP-Medium.mov\" playsinline class=\"lws-optimize-lazyload\"><\/video><\/figure>\n\n\n\n<h2 class=\"wp-block-heading\" id=\"single\" style=\"padding-right:var(--wp--preset--spacing--40);padding-left:var(--wp--preset--spacing--40);font-size:clamp(18.959px, 1.185rem + ((1vw - 3.2px) * 0.863), 30px);\"><strong>Konsultverksamhet inom v\u00e4lbefinnande<\/strong><\/h2>\n\n\n\n<p class=\"has-small-font-size\" style=\"padding-right:var(--wp--preset--spacing--40);padding-bottom:var(--wp--preset--spacing--40);padding-left:var(--wp--preset--spacing--40)\">Vi designar f\u00f6r m\u00e4nniskors prestanda och h\u00e4lsa.<br>Som WELL AP-konsulter m\u00e4ter och optimerar vi luft, ljus, akustik och komfort - och ser till att varje projekt st\u00f6der fysiskt och psykiskt v\u00e4lbefinnande genom evidensbaserad design.<\/p>\n<\/div>\n\n\n\n<div class=\"wp-block-column has-text-color has-background has-link-color wp-elements-a38a399e76c6808f7fbbdfe0123a18b0 is-layout-flow wp-block-column-is-layout-flow\" style=\"color:#000000;background-color:#f4f4f4;padding-top:0em;padding-right:0em;padding-bottom:0em;padding-left:0em\">\n<figure class=\"wp-block-video\"><video height=\"480\" style=\"aspect-ratio: 854 \/ 480;\" width=\"854\" autoplay loop muted poster=\"https:\/\/wolfblanc.com\/wp-content\/uploads\/2026\/01\/EXPERTISE-BIM-Medium-mov-image.jpg\" src=\"https:\/\/wolfblanc.com\/wp-content\/uploads\/2026\/01\/EXPERTISE-BIM-Medium.mov\" playsinline class=\"lws-optimize-lazyload\"><\/video><\/figure>\n\n\n\n<h2 class=\"wp-block-heading\" id=\"single\" style=\"padding-right:var(--wp--preset--spacing--40);padding-left:var(--wp--preset--spacing--40);font-size:clamp(18.959px, 1.185rem + ((1vw - 3.2px) * 0.863), 30px);\"><strong>BIM-r\u00e5dgivning<\/strong><\/h2>\n\n\n\n<p class=\"has-small-font-size\" style=\"padding-right:var(--wp--preset--spacing--40);padding-bottom:var(--wp--preset--spacing--40);padding-left:var(--wp--preset--spacing--40)\">Digital precision i varje steg.<br>Med l\u00e5ng erfarenhet som BIM-ledare effektiviserar vi samordningen, minskar riskerna och f\u00f6rb\u00e4ttrar samarbetet mellan olika discipliner - och omvandlar designdata till ett verktyg f\u00f6r smartare beslut och effektiv leverans.<\/p>\n<\/div>\n<\/div>\n\n\n\n<div class=\"wp-block-kadence-spacer alignfull kt-block-spacer-6847_2a3ab3-3e\"><div class=\"kt-block-spacer kt-block-spacer-halign-center\"><hr class=\"kt-divider\"\/><\/div><\/div>\n\n\n\n<div class=\"wp-block-cover alignfull is-light has-theme-1-color has-text-color has-link-color wp-elements-392e2a040c0e67d09cd4e0eae8adb9ea\" style=\"margin-top:0;padding-top:5vw;padding-right:5vw;padding-bottom:5vw;padding-left:5vw;min-height:314px;aspect-ratio:unset;\"><span aria-hidden=\"true\" class=\"wp-block-cover__background has-theme-5-background-color has-background-dim-100 has-background-dim\"><\/span><div class=\"wp-block-cover__inner-container is-layout-flow wp-block-cover-is-layout-flow\">\n<div class=\"wp-block-group is-layout-flex wp-container-core-group-is-layout-d0921e6e wp-block-group-is-layout-flex\">\n<div class=\"wp-block-group wp-container-content-9cfa9a5a is-layout-flow wp-container-core-group-is-layout-d6743c7d wp-block-group-is-layout-flow\">\n<p class=\"has-text-align-center has-theme-1-color has-theme-5-background-color has-text-color has-background\" style=\"padding-top:var(--wp--preset--spacing--40);padding-right:0;padding-bottom:var(--wp--preset--spacing--40);padding-left:0;font-size:clamp(33.419px, 2.089rem + ((1vw - 3.2px) * 2.077), 60px);letter-spacing:0px;line-height:0.8;text-transform:capitalize\"><strong>Boka en kostnadsfri konsultation<\/strong><\/p>\n\n\n\n<p class=\"has-text-align-center has-medium-font-size\" style=\"padding-top:var(--wp--preset--spacing--40);padding-bottom:var(--wp--preset--spacing--40)\">Kunderna kan anlita Wolfblanc f\u00f6r enskilda tj\u00e4nster - eller anf\u00f6rtro oss en helhetsl\u00f6sning.<\/p>\n\n\n\n<div class=\"wp-block-buttons is-content-justification-center is-layout-flex wp-container-core-buttons-is-layout-a89b3969 wp-block-buttons-is-layout-flex\">\n<div class=\"wp-block-button\"><a class=\"wp-block-button__link has-theme-5-color has-theme-1-background-color has-text-color has-background has-link-color wp-element-button\" href=\"https:\/\/wolfblanc.com\/sv\/contact\/\" style=\"border-radius:100px\"><strong>Kontakta oss<\/strong><\/a><\/div>\n<\/div>\n<\/div>\n<\/div>\n<\/div><\/div>","protected":false},"excerpt":{"rendered":"<p>Wolfblanc is a full-service architecture and design studio working across scales and types.We guide projects from concept to completion or join precisely where our expertise adds the most value. Architecture &amp; Landscape We design buildings and their environments as one integrated system.From concept to completion, our work balances spatial clarity, environmental response, and buildability \u2014 [&hellip;]<\/p>\n","protected":false},"author":1,"featured_media":7819,"parent":0,"menu_order":0,"comment_status":"closed","ping_status":"closed","template":"","meta":{"iawp_total_views":336,"_vp_format_video_url":"","_vp_image_focal_point":[],"footnotes":""},"class_list":["post-6847","page","type-page","status-publish","has-post-thumbnail","hentry"],"_links":{"self":[{"href":"https:\/\/wolfblanc.com\/sv\/wp-json\/wp\/v2\/pages\/6847","targetHints":{"allow":["GET"]}}],"collection":[{"href":"https:\/\/wolfblanc.com\/sv\/wp-json\/wp\/v2\/pages"}],"about":[{"href":"https:\/\/wolfblanc.com\/sv\/wp-json\/wp\/v2\/types\/page"}],"author":[{"embeddable":true,"href":"https:\/\/wolfblanc.com\/sv\/wp-json\/wp\/v2\/users\/1"}],"replies":[{"embeddable":true,"href":"https:\/\/wolfblanc.com\/sv\/wp-json\/wp\/v2\/comments?post=6847"}],"version-history":[{"count":0,"href":"https:\/\/wolfblanc.com\/sv\/wp-json\/wp\/v2\/pages\/6847\/revisions"}],"wp:featuredmedia":[{"embeddable":true,"href":"https:\/\/wolfblanc.com\/sv\/wp-json\/wp\/v2\/media\/7819"}],"wp:attachment":[{"href":"https:\/\/wolfblanc.com\/sv\/wp-json\/wp\/v2\/media?parent=6847"}],"curies":[{"name":"wp","href":"https:\/\/api.w.org\/{rel}","templated":true}]}}