{"id":6847,"date":"2025-10-08T14:06:13","date_gmt":"2025-10-08T14:06:13","guid":{"rendered":"https:\/\/wolfblanc.com\/?page_id=6847"},"modified":"2026-05-11T21:04:41","modified_gmt":"2026-05-11T21:04:41","slug":"expertise","status":"publish","type":"page","link":"https:\/\/wolfblanc.com\/nl\/expertise\/","title":{"rendered":"Diensten"},"content":{"rendered":"<div class=\"wp-block-columns is-layout-flex wp-container-core-columns-is-layout-28f84493 wp-block-columns-is-layout-flex\">\n<div class=\"wp-block-column is-layout-flow wp-block-column-is-layout-flow\">\n<p class=\"has-text-align-center\">Wolfblanc is een full-service architectuur- en ontwerpstudio die op verschillende schalen en soorten werkt.<br>Wij begeleiden projecten van concept tot voltooiing of sluiten ons juist daar aan waar onze expertise de meeste waarde toevoegt.<\/p>\n\n\n\n<div class=\"wp-block-kadence-spacer aligncenter kt-block-spacer-6847_c00cd5-6b\"><div class=\"kt-block-spacer kt-block-spacer-halign-center\"><hr class=\"kt-divider\"\/><\/div><\/div>\n<\/div>\n<\/div>\n\n\n\n<div class=\"wp-block-columns alignfull is-layout-flex wp-container-core-columns-is-layout-5a67ddcc wp-block-columns-is-layout-flex\" style=\"margin-bottom:0;padding-right:var(--wp--preset--spacing--50);padding-left:var(--wp--preset--spacing--50)\">\n<div class=\"wp-block-column has-text-color has-background has-link-color wp-elements-9a84783bc2253065cbd5bcd043b4d62a is-layout-flow wp-block-column-is-layout-flow\" style=\"color:#000000;background-color:#f4f4f4;padding-top:0em;padding-right:0em;padding-bottom:0em;padding-left:0em\">\n<figure class=\"wp-block-video\"><video height=\"540\" style=\"aspect-ratio: 960 \/ 540;\" width=\"960\" autoplay loop muted poster=\"https:\/\/wolfblanc.com\/wp-content\/uploads\/2026\/05\/EXPERTISE-Pre-Acquisition-Technical-Due-Diligence-Large-mov-image.jpg\" src=\"https:\/\/wolfblanc.com\/wp-content\/uploads\/2026\/05\/EXPERTISE-Pre-Acquisition-Technical-Due-Diligence-Large.mov\" playsinline class=\"lws-optimize-lazyload\"><\/video><\/figure>\n\n\n\n<h2 class=\"wp-block-heading\" id=\"single\" style=\"padding-right:var(--wp--preset--spacing--40);padding-left:var(--wp--preset--spacing--40);font-size:clamp(18.959px, 1.185rem + ((1vw - 3.2px) * 0.863), 30px);\"><strong>Technische due diligence v\u00f3\u00f3r de overname<\/strong><\/h2>\n\n\n\n<p class=\"has-small-font-size\" style=\"padding-right:var(--wp--preset--spacing--40);padding-bottom:var(--wp--preset--spacing--40);padding-left:var(--wp--preset--spacing--40)\">Wij helpen kopers, investeerders en family offices om een vastgoedobject te begrijpen voordat ze een verbintenis aangaan. Wij beoordelen ruimtelijk potentieel, planningsrisico's, technische beperkingen, renovatiemogelijkheden en mogelijkheden om waarde te cre\u00ebren, zodat er duidelijke beslissingen kunnen worden genomen.<br><br><a href=\"https:\/\/wolfblanc.com\/nl\/pre-acquisition-technical-due-diligence-for-property-buyers\/\" data-type=\"page\" data-id=\"9830\">Zie service<\/a> &gt;<\/p>\n<\/div>\n\n\n\n<div class=\"wp-block-column has-text-color has-background has-link-color wp-elements-2c989ba4479a32510b590afbf80fac7d is-layout-flow wp-block-column-is-layout-flow\" style=\"color:#000000;background-color:#f4f4f4;padding-top:0em;padding-right:0em;padding-bottom:0em;padding-left:0em\">\n<figure class=\"wp-block-video\"><video height=\"480\" style=\"aspect-ratio: 854 \/ 480;\" width=\"854\" autoplay loop muted poster=\"https:\/\/wolfblanc.com\/wp-content\/uploads\/2026\/01\/EXPERTISE-ARCHITECTURE-Medium-mov-image.jpg\" src=\"https:\/\/wolfblanc.com\/wp-content\/uploads\/2026\/01\/EXPERTISE-ARCHITECTURE-Medium-1.mov\" playsinline class=\"lws-optimize-lazyload\"><\/video><\/figure>\n\n\n\n<h2 class=\"wp-block-heading\" id=\"single\" style=\"padding-top:0;padding-right:var(--wp--preset--spacing--40);padding-bottom:0;padding-left:var(--wp--preset--spacing--40);font-size:clamp(18.959px, 1.185rem + ((1vw - 3.2px) * 0.863), 30px);\"><strong>Architectuur &amp; Landschap<\/strong><\/h2>\n\n\n\n<p class=\"has-small-font-size\" style=\"padding-top:0;padding-right:var(--wp--preset--spacing--40);padding-bottom:var(--wp--preset--spacing--40);padding-left:var(--wp--preset--spacing--40)\">Wij ontwerpen gebouwen en hun omgeving als \u00e9\u00e9n ge\u00efntegreerd systeem.<br>Van concept tot voltooiing brengt ons werk ruimtelijke helderheid, milieuvriendelijkheid en bouwbaarheid in evenwicht - door architectuur te ontwerpen die presteert binnen de locatie, het klimaat en de context.<br><br><a href=\"https:\/\/wolfblanc.com\/nl\/architecture-landscape\/\">Zie service<\/a> &gt;<\/p>\n<\/div>\n\n\n\n<div class=\"wp-block-column has-text-color has-background has-link-color wp-elements-4d49301aa3f0d30ff5d66684372a814d is-layout-flow wp-block-column-is-layout-flow\" style=\"color:#000000;background-color:#f4f4f4;padding-top:0em;padding-right:0em;padding-bottom:0em;padding-left:0em\">\n<figure class=\"wp-block-video\"><video height=\"480\" style=\"aspect-ratio: 854 \/ 480;\" width=\"854\" autoplay loop muted poster=\"https:\/\/wolfblanc.com\/wp-content\/uploads\/2026\/01\/EXPERTISE-PM-Medium-mov-image.jpg\" src=\"https:\/\/wolfblanc.com\/wp-content\/uploads\/2026\/01\/EXPERTISE-PM-Medium.mov\" playsinline class=\"lws-optimize-lazyload\"><\/video><\/figure>\n\n\n\n<h2 class=\"wp-block-heading\" id=\"single\" style=\"padding-right:var(--wp--preset--spacing--40);padding-left:var(--wp--preset--spacing--40);font-size:clamp(18.959px, 1.185rem + ((1vw - 3.2px) * 0.863), 30px);\"><strong>Projectbeheer<\/strong> <strong>\/<\/strong> <br><strong>Nieuwbouw \/ totale renovatie<\/strong><\/h2>\n\n\n\n<p class=\"has-small-font-size\" style=\"padding-right:var(--wp--preset--spacing--40);padding-bottom:var(--wp--preset--spacing--40);padding-left:var(--wp--preset--spacing--40)\">Wij leiden projecten met een sterke co\u00f6rdinatie, duidelijke communicatie en ge\u00efntegreerde BIM-workflows - en zorgen zo voor structuur, effici\u00ebntie en kwaliteit van concept tot voltooiing.<br><br><a href=\"https:\/\/wolfblanc.com\/nl\/project-management\/\">Zie service<\/a> &gt;<\/p>\n<\/div>\n<\/div>\n\n\n\n<div class=\"wp-block-columns alignfull is-layout-flex wp-container-core-columns-is-layout-5a67ddcc wp-block-columns-is-layout-flex\" style=\"margin-bottom:0;padding-right:var(--wp--preset--spacing--50);padding-left:var(--wp--preset--spacing--50)\">\n<div class=\"wp-block-column has-text-color has-background has-link-color wp-elements-c9c0d66822fc0c34dd4888862302f566 is-layout-flow wp-block-column-is-layout-flow\" style=\"color:#000000;background-color:#f4f4f4;padding-top:0em;padding-right:0em;padding-bottom:0em;padding-left:0em\">\n<figure class=\"wp-block-video\"><video height=\"480\" style=\"aspect-ratio: 854 \/ 480;\" width=\"854\" autoplay loop muted poster=\"https:\/\/wolfblanc.com\/wp-content\/uploads\/2026\/01\/EXPERTISE-RESIDENTIAL-2-Medium-mov-image.jpg\" src=\"https:\/\/wolfblanc.com\/wp-content\/uploads\/2026\/01\/EXPERTISE-RESIDENTIAL-2-Medium.mov\" playsinline class=\"lws-optimize-lazyload\"><\/video><\/figure>\n\n\n\n<h2 class=\"wp-block-heading\" id=\"single\" style=\"padding-right:var(--wp--preset--spacing--40);padding-left:var(--wp--preset--spacing--40);font-size:clamp(18.959px, 1.185rem + ((1vw - 3.2px) * 0.863), 30px);\"><strong>Wooninterieurs<\/strong><\/h2>\n\n\n\n<p class=\"has-small-font-size\" style=\"padding-right:var(--wp--preset--spacing--40);padding-bottom:var(--wp--preset--spacing--40);padding-left:var(--wp--preset--spacing--40)\">Wij ontwerpen interieurobjecten die werken en goed aanvoelen.<br>Elke ruimte is afgestemd op dagelijks gebruik, met aandacht voor licht, materiaal en sfeer. Onze interieurs combineren helderheid, comfort en effici\u00ebntie - en brengen menselijke ervaring in balans met meetbare functionaliteit.<br><br><a href=\"https:\/\/wolfblanc.com\/nl\/residential-interiors\/\">Zie service<\/a> &gt;<\/p>\n<\/div>\n\n\n\n<div class=\"wp-block-column has-text-color has-background has-link-color wp-elements-9c23388f145bbdb86ca53ed0868ddd67 is-layout-flow wp-block-column-is-layout-flow\" style=\"color:#000000;background-color:#f4f4f4;padding-top:0em;padding-right:0em;padding-bottom:0em;padding-left:0em\">\n<figure class=\"wp-block-video\"><video height=\"480\" style=\"aspect-ratio: 854 \/ 480;\" width=\"854\" autoplay loop muted poster=\"https:\/\/wolfblanc.com\/wp-content\/uploads\/2026\/01\/EXPERTISE-COMMERCIAL-Medium-mov-image.jpg\" src=\"https:\/\/wolfblanc.com\/wp-content\/uploads\/2026\/01\/EXPERTISE-COMMERCIAL-Medium.mov\" playsinline class=\"lws-optimize-lazyload\"><\/video><\/figure>\n\n\n\n<h2 class=\"wp-block-heading\" id=\"single\" style=\"padding-right:var(--wp--preset--spacing--40);padding-left:var(--wp--preset--spacing--40);font-size:clamp(18.959px, 1.185rem + ((1vw - 3.2px) * 0.863), 30px);\"><strong>Commerci\u00eble strategie &amp; interieur<\/strong><\/h2>\n\n\n\n<p class=\"has-small-font-size\" style=\"padding-right:var(--wp--preset--spacing--40);padding-bottom:var(--wp--preset--spacing--40);padding-left:var(--wp--preset--spacing--40)\">Wij ontwerpen hoogwaardige omgevingen voor merken en investeerders. Van flexibele werkruimtes en horecagelegenheden tot meeslepende showrooms en winkelconcepten, onze gespecialiseerde afdeling&nbsp;<strong>EOLOS DESIGN LAB<\/strong>&nbsp;cre\u00ebert commerci\u00eble interieurs die merkidentiteit en operationele effici\u00ebntie op elkaar afstemmen.<br><br><a href=\"https:\/\/eolos.es\/\" target=\"_blank\" rel=\"noopener\">EOLOS SPANJE<\/a> - <a href=\"https:\/\/eolos.se\/\" target=\"_blank\" rel=\"noopener\">EOLOS ZWEDEN<\/a> - <a href=\"https:\/\/wolfblanc.com\/nl\/eolos-greece\/\" data-type=\"page\" data-id=\"9481\">EOLOS GRIEKENLAND<\/a><\/p>\n<\/div>\n\n\n\n<div class=\"wp-block-column has-text-color has-background has-link-color wp-elements-15a771302f1ef7b21b09fe70f862c784 is-layout-flow wp-block-column-is-layout-flow\" style=\"color:#000000;background-color:#f4f4f4;padding-top:0em;padding-right:0em;padding-bottom:0em;padding-left:0em\">\n<figure class=\"wp-block-video\"><video height=\"540\" style=\"aspect-ratio: 960 \/ 540;\" width=\"960\" autoplay loop muted poster=\"https:\/\/wolfblanc.com\/wp-content\/uploads\/2026\/05\/EXPERTISE-Urban-Design-Masterplanning-mov-image.jpg\" src=\"https:\/\/wolfblanc.com\/wp-content\/uploads\/2026\/05\/EXPERTISE-Urban-Design-Masterplanning.mov\" playsinline class=\"lws-optimize-lazyload\"><\/video><\/figure>\n\n\n\n<h2 class=\"wp-block-heading\" id=\"single\" style=\"padding-top:0;padding-right:var(--wp--preset--spacing--40);padding-bottom:0;padding-left:var(--wp--preset--spacing--40);font-size:clamp(18.959px, 1.185rem + ((1vw - 3.2px) * 0.863), 30px);\"><strong>Stedelijk ontwerp en masterplanning<\/strong><\/h2>\n\n\n\n<p class=\"has-small-font-size\" style=\"padding-right:var(--wp--preset--spacing--40);padding-bottom:var(--wp--preset--spacing--40);padding-left:var(--wp--preset--spacing--40)\">Wij plannen locaties, wijken en openbare omgevingen met een duidelijke ruimtelijke strategie. Van vroege haalbaarheid tot masterplannen en concepten voor de openbare ruimte, ons werk verbindt dichtheid, beweging, landschap en waarde op lange termijn.<br><br><a href=\"https:\/\/wolfblanc.com\/nl\/urban-design-masterplanning\/\" data-type=\"page\" data-id=\"9840\">Zie service<\/a> &gt;<\/p>\n<\/div>\n<\/div>\n\n\n\n<div class=\"wp-block-columns alignfull is-layout-flex wp-container-core-columns-is-layout-5a67ddcc wp-block-columns-is-layout-flex\" style=\"margin-bottom:0;padding-right:var(--wp--preset--spacing--50);padding-left:var(--wp--preset--spacing--50)\">\n<div class=\"wp-block-column has-text-color has-background has-link-color wp-elements-4d4ffb7847b2330468f9059b5e3e0264 is-layout-flow wp-block-column-is-layout-flow\" style=\"color:#000000;background-color:#f4f4f4;padding-top:0em;padding-right:0em;padding-bottom:0em;padding-left:0em\">\n<figure class=\"wp-block-video\"><video height=\"480\" style=\"aspect-ratio: 854 \/ 480;\" width=\"854\" autoplay loop muted poster=\"https:\/\/wolfblanc.com\/wp-content\/uploads\/2026\/01\/EXPERTISE-BIM-Medium-mov-image.jpg\" src=\"https:\/\/wolfblanc.com\/wp-content\/uploads\/2026\/01\/EXPERTISE-BIM-Medium.mov\" playsinline class=\"lws-optimize-lazyload\"><\/video><\/figure>\n\n\n\n<h2 class=\"wp-block-heading\" id=\"single\" style=\"padding-right:var(--wp--preset--spacing--40);padding-left:var(--wp--preset--spacing--40);font-size:clamp(18.959px, 1.185rem + ((1vw - 3.2px) * 0.863), 30px);\"><strong>BIM Advies<\/strong><\/h2>\n\n\n\n<p class=\"has-small-font-size\" style=\"padding-right:var(--wp--preset--spacing--40);padding-bottom:var(--wp--preset--spacing--40);padding-left:var(--wp--preset--spacing--40)\">Digitale precisie in elke fase.<br>Met onze uitgebreide ervaring als BIM-managers stroomlijnen we de co\u00f6rdinatie, verminderen we de risico's en verbeteren we de samenwerking tussen disciplines, zodat ontwerpgegevens een hulpmiddel worden om slimmere beslissingen te nemen en effici\u00ebnt op te leveren.<br><br><a href=\"https:\/\/wolfblanc.com\/nl\/bim-consultancy\/\">Zie service<\/a> &gt;<\/p>\n<\/div>\n\n\n\n<div class=\"wp-block-column has-text-color has-background has-link-color wp-elements-6cf1bacedcafe5f270d41d4f78f7afeb is-layout-flow wp-block-column-is-layout-flow\" style=\"color:#000000;background-color:#f4f4f4;padding-top:0em;padding-right:0em;padding-bottom:0em;padding-left:0em\">\n<figure class=\"wp-block-video\"><video height=\"480\" style=\"aspect-ratio: 854 \/ 480;\" width=\"854\" autoplay loop muted poster=\"https:\/\/wolfblanc.com\/wp-content\/uploads\/2026\/01\/EXPERTISE-WELL-AP-Medium-mov-image.jpg\" src=\"https:\/\/wolfblanc.com\/wp-content\/uploads\/2026\/01\/EXPERTISE-WELL-AP-Medium.mov\" playsinline class=\"lws-optimize-lazyload\"><\/video><\/figure>\n\n\n\n<h2 class=\"wp-block-heading\" id=\"single\" style=\"padding-right:var(--wp--preset--spacing--40);padding-left:var(--wp--preset--spacing--40);font-size:clamp(18.959px, 1.185rem + ((1vw - 3.2px) * 0.863), 30px);\"><strong>Advies over welzijn<\/strong><\/h2>\n\n\n\n<p class=\"has-small-font-size\" style=\"padding-right:var(--wp--preset--spacing--40);padding-bottom:var(--wp--preset--spacing--40);padding-left:var(--wp--preset--spacing--40)\">Wij ontwerpen voor menselijke prestaties en gezondheid.<br>Als WELL AP consultants meten en optimaliseren wij lucht, licht, akoestiek en comfort - zodat elk project het fysieke en mentale welzijn ondersteunt door middel van een op bewijs gebaseerd ontwerp.<br><br><a href=\"https:\/\/wolfblanc.com\/nl\/well-being-consultancy\/\">Zie service<\/a> &gt;<\/p>\n<\/div>\n\n\n\n<div class=\"wp-block-column has-text-color has-background has-link-color wp-elements-827091936acbd4db90d10e454458b370 is-layout-flow wp-block-column-is-layout-flow\" style=\"color:#000000;background-color:#f4f4f4;padding-top:0em;padding-right:0em;padding-bottom:0em;padding-left:0em\">\n<figure class=\"wp-block-video\"><video height=\"540\" style=\"aspect-ratio: 960 \/ 540;\" width=\"960\" autoplay loop muted poster=\"https:\/\/wolfblanc.com\/wp-content\/uploads\/2026\/05\/EXPERTISE-Architectural-Visualization-mov-image.jpg\" src=\"https:\/\/wolfblanc.com\/wp-content\/uploads\/2026\/05\/EXPERTISE-Architectural-Visualization.mov\" playsinline class=\"lws-optimize-lazyload\"><\/video><\/figure>\n\n\n\n<h2 class=\"wp-block-heading\" id=\"single\" style=\"padding-right:var(--wp--preset--spacing--40);padding-left:var(--wp--preset--spacing--40);font-size:clamp(18.959px, 1.185rem + ((1vw - 3.2px) * 0.863), 30px);\"><strong>Architectuur visualisatie<\/strong><\/h2>\n\n\n\n<p class=\"has-small-font-size\" style=\"padding-right:var(--wp--preset--spacing--40);padding-bottom:var(--wp--preset--spacing--40);padding-left:var(--wp--preset--spacing--40)\">Wij zetten ontwerpidee\u00ebn om in duidelijk visueel materiaal voor beslissingen, vergunningen, verkoop en communicatie met investeerders. Van stilstaande beelden en conceptstudies tot animaties en ensceneringen, visualisatie helpt klanten de waarde te begrijpen voordat de bouw begint.<br><br><a href=\"https:\/\/wolfblanc.com\/nl\/visualization\/\" data-type=\"page\" data-id=\"9841\">Zie service<\/a> &gt;<\/p>\n<\/div>\n<\/div>\n\n\n\n<div class=\"wp-block-kadence-spacer alignfull kt-block-spacer-6847_c6eeee-2a\"><div class=\"kt-block-spacer kt-block-spacer-halign-center\"><hr class=\"kt-divider\"\/><\/div><\/div>\n\n\n\n<div class=\"wp-block-cover alignfull is-light has-theme-1-color has-text-color has-link-color wp-elements-392e2a040c0e67d09cd4e0eae8adb9ea\" style=\"margin-top:0;padding-top:5vw;padding-right:5vw;padding-bottom:5vw;padding-left:5vw;min-height:314px;aspect-ratio:unset;\"><span aria-hidden=\"true\" class=\"wp-block-cover__background has-theme-5-background-color has-background-dim-100 has-background-dim\"><\/span><div class=\"wp-block-cover__inner-container is-layout-flow wp-block-cover-is-layout-flow\">\n<div class=\"wp-block-group is-layout-flex wp-container-core-group-is-layout-d0921e6e wp-block-group-is-layout-flex\">\n<div class=\"wp-block-group wp-container-content-9cfa9a5a is-layout-flow wp-container-core-group-is-layout-d6743c7d wp-block-group-is-layout-flow\">\n<p class=\"has-text-align-center has-theme-1-color has-theme-5-background-color has-text-color has-background\" style=\"padding-top:var(--wp--preset--spacing--40);padding-right:0;padding-bottom:var(--wp--preset--spacing--40);padding-left:0;font-size:clamp(33.419px, 2.089rem + ((1vw - 3.2px) * 2.077), 60px);letter-spacing:0px;line-height:0.8;text-transform:capitalize\"><strong>Boek een gratis consultatie<\/strong><\/p>\n\n\n\n<p class=\"has-text-align-center has-medium-font-size\" style=\"padding-top:var(--wp--preset--spacing--40);padding-bottom:var(--wp--preset--spacing--40)\">Klanten kunnen Wolfblanc inschakelen voor afzonderlijke diensten - of ons de volledige levering toevertrouwen.<\/p>\n\n\n\n<div class=\"wp-block-buttons is-content-justification-center is-layout-flex wp-container-core-buttons-is-layout-a89b3969 wp-block-buttons-is-layout-flex\">\n<div class=\"wp-block-button\"><a class=\"wp-block-button__link has-theme-5-color has-theme-1-background-color has-text-color has-background has-link-color wp-element-button\" href=\"https:\/\/wolfblanc.com\/nl\/contact\/\" style=\"border-radius:100px\"><strong>Neem contact met ons op<\/strong><\/a><\/div>\n<\/div>\n<\/div>\n<\/div>\n<\/div><\/div>","protected":false},"excerpt":{"rendered":"<p>Wolfblanc is a full-service architecture and design studio working across scales and types.We guide projects from concept to completion or join precisely where our expertise adds the most value. Pre-Acquisition Technical Due Diligence We help buyers, investors, and family offices understand a property before committing. We assess spatial potential, planning risk, technical constraints, renovation scope, [&hellip;]<\/p>\n","protected":false},"author":1,"featured_media":7819,"parent":0,"menu_order":0,"comment_status":"closed","ping_status":"closed","template":"","meta":{"iawp_total_views":431,"_vp_format_video_url":"","_vp_image_focal_point":[],"footnotes":""},"class_list":["post-6847","page","type-page","status-publish","has-post-thumbnail","hentry"],"_links":{"self":[{"href":"https:\/\/wolfblanc.com\/nl\/wp-json\/wp\/v2\/pages\/6847","targetHints":{"allow":["GET"]}}],"collection":[{"href":"https:\/\/wolfblanc.com\/nl\/wp-json\/wp\/v2\/pages"}],"about":[{"href":"https:\/\/wolfblanc.com\/nl\/wp-json\/wp\/v2\/types\/page"}],"author":[{"embeddable":true,"href":"https:\/\/wolfblanc.com\/nl\/wp-json\/wp\/v2\/users\/1"}],"replies":[{"embeddable":true,"href":"https:\/\/wolfblanc.com\/nl\/wp-json\/wp\/v2\/comments?post=6847"}],"version-history":[{"count":3,"href":"https:\/\/wolfblanc.com\/nl\/wp-json\/wp\/v2\/pages\/6847\/revisions"}],"predecessor-version":[{"id":9886,"href":"https:\/\/wolfblanc.com\/nl\/wp-json\/wp\/v2\/pages\/6847\/revisions\/9886"}],"wp:featuredmedia":[{"embeddable":true,"href":"https:\/\/wolfblanc.com\/nl\/wp-json\/wp\/v2\/media\/7819"}],"wp:attachment":[{"href":"https:\/\/wolfblanc.com\/nl\/wp-json\/wp\/v2\/media?parent=6847"}],"curies":[{"name":"wp","href":"https:\/\/api.w.org\/{rel}","templated":true}]}}