{"id":9845,"date":"2026-05-11T15:51:57","date_gmt":"2026-05-11T15:51:57","guid":{"rendered":"https:\/\/wolfblanc.com\/?page_id=9845"},"modified":"2026-05-11T16:17:44","modified_gmt":"2026-05-11T16:17:44","slug":"faq","status":"publish","type":"page","link":"https:\/\/wolfblanc.com\/fr\/faq\/","title":{"rendered":"FAQ"},"content":{"rendered":"<div class=\"kb-row-layout-wrap kb-row-layout-id9845_2109c5-4f alignfull has-theme-palette9-background-color kt-row-has-bg wp-block-kadence-rowlayout\"><div class=\"kt-row-column-wrap kt-has-1-columns kt-row-layout-equal kt-tab-layout-inherit kt-mobile-layout-row kt-row-valign-top kb-theme-content-width\">\n\n<div class=\"wp-block-kadence-column kadence-column9845_3c9b5f-a9\"><div class=\"kt-inside-inner-col\">\n<div class=\"kt-adv-heading9845_4ed218-bb kt-adv-heading-faq_tag-01 wp-block-kadence-advancedheading has-theme-5-color has-text-color\" data-kb-block=\"kb-adv-heading9845_4ed218-bb\"><strong>FAQ<\/strong><\/div>\n\n\n\n<h1 class=\"kt-adv-heading9845_1594b4-5c kt-adv-heading-faq_h1-01 wp-block-kadence-advancedheading has-theme-palette-3-color has-text-color\" data-kb-block=\"kb-adv-heading9845_1594b4-5c\">Questions fr\u00e9quemment pos\u00e9es<\/h1>\n\n\n\n<p class=\"kt-adv-heading9845_7e78c7-a9 kt-adv-heading-faq_intro-01 wp-block-kadence-advancedheading has-theme-palette-4-color has-text-color\" data-kb-block=\"kb-adv-heading9845_7e78c7-a9\">R\u00e9ponses sp\u00e9cifiques sur le travail avec Wolfblanc en Su\u00e8de, en Espagne et en Gr\u00e8ce.<\/p>\n<\/div><\/div>\n\n<\/div><\/div>\n\n<div class=\"kb-row-layout-wrap kb-row-layout-id9845_0f2a42-68 alignfull has-theme-palette9-background-color kt-row-has-bg wp-block-kadence-rowlayout\"><div class=\"kt-row-column-wrap kt-has-1-columns kt-row-layout-equal kt-tab-layout-inherit kt-mobile-layout-row kt-row-valign-top kb-theme-content-width\">\n\n<div class=\"wp-block-kadence-column kadence-column9845_db76c1-6b\"><div class=\"kt-inside-inner-col\">\n<div class=\"wp-block-kadence-accordion alignnone\"><div class=\"kt-accordion-wrap kt-accordion-id9845_3f168f-7d kt-accordion-has-2-panes kt-active-pane-0 kt-accordion-block kt-pane-header-alignment-left kt-accodion-icon-style-arrow kt-accodion-icon-side-right\" style=\"max-width:none\"><div class=\"kt-accordion-inner-wrap\" data-allow-multiple-open=\"false\" data-start-open=\"0\">\n<div class=\"wp-block-kadence-pane kt-accordion-pane kt-accordion-pane-1 kt-pane9845_2752d3-61\"><div class=\"kt-accordion-header-wrap\"><button class=\"kt-blocks-accordion-header kt-acccordion-button-label-show\" type=\"button\"><span class=\"kt-blocks-accordion-title-wrap\"><span class=\"kt-blocks-accordion-title\">Pourquoi un client scandinave devrait-il faire appel \u00e0 Wolfblanc pour un projet d'architecture en Espagne ou en Gr\u00e8ce ?<\/span><\/span><span class=\"kt-blocks-accordion-icon-trigger\"><\/span><\/button><\/div><div class=\"kt-accordion-panel kt-accordion-panel-hidden\"><div class=\"kt-accordion-panel-inner\">\n<p>Wolfblanc combine les attentes nordiques avec l'autorit\u00e9 locale. Nous travaillons en Su\u00e8de, en Espagne et en Gr\u00e8ce avec une communication multilingue en su\u00e9dois, anglais, espagnol et grec. Nos clients b\u00e9n\u00e9ficient de la clart\u00e9, de la documentation et du style de coordination attendus en Scandinavie, appliqu\u00e9s aux syst\u00e8mes de planification, aux consultants et aux r\u00e9alit\u00e9s de la construction en M\u00e9diterran\u00e9e. Cela permet de r\u00e9duire les barri\u00e8res linguistiques, les frictions juridiques et les lacunes en mati\u00e8re de traduction qui apparaissent souvent lorsqu'un client international engage une \u00e9quipe purement locale.<\/p>\n<\/div><\/div><\/div>\n\n\n\n<div class=\"wp-block-kadence-pane kt-accordion-pane kt-accordion-pane-2 kt-pane9845_01c6f2-f7\"><div class=\"kt-accordion-header-wrap\"><button class=\"kt-blocks-accordion-header kt-acccordion-button-label-show\" type=\"button\"><span class=\"kt-blocks-accordion-title-wrap\"><span class=\"kt-blocks-accordion-title\">Wolfblanc est-il l\u00e9galement autoris\u00e9 \u00e0 signer des projets architecturaux en Espagne, en Su\u00e8de et en Gr\u00e8ce ?<\/span><\/span><span class=\"kt-blocks-accordion-icon-trigger\"><\/span><\/button><\/div><div class=\"kt-accordion-panel kt-accordion-panel-hidden\"><div class=\"kt-accordion-panel-inner\">\n<p>Oui. Wolfblanc op\u00e8re avec un registre professionnel d'architecture sur tous les march\u00e9s o\u00f9 nous travaillons, y compris COAM \u00e0 Madrid, SAR\/MSA en Su\u00e8de, et TEE-TCG en Gr\u00e8ce. L'architecture, les permis et la documentation technique sont r\u00e9glement\u00e9s diff\u00e9remment dans chaque pays, d'o\u00f9 l'importance de ce cadre professionnel. Il nous permet de guider les projets depuis le concept et la strat\u00e9gie de permis jusqu'\u00e0 la documentation technique et l'assistance \u00e0 la construction.<\/p>\n<\/div><\/div><\/div>\n\n\n\n<div class=\"wp-block-kadence-pane kt-accordion-pane kt-accordion-pane-3 kt-pane9845_7c9c01-a1\"><div class=\"kt-accordion-header-wrap\"><button class=\"kt-blocks-accordion-header kt-acccordion-button-label-show\" type=\"button\"><span class=\"kt-blocks-accordion-title-wrap\"><span class=\"kt-blocks-accordion-title\">Qu'entend Wolfblanc par la rencontre de la discipline scandinave et de l'ambition m\u00e9diterran\u00e9enne ?<\/span><\/span><span class=\"kt-blocks-accordion-icon-trigger\"><\/span><\/button><\/div><div class=\"kt-accordion-panel kt-accordion-panel-hidden\"><div class=\"kt-accordion-panel-inner\">\n<p>Cela signifie que la conception peut \u00eatre expressive, contextuelle et ambitieuse, tandis que la livraison reste structur\u00e9e et pr\u00e9cise. Nous appliquons les normes de documentation nordiques, la coordination BIM, la conscience des co\u00fbts et les habitudes de communication fa\u00e7onn\u00e9es par le travail avec de grands promoteurs tels que Skanska et JM dans des projets en Espagne, en Gr\u00e8ce et en Su\u00e8de. Le r\u00e9sultat est une architecture \u00e0 la chaleur m\u00e9diterran\u00e9enne et au caract\u00e8re spatial, sans perdre le contr\u00f4le du temps, du budget, de la constructibilit\u00e9 ou de la qualit\u00e9 technique.<\/p>\n<\/div><\/div><\/div>\n\n\n\n<div class=\"wp-block-kadence-pane kt-accordion-pane kt-accordion-pane-4 kt-pane9845_0e2d4c-b6\"><div class=\"kt-accordion-header-wrap\"><button class=\"kt-blocks-accordion-header kt-acccordion-button-label-show\" type=\"button\"><span class=\"kt-blocks-accordion-title-wrap\"><span class=\"kt-blocks-accordion-title\">Wolfblanc convient-il aux investisseurs et aux promoteurs immobiliers ?<\/span><\/span><span class=\"kt-blocks-accordion-icon-trigger\"><\/span><\/button><\/div><div class=\"kt-accordion-panel kt-accordion-panel-hidden\"><div class=\"kt-accordion-panel-inner\">\n<p>Oui. Nous convenons parfaitement aux investisseurs, aux promoteurs et aux propri\u00e9taires d'actifs qui souhaitent que l'architecture am\u00e9liore les performances commerciales. Nous pensons \u00e0 l'efficacit\u00e9 de l'agencement, \u00e0 la mixit\u00e9 des unit\u00e9s, \u00e0 la lumi\u00e8re naturelle, \u00e0 la durabilit\u00e9 des mat\u00e9riaux, \u00e0 l'attrait locatif, \u00e0 la valeur d'accueil et \u00e0 la qualit\u00e9 d'exploitation \u00e0 long terme. Notre travail ne se limite pas \u00e0 l'am\u00e9lioration de l'aspect d'un bien immobilier. Il s'agit d'aider un projet \u00e0 se vendre, \u00e0 se louer, \u00e0 fonctionner et \u00e0 conserver sa valeur de mani\u00e8re plus intelligente.<\/p>\n<\/div><\/div><\/div>\n\n\n\n<div class=\"wp-block-kadence-pane kt-accordion-pane kt-accordion-pane-5 kt-pane9845_a1b8d5-c2\"><div class=\"kt-accordion-header-wrap\"><button class=\"kt-blocks-accordion-header kt-acccordion-button-label-show\" type=\"button\"><span class=\"kt-blocks-accordion-title-wrap\"><span class=\"kt-blocks-accordion-title\">Quels sont les avantages de la certification WELL AP pour un projet r\u00e9sidentiel, h\u00f4telier ou commercial ?<\/span><\/span><span class=\"kt-blocks-accordion-icon-trigger\"><\/span><\/button><\/div><div class=\"kt-accordion-panel kt-accordion-panel-hidden\"><div class=\"kt-accordion-panel-inner\">\n<p>Les connaissances du WELL AP nous aident \u00e0 concevoir pour les personnes qui vivront, travailleront, s\u00e9journeront ou se r\u00e9tabliront \u00e0 l'int\u00e9rieur du b\u00e2timent. Nous prenons en compte la qualit\u00e9 de l'air, la lumi\u00e8re du jour, l'acoustique, le confort thermique, les mat\u00e9riaux, le mouvement et les performances humaines d\u00e8s les premi\u00e8res esquisses. Pour les habitations, cela permet d'am\u00e9liorer le confort quotidien et la sant\u00e9 \u00e0 long terme. Pour les h\u00f4tels, les bureaux, les cliniques et les espaces commerciaux, cela favorise l'exp\u00e9rience des clients, la performance du personnel, la qualit\u00e9 de la marque et la valeur op\u00e9rationnelle.<\/p>\n<\/div><\/div><\/div>\n\n\n\n<div class=\"wp-block-kadence-pane kt-accordion-pane kt-accordion-pane-6 kt-pane9845_c8df63-3e\"><div class=\"kt-accordion-header-wrap\"><button class=\"kt-blocks-accordion-header kt-acccordion-button-label-show\" type=\"button\"><span class=\"kt-blocks-accordion-title-wrap\"><span class=\"kt-blocks-accordion-title\">Quel est le processus de conception et de construction d'une maison de vacances personnalis\u00e9e avec Wolfblanc ?<\/span><\/span><span class=\"kt-blocks-accordion-icon-trigger\"><\/span><\/button><\/div><div class=\"kt-accordion-panel kt-accordion-panel-hidden\"><div class=\"kt-accordion-panel-inner\">\n<p>Nous commen\u00e7ons par le briefing, le site, le budget et les contraintes de planification. Nous d\u00e9veloppons ensuite le concept, les am\u00e9nagements, l'exp\u00e9rience spatiale, les visualisations et l'orientation des mat\u00e9riaux. Une fois la conception approuv\u00e9e, nous pr\u00e9parons la documentation technique n\u00e9cessaire \u00e0 l'obtention des permis, \u00e0 la passation des march\u00e9s et \u00e0 la construction. Pendant la construction, nous assurons la coordination afin que les d\u00e9cisions relatives au site restent conformes \u00e0 l'intention du concepteur. L'objectif est d'obtenir un parcours clair depuis les premi\u00e8res \u00e9tudes de faisabilit\u00e9 jusqu'\u00e0 la livraison, en particulier pour les clients qui g\u00e8rent un projet \u00e0 partir d'un autre pays.<\/p>\n<\/div><\/div><\/div>\n\n\n\n<div class=\"wp-block-kadence-pane kt-accordion-pane kt-accordion-pane-7 kt-pane9845_4d6f90-e4\"><div class=\"kt-accordion-header-wrap\"><button class=\"kt-blocks-accordion-header kt-acccordion-button-label-show\" type=\"button\"><span class=\"kt-blocks-accordion-title-wrap\"><span class=\"kt-blocks-accordion-title\">Comment Wolfblanc g\u00e8re-t-il les autorisations et la planification en Espagne et en Gr\u00e8ce ?<\/span><\/span><span class=\"kt-blocks-accordion-icon-trigger\"><\/span><\/button><\/div><div class=\"kt-accordion-panel kt-accordion-panel-hidden\"><div class=\"kt-accordion-panel-inner\">\n<p>Nous aidons nos clients \u00e0 comprendre ce qui peut \u00eatre construit, quelles sont les autorisations requises et comment le projet doit \u00eatre document\u00e9 pour la municipalit\u00e9 ou l'autorit\u00e9 comp\u00e9tente. Notre r\u00f4le consiste \u00e0 traduire les exigences locales en mati\u00e8re d'urbanisme en un projet clair, \u00e0 pr\u00e9parer les informations architecturales n\u00e9cessaires, \u00e0 assurer la coordination avec les consultants le cas \u00e9ch\u00e9ant et \u00e0 tenir le client inform\u00e9 dans un langage clair. Pour les clients internationaux, il s'agit souvent de l'une des parties les plus pr\u00e9cieuses du service.<\/p>\n<\/div><\/div><\/div>\n\n\n\n<div class=\"wp-block-kadence-pane kt-accordion-pane kt-accordion-pane-8 kt-pane9845_e74a32-17\"><div class=\"kt-accordion-header-wrap\"><button class=\"kt-blocks-accordion-header kt-acccordion-button-label-show\" type=\"button\"><span class=\"kt-blocks-accordion-title-wrap\"><span class=\"kt-blocks-accordion-title\">Wolfblanc travaille-t-il sur des projets commerciaux, h\u00f4teliers et \u00e0 usage mixte ?<\/span><\/span><span class=\"kt-blocks-accordion-icon-trigger\"><\/span><\/button><\/div><div class=\"kt-accordion-panel kt-accordion-panel-hidden\"><div class=\"kt-accordion-panel-inner\">\n<p>Oui. Wolfblanc travaille sur des projets r\u00e9sidentiels, d'accueil, de lieu de travail, de vente au d\u00e9tail, de restauration et d'utilisation mixte. Pour les int\u00e9rieurs commerciaux et les espaces g\u00e9r\u00e9s par une marque, nous collaborons \u00e9troitement avec EOLOS Design Lab, notre division sp\u00e9cialis\u00e9e dans le design d'int\u00e9rieur commercial. Les clients disposent ainsi d'une \u00e9quipe qui comprend \u00e0 la fois l'architecture et le r\u00f4le commercial de l'espace : comment un h\u00f4tel, un restaurant, un bureau, une clinique ou un environnement de vente au d\u00e9tail peut communiquer une identit\u00e9, am\u00e9liorer les op\u00e9rations et augmenter la valeur.<\/p>\n<\/div><\/div><\/div>\n\n\n\n<div class=\"wp-block-kadence-pane kt-accordion-pane kt-accordion-pane-9 kt-pane9845_b9c5b1-38\"><div class=\"kt-accordion-header-wrap\"><button class=\"kt-blocks-accordion-header kt-acccordion-button-label-show\" type=\"button\"><span class=\"kt-blocks-accordion-title-wrap\"><span class=\"kt-blocks-accordion-title\">Comment puis-je savoir si mon projet convient \u00e0 Wolfblanc ?<\/span><\/span><span class=\"kt-blocks-accordion-icon-trigger\"><\/span><\/button><\/div><div class=\"kt-accordion-panel kt-accordion-panel-hidden\"><div class=\"kt-accordion-panel-inner\">\n<p>Vous \u00eates probablement un bon candidat si vous souhaitez une petite \u00e9quipe de direction, une clart\u00e9 transfrontali\u00e8re, une forte r\u00e9flexion sur la conception et un contr\u00f4le minutieux des projets. Les clients typiques sont les propri\u00e9taires nordiques qui construisent ou r\u00e9novent en Espagne ou en Gr\u00e8ce, les investisseurs qui repositionnent une propri\u00e9t\u00e9, les promoteurs qui recherchent une valeur architecturale, et les clients de l'h\u00f4tellerie ou du commerce qui ont besoin \u00e0 la fois d'un concept de qualit\u00e9 et d'une discipline op\u00e9rationnelle. Nous ne sommes pas faits pour les clients qui veulent une grande \u00e9quipe anonyme. Nous travaillons mieux lorsque le projet b\u00e9n\u00e9ficie de l'implication directe du ma\u00eetre d'ouvrage.<\/p>\n<\/div><\/div><\/div>\n\n\n\n<div class=\"wp-block-kadence-pane kt-accordion-pane kt-accordion-pane-10 kt-pane9845_f31d24-99\"><div class=\"kt-accordion-header-wrap\"><button class=\"kt-blocks-accordion-header kt-acccordion-button-label-show\" type=\"button\"><span class=\"kt-blocks-accordion-title-wrap\"><span class=\"kt-blocks-accordion-title\">Que se passe-t-il pendant la consultation gratuite ?<\/span><\/span><span class=\"kt-blocks-accordion-icon-trigger\"><\/span><\/button><\/div><div class=\"kt-accordion-panel kt-accordion-panel-hidden\"><div class=\"kt-accordion-panel-inner\">\n<p>La premi\u00e8re consultation est une conversation cibl\u00e9e sur votre projet, votre site, votre calendrier, votre budget et vos objectifs. Elle nous permet de d\u00e9terminer si Wolfblanc est la bonne solution et de d\u00e9finir les \u00e9tapes suivantes. Si le projet ne correspond pas \u00e0 notre expertise, nous le dirons clairement. Si le projet correspond \u00e0 nos comp\u00e9tences, nous pouvons d\u00e9finir l'\u00e9tendue, la structure des honoraires et le d\u00e9roulement du projet \u00e0 partir de l\u00e0.<\/p>\n<\/div><\/div><\/div>\n<\/div><\/div><\/div>\n<\/div><\/div>\n\n<\/div><\/div>\n\n\n<div class=\"wp-block-cover alignfull is-light has-theme-5-color has-text-color has-link-color wp-elements-56ed7d6b3bc4aac0b58d13ecd3e22e33\" style=\"margin-top:0;padding-top:5vw;padding-right:5vw;padding-bottom:5vw;padding-left:5vw;min-height:314px;aspect-ratio:unset;\"><span aria-hidden=\"true\" class=\"wp-block-cover__background has-theme-1-background-color has-background-dim-100 has-background-dim\"><\/span><div class=\"wp-block-cover__inner-container is-layout-flow wp-block-cover-is-layout-flow\">\n<p class=\"has-text-align-center has-theme-5-color has-theme-1-background-color has-text-color has-background\" style=\"padding-top:var(--wp--preset--spacing--40);padding-right:0;padding-bottom:var(--wp--preset--spacing--40);padding-left:0;font-size:clamp(33.419px, 2.089rem + ((1vw - 3.2px) * 2.077), 60px);letter-spacing:0px;line-height:0.8;text-transform:capitalize\"><strong>Parlez-nous de votre projet.<\/strong><\/p>\n\n\n\n<div class=\"wp-block-buttons is-content-justification-center is-layout-flex wp-container-core-buttons-is-layout-a89b3969 wp-block-buttons-is-layout-flex\">\n<div class=\"wp-block-button\"><a class=\"wp-block-button__link has-theme-1-color has-theme-5-background-color has-text-color has-background wp-element-button\" href=\"https:\/\/wolfblanc.com\/fr\/contact\/\" style=\"border-radius:100px\"><strong>R\u00e9server une consultation gratuite<\/strong><\/a><\/div>\n<\/div>\n<\/div><\/div>","protected":false},"excerpt":{"rendered":"<p>FAQ Foire aux questions R\u00e9ponses sp\u00e9cifiques sur le travail avec Wolfblanc en Su\u00e8de, en Espagne et en Gr\u00e8ce.<\/p>","protected":false},"author":1,"featured_media":0,"parent":0,"menu_order":0,"comment_status":"closed","ping_status":"closed","template":"pages-without-title","meta":{"iawp_total_views":3,"_vp_format_video_url":"","_vp_image_focal_point":[],"footnotes":""},"class_list":["post-9845","page","type-page","status-publish","hentry"],"_links":{"self":[{"href":"https:\/\/wolfblanc.com\/fr\/wp-json\/wp\/v2\/pages\/9845","targetHints":{"allow":["GET"]}}],"collection":[{"href":"https:\/\/wolfblanc.com\/fr\/wp-json\/wp\/v2\/pages"}],"about":[{"href":"https:\/\/wolfblanc.com\/fr\/wp-json\/wp\/v2\/types\/page"}],"author":[{"embeddable":true,"href":"https:\/\/wolfblanc.com\/fr\/wp-json\/wp\/v2\/users\/1"}],"replies":[{"embeddable":true,"href":"https:\/\/wolfblanc.com\/fr\/wp-json\/wp\/v2\/comments?post=9845"}],"version-history":[{"count":7,"href":"https:\/\/wolfblanc.com\/fr\/wp-json\/wp\/v2\/pages\/9845\/revisions"}],"predecessor-version":[{"id":9857,"href":"https:\/\/wolfblanc.com\/fr\/wp-json\/wp\/v2\/pages\/9845\/revisions\/9857"}],"wp:attachment":[{"href":"https:\/\/wolfblanc.com\/fr\/wp-json\/wp\/v2\/media?parent=9845"}],"curies":[{"name":"wp","href":"https:\/\/api.w.org\/{rel}","templated":true}]}}