{"id":9703,"date":"2026-04-29T12:35:00","date_gmt":"2026-04-29T12:35:00","guid":{"rendered":"https:\/\/wolfblanc.com\/?page_id=9703"},"modified":"2026-04-29T14:23:23","modified_gmt":"2026-04-29T14:23:23","slug":"architects","status":"publish","type":"page","link":"https:\/\/wolfblanc.com\/fr\/architects\/","title":{"rendered":"Architectes"},"content":{"rendered":"<h2 class=\"wp-block-heading has-text-align-center\">Notre \u00e9quipe<\/h2>\n\n\n\n<p class=\"has-text-align-center has-small-font-size\">Wolfblanc est dirig\u00e9 par des architectes agr\u00e9\u00e9s. <br>Chaque projet est g\u00e9r\u00e9 directement par eux, de la premi\u00e8re conversation \u00e0 l'ach\u00e8vement.<\/p>\n\n\n<div class=\"kb-row-layout-wrap kb-row-layout-id9703_2309b4-c2 alignnone wp-block-kadence-rowlayout\"><div class=\"kt-row-column-wrap kt-has-2-columns kt-row-layout-equal kt-tab-layout-inherit kt-mobile-layout-row kt-row-valign-top\">\n\n<div class=\"wp-block-kadence-column kadence-column9703_454616-af\"><div class=\"kt-inside-inner-col\">\n<figure class=\"wp-block-image alignleft size-full is-resized\" style=\"margin-right:0;margin-left:0\"><noscript><img loading=\"lazy\" decoding=\"async\" width=\"756\" height=\"1024\" data-skip-lazy src=\"https:\/\/wolfblanc.com\/wp-content\/uploads\/2026\/01\/DOLORES_lwsoptimized.webp\" alt=\"\" class=\"wp-image-7613\" style=\"width:300px\" srcset=\"https:\/\/wolfblanc.com\/wp-content\/uploads\/2026\/01\/DOLORES_lwsoptimized.webp 756w, https:\/\/wolfblanc.com\/wp-content\/uploads\/2026\/01\/DOLORES_lwsoptimized-221x300.webp 221w, https:\/\/wolfblanc.com\/wp-content\/uploads\/2026\/01\/DOLORES_lwsoptimized-9x12.webp 9w, https:\/\/wolfblanc.com\/wp-content\/uploads\/2026\/01\/DOLORES_lwsoptimized-500x677.webp 500w\" sizes=\"auto, (max-width: 756px) 100vw, 756px\" \/><\/noscript><img loading=\"eager\" decoding=\"async\" width=\"756\" height=\"1024\" src=\"https:\/\/wolfblanc.com\/wp-content\/uploads\/2026\/01\/DOLORES_lwsoptimized.webp\" alt class=\"wp-image-7613 vp-lazyload\" style=\"width:300px\" srcset=\"data:image\/svg+xml;base64,PHN2ZyB3aWR0aD0iNzU2IiBoZWlnaHQ9IjEwMjQiIHZpZXdCb3g9IjAgMCA3NTYgMTAyNCIgZmlsbD0ibm9uZSIgeG1sbnM9Imh0dHA6Ly93d3cudzMub3JnLzIwMDAvc3ZnIj48L3N2Zz4=\" data-src=\"https:\/\/wolfblanc.com\/wp-content\/uploads\/2026\/01\/DOLORES_lwsoptimized.webp\" data-srcset=\"https:\/\/wolfblanc.com\/wp-content\/uploads\/2026\/01\/DOLORES_lwsoptimized.webp 756w, https:\/\/wolfblanc.com\/wp-content\/uploads\/2026\/01\/DOLORES_lwsoptimized-221x300.webp 221w, https:\/\/wolfblanc.com\/wp-content\/uploads\/2026\/01\/DOLORES_lwsoptimized-9x12.webp 9w, https:\/\/wolfblanc.com\/wp-content\/uploads\/2026\/01\/DOLORES_lwsoptimized-500x677.webp 500w\" data-sizes=\"auto\"><\/figure>\n\n\n\n<p class=\"has-medium-font-size\"><strong>Dolores<\/strong><\/p>\n\n\n\n<p class=\"has-text-color has-link-color wp-elements-4c51a13c120baf9d68052acb8fa13d87\" style=\"color:#707070\"><em>Architecte principal<\/em><\/p>\n\n\n\n<p>Dolores est espagnole et su\u00e9doise. Elle a suivi une formation d'architecte \u00e0 l'ETSAM, l'Escuela T\u00e9cnica Superior de Arquitectura de Madrid, l'une des \u00e9coles d'architecture les plus r\u00e9put\u00e9es d'Europe, qui fait partie de l'Universidad Polit\u00e9cnica de Madrid. Elle a acquis son exp\u00e9rience professionnelle en Espagne et en Su\u00e8de, en dirigeant des projets r\u00e9sidentiels complexes et \u00e0 usage mixte pour certains des plus grands promoteurs nordiques, dont Skanska, JM, Bonava et Serneke.<\/p>\n\n\n\n<p>Elle est titulaire d'une ma\u00eetrise en conception durable et en architecture bioclimatique de l'universit\u00e9 de Barcelone et a suivi une formation sp\u00e9cialis\u00e9e en construction circulaire \u00e0 Stockholm. Elle est architecte agr\u00e9\u00e9e et poss\u00e8de une licence professionnelle suppl\u00e9mentaire en Espagne (COAM, Colegio Oficial de Arquitectos de Madrid) et est un professionnel accr\u00e9dit\u00e9 WELL.<\/p>\n<\/div><\/div>\n\n\n\n<div class=\"wp-block-kadence-column kadence-column9703_7637d0-d0\"><div class=\"kt-inside-inner-col\">\n<figure class=\"wp-block-image alignleft size-full is-resized\" style=\"margin-right:0;margin-left:0\"><noscript><img loading=\"lazy\" decoding=\"async\" width=\"762\" height=\"1024\" data-skip-lazy src=\"https:\/\/wolfblanc.com\/wp-content\/uploads\/2026\/04\/DIMITRIS.jpg\" alt=\"\" class=\"wp-image-9349\" style=\"width:305px\" srcset=\"https:\/\/wolfblanc.com\/wp-content\/uploads\/2026\/04\/DIMITRIS.jpg 762w, https:\/\/wolfblanc.com\/wp-content\/uploads\/2026\/04\/DIMITRIS-223x300.jpg 223w, https:\/\/wolfblanc.com\/wp-content\/uploads\/2026\/04\/DIMITRIS-9x12.jpg 9w, https:\/\/wolfblanc.com\/wp-content\/uploads\/2026\/04\/DIMITRIS-500x672.jpg 500w\" sizes=\"auto, (max-width: 762px) 100vw, 762px\" \/><\/noscript><img loading=\"eager\" decoding=\"async\" width=\"762\" height=\"1024\" src=\"https:\/\/wolfblanc.com\/wp-content\/uploads\/2026\/04\/DIMITRIS.jpg\" alt class=\"wp-image-9349 vp-lazyload\" style=\"width:305px\" srcset=\"data:image\/svg+xml;base64,PHN2ZyB3aWR0aD0iNzYyIiBoZWlnaHQ9IjEwMjQiIHZpZXdCb3g9IjAgMCA3NjIgMTAyNCIgZmlsbD0ibm9uZSIgeG1sbnM9Imh0dHA6Ly93d3cudzMub3JnLzIwMDAvc3ZnIj48L3N2Zz4=\" data-src=\"https:\/\/wolfblanc.com\/wp-content\/uploads\/2026\/04\/DIMITRIS.jpg\" data-srcset=\"https:\/\/wolfblanc.com\/wp-content\/uploads\/2026\/04\/DIMITRIS.jpg 762w, https:\/\/wolfblanc.com\/wp-content\/uploads\/2026\/04\/DIMITRIS-223x300.jpg 223w, https:\/\/wolfblanc.com\/wp-content\/uploads\/2026\/04\/DIMITRIS-9x12.jpg 9w, https:\/\/wolfblanc.com\/wp-content\/uploads\/2026\/04\/DIMITRIS-500x672.jpg 500w\" data-sizes=\"auto\"><\/figure>\n\n\n\n<p class=\"has-medium-font-size\"><strong>Dimitrios<\/strong><\/p>\n\n\n\n<p class=\"has-text-color has-link-color wp-elements-4c51a13c120baf9d68052acb8fa13d87\" style=\"color:#707070\"><em>Architecte principal<\/em><\/p>\n\n\n\n<p>Dimitrios est grec et su\u00e9dois. Il est titulaire d'une ma\u00eetrise int\u00e9gr\u00e9e en architecture et en ing\u00e9nierie de l'Universit\u00e9 technique nationale d'Ath\u00e8nes, l'une des principales universit\u00e9s techniques d'Europe, et a obtenu une ma\u00eetrise en gestion de l'entrepreneuriat et de l'innovation \u00e0 l'Institut royal de technologie KTH de Stockholm. Il a ensuite dirig\u00e9 de grands projets r\u00e9sidentiels et commerciaux pour des promoteurs tels que Skanska, Einar Mattsson et JM.<\/p>\n\n\n\n<p>Il est architecte agr\u00e9\u00e9 et poss\u00e8de une licence professionnelle suppl\u00e9mentaire en Gr\u00e8ce (TEE-TCG). Chez Wolfblanc, il dirige la gestion de projets, la coordination BIM, le d\u00e9veloppement commercial, ainsi que la strat\u00e9gie et les op\u00e9rations du studio en Espagne, en Su\u00e8de et en Gr\u00e8ce.<\/p>\n<\/div><\/div>\n\n<\/div><\/div>\n\n\n<div class=\"wp-block-kadence-spacer aligncenter kt-block-spacer-9703_4f258a-7d\"><div class=\"kt-block-spacer kt-block-spacer-halign-center\"><hr class=\"kt-divider\"\/><\/div><\/div>\n\n\n\n<p class=\"has-text-align-center has-medium-font-size\"><strong><strong><strong><strong>Nos \u00e9quipes<\/strong><\/strong><\/strong><\/strong><\/p>\n\n\n\n<div class=\"wp-block-kadence-column kadence-column9703_e6a168-f3\"><div class=\"kt-inside-inner-col\">\n<p class=\"has-text-align-center\">Ensemble, Dolores et Dimitrios dirigent une \u00e9quipe d'architectes, de designers, d'ing\u00e9nieurs et de collaborateurs sp\u00e9cialis\u00e9s qui cumulent plus de vingt ans d'exp\u00e9rience dans les domaines de l'architecture, du d\u00e9veloppement r\u00e9sidentiel, des int\u00e9rieurs commerciaux et de l'h\u00f4tellerie.<\/p>\n<\/div><\/div>\n\n\n<div class=\"kb-row-layout-wrap kb-row-layout-id9703_179a28-ff alignnone wp-block-kadence-rowlayout\"><div class=\"kt-row-column-wrap kt-has-4-columns kt-row-layout-equal kt-tab-layout-inherit kt-mobile-layout-row kt-row-valign-top\">\n\n<div class=\"wp-block-kadence-column kadence-column9703_04b29a-b1\"><div class=\"kt-inside-inner-col\">\n<p class=\"has-text-align-center has-medium-font-size\"><strong>Studio<\/strong><\/p>\n\n\n\n<p class=\"has-text-align-center has-small-font-size\"> Architectes, designers, sp\u00e9cialistes de la conception et de la visualisation<\/p>\n<\/div><\/div>\n\n\n\n<div class=\"wp-block-kadence-column kadence-column9703_90c112-aa\"><div class=\"kt-inside-inner-col\">\n<p class=\"has-text-align-center has-medium-font-size\"><strong>Production <\/strong><\/p>\n\n\n\n<p class=\"has-text-align-center has-small-font-size\">Coordination de la construction, gestion du chantier, ex\u00e9cution technique<\/p>\n<\/div><\/div>\n\n\n\n<div class=\"wp-block-kadence-column kadence-column9703_87cce7-4b\"><div class=\"kt-inside-inner-col\">\n<p class=\"has-text-align-center has-medium-font-size\"><strong>Ing\u00e9nierie<\/strong><\/p>\n\n\n\n<p class=\"has-text-align-center has-small-font-size\"> Consultants structurels, MEP et techniques<\/p>\n<\/div><\/div>\n\n\n\n<div class=\"wp-block-kadence-column kadence-column9703_5a25c5-54\"><div class=\"kt-inside-inner-col\">\n<p class=\"has-text-align-center has-medium-font-size\"><strong>Collaborateurs <\/strong><\/p>\n\n\n\n<p class=\"has-text-align-center has-small-font-size\">Partenaires sp\u00e9cialis\u00e9s en Espagne, en Su\u00e8de et en Gr\u00e8ce<\/p>\n<\/div><\/div>\n\n<\/div><\/div>\n\n\n<div class=\"wp-block-kadence-spacer aligncenter kt-block-spacer-9703_f7d3e4-29\"><div class=\"kt-block-spacer kt-block-spacer-halign-center\"><hr class=\"kt-divider\"\/><\/div><\/div>\n\n\n\n<div class=\"wp-block-cover alignfull is-light has-theme-1-color has-text-color has-link-color wp-elements-5ae8264d69248a8777b6af759b0830b7\" style=\"margin-top:0;padding-top:5vw;padding-right:5vw;padding-bottom:5vw;padding-left:5vw;min-height:314px;aspect-ratio:unset;\"><span aria-hidden=\"true\" class=\"wp-block-cover__background has-theme-5-background-color has-background-dim-100 has-background-dim\"><\/span><div class=\"wp-block-cover__inner-container is-layout-flow wp-block-cover-is-layout-flow\">\n<div class=\"wp-block-group is-layout-flex wp-container-core-group-is-layout-d0921e6e wp-block-group-is-layout-flex\">\n<div class=\"wp-block-group wp-container-content-9cfa9a5a is-layout-flow wp-container-core-group-is-layout-d6743c7d wp-block-group-is-layout-flow\">\n<p class=\"has-text-align-center has-theme-1-color has-theme-5-background-color has-text-color has-background\" style=\"padding-top:var(--wp--preset--spacing--50);padding-right:0;padding-bottom:var(--wp--preset--spacing--50);padding-left:0;font-size:clamp(33.419px, 2.089rem + ((1vw - 3.2px) * 2.077), 60px);letter-spacing:0px;line-height:0.8;text-transform:capitalize\"><strong><strong><strong><strong><strong><strong><strong><strong>Vous voulez parler de votre projet ?<\/strong><\/strong><\/strong><\/strong><\/strong><\/strong><\/strong><\/strong><\/p>\n\n\n\n<div class=\"wp-block-buttons is-content-justification-center is-layout-flex wp-container-core-buttons-is-layout-a89b3969 wp-block-buttons-is-layout-flex\">\n<div class=\"wp-block-button\"><a class=\"wp-block-button__link has-theme-5-color has-theme-1-background-color has-text-color has-background has-custom-font-size wp-element-button\" href=\"https:\/\/wolfblanc.com\/fr\/contact\/\" style=\"border-radius:100px;border-top-style:none;border-top-width:0px;border-right-style:none;border-right-width:0px;border-bottom-style:none;border-bottom-width:0px;border-left-style:none;border-left-width:0px;padding-top:14px;padding-right:36px;padding-bottom:14px;padding-left:36px;font-size:clamp(14px, 0.875rem + ((1vw - 3.2px) * 0.234), 17px);letter-spacing:0px;text-decoration:none;text-transform:capitalize\"><strong>R\u00e9servez une consultation gratuite \u2192<\/strong><\/a><\/div>\n<\/div>\n<\/div>\n<\/div>\n<\/div><\/div>","protected":false},"excerpt":{"rendered":"<p>Our Team Wolfblanc is led by registered architects. Every project is handled directly by them, from the first conversation to completion. Dolores Leading Architect Dolores is Spanish and Swedish. She trained as an architect at ETSAM, the Escuela T\u00e9cnica Superior de Arquitectura de Madrid, one of Europe&#8217;s most respected architecture schools and part of the [&hellip;]<\/p>\n","protected":false},"author":1,"featured_media":7617,"parent":0,"menu_order":0,"comment_status":"closed","ping_status":"closed","template":"pages-without-title","meta":{"iawp_total_views":18,"_vp_format_video_url":"","_vp_image_focal_point":[],"footnotes":""},"class_list":["post-9703","page","type-page","status-publish","has-post-thumbnail","hentry"],"_links":{"self":[{"href":"https:\/\/wolfblanc.com\/fr\/wp-json\/wp\/v2\/pages\/9703","targetHints":{"allow":["GET"]}}],"collection":[{"href":"https:\/\/wolfblanc.com\/fr\/wp-json\/wp\/v2\/pages"}],"about":[{"href":"https:\/\/wolfblanc.com\/fr\/wp-json\/wp\/v2\/types\/page"}],"author":[{"embeddable":true,"href":"https:\/\/wolfblanc.com\/fr\/wp-json\/wp\/v2\/users\/1"}],"replies":[{"embeddable":true,"href":"https:\/\/wolfblanc.com\/fr\/wp-json\/wp\/v2\/comments?post=9703"}],"version-history":[{"count":0,"href":"https:\/\/wolfblanc.com\/fr\/wp-json\/wp\/v2\/pages\/9703\/revisions"}],"wp:featuredmedia":[{"embeddable":true,"href":"https:\/\/wolfblanc.com\/fr\/wp-json\/wp\/v2\/media\/7617"}],"wp:attachment":[{"href":"https:\/\/wolfblanc.com\/fr\/wp-json\/wp\/v2\/media?parent=9703"}],"curies":[{"name":"wp","href":"https:\/\/api.w.org\/{rel}","templated":true}]}}