{"id":8383,"date":"2026-01-28T18:46:26","date_gmt":"2026-01-28T18:46:26","guid":{"rendered":"https:\/\/wolfblanc.com\/?page_id=8383"},"modified":"2026-02-02T11:50:55","modified_gmt":"2026-02-02T11:50:55","slug":"arquitecto-comercial-retail-madrid","status":"publish","type":"page","link":"https:\/\/wolfblanc.com\/fr\/arquitecto-comercial-retail-madrid\/","title":{"rendered":"Architecte commercial et de d\u00e9tail (Madrid)"},"content":{"rendered":"<figure class=\"wp-block-image size-full\"><noscript><img decoding=\"async\" type=\"image\/webp\" data-skip-lazy src=\"https:\/\/wolfblanc.com\/wp-content\/uploads\/2026\/01\/selva_9-scaled.jpeg\" alt=\"SELVA HOTEL\" class=\"wp-image-7925\"\/><\/noscript><img decoding=\"async\" type=\"image\/webp\" src=\"data:image\/svg+xml;base64,PHN2ZyB3aWR0aD0iMjU2MCIgaGVpZ2h0PSIxNzE3IiB2aWV3Qm94PSIwIDAgMjU2MCAxNzE3IiBmaWxsPSJub25lIiB4bWxucz0iaHR0cDovL3d3dy53My5vcmcvMjAwMC9zdmciPjwvc3ZnPg==\" alt=\"SELVA HOTEL\" class=\"wp-image-7925 vp-lazyload\" data-src=\"https:\/\/wolfblanc.com\/wp-content\/uploads\/2026\/01\/selva_9-scaled.jpeg\" data-sizes=\"auto\" loading=\"eager\"><\/figure>\n\n\n\n<p><strong>\u00c0 propos de Wolfblanc<\/strong><br>Wolfblanc aide les marques et les investisseurs \u00e0 transformer les espaces commerciaux en actifs performants. Des h\u00f4tels de charme aux magasins phares de Salamanque et de Centro, notre division commerciale est en pleine expansion. Nous recherchons un architecte qui comprend que la conception commerciale est une question de retour sur investissement, d'identit\u00e9 de marque et d'exp\u00e9rience client.<\/p>\n\n\n\n<p><strong>Le r\u00f4le<\/strong><br>Vous dirigerez la conception et l'octroi de licences (Declaraci\u00f3n Responsable \/ Licencias de Actividad) pour nos clients commerciaux. Ce r\u00f4le exige rapidit\u00e9, pr\u00e9cision et une compr\u00e9hension approfondie de la mani\u00e8re dont l'espace influence les performances de l'entreprise.<\/p>\n\n\n\n<p><strong>Vous serez charg\u00e9(e) de :<\/strong><\/p>\n\n\n\n<ul class=\"wp-block-list\">\n<li>Concevoir des int\u00e9rieurs et des fa\u00e7ades commerciales \u00e0 fort impact.<\/li>\n\n\n\n<li>Naviguer dans la r\u00e9glementation sp\u00e9cifique des \u201cLocales de P\u00fablica Concurrencia\u201d \u00e0 Madrid.<\/li>\n\n\n\n<li>Cr\u00e9er des espaces qui rehaussent la valeur de la marque de nos partenaires d'investissement.<\/li>\n<\/ul>\n\n\n\n<p class=\"has-theme-5-color has-text-color has-link-color wp-elements-7d8219422abbf17ab51e5356ffe9b866\" style=\"text-decoration:underline\"><em><a href=\"https:\/\/wolfblanc.com\/fr\/?vp_filter=portfolio_category%3Acommercial\">Voir nos projets commerciaux ici<\/a><\/em><\/p>\n\n\n\n<p><strong>Postulez ci-dessous :<\/strong><\/p>\n\n\n<p><div class=\"forminator-ui forminator-custom-form forminator-custom-form-1327 forminator-design--material  forminator_ajax\" data-forminator-render=\"0\" data-form=\"forminator-module-1327\" data-uid=\"6a048a4358084\"><br\/><\/div><form\r\n\t\t\t\tid=\"forminator-module-1327\"\r\n\t\t\t\tclass=\"forminator-ui forminator-custom-form forminator-custom-form-1327 forminator-design--material  forminator_ajax\"\r\n\t\t\t\tmethod=\"post\"\r\n\t\t\t\tdata-forminator-render=\"0\"\r\n\t\t\t\tdata-form-id=\"1327\"\r\n\t\t\t\tenctype=\"multipart\/form-data\" data-color-option=\"theme\" data-design=\"material\" data-grid=\"open\" style=\"display: none;\"\r\n\t\t\t\tdata-uid=\"6a048a4358084\" action=\"\"\r\n\t\t\t><div role=\"alert\" aria-live=\"polite\" class=\"forminator-response-message forminator-error\" aria-hidden=\"true\"><\/div><div class=\"forminator-row\"><div id=\"name-1\" class=\"forminator-field-name forminator-col forminator-col-12\"><div class=\"forminator-field\"><label for=\"forminator-field-name-1_6a048a4358084\" id=\"forminator-field-name-1_6a048a4358084-label\" class=\"forminator-label\">Nom et pr\u00e9nom <span class=\"forminator-required\">*<\/span><\/label><input type=\"text\" name=\"name-1\" value=\"\" placeholder=\"\" id=\"forminator-field-name-1_6a048a4358084\" class=\"forminator-input forminator-name--field\" aria-required=\"true\" autocomplete=\"name\" \/><\/div><\/div><\/div><div class=\"forminator-row\"><div id=\"email-1\" class=\"forminator-field-email forminator-col forminator-col-6\"><div class=\"forminator-field\"><label for=\"forminator-field-email-1_6a048a4358084\" id=\"forminator-field-email-1_6a048a4358084-label\" class=\"forminator-label\">Courriel <span class=\"forminator-required\">*<\/span><\/label><input type=\"email\" name=\"email-1\" value=\"\" placeholder=\"\" id=\"forminator-field-email-1_6a048a4358084\" class=\"forminator-input forminator-email--field\" data-required=\"true\" aria-required=\"true\" autocomplete=\"email\" \/><\/div><\/div><div id=\"phone-1\" class=\"forminator-field-phone forminator-col forminator-col-6\"><div class=\"forminator-field\"><label for=\"forminator-field-phone-1_6a048a4358084\" id=\"forminator-field-phone-1_6a048a4358084-label\" class=\"forminator-label\">T\u00e9l\u00e9phone<\/label><input type=\"text\" name=\"phone-1\" value=\"\" placeholder=\"\" id=\"forminator-field-phone-1_6a048a4358084\" class=\"forminator-input forminator-field--phone\" data-required=\"\" aria-required=\"false\" autocomplete=\"off\" data-validation=\"1\" \/><\/div><\/div><\/div><div class=\"forminator-row\"><div id=\"text-1\" class=\"forminator-field-text forminator-col forminator-col-12\"><div class=\"forminator-field\"><label for=\"forminator-field-text-1_6a048a4358084\" id=\"forminator-field-text-1_6a048a4358084-label\" class=\"forminator-label\">R\u00f4le <span class=\"forminator-required\">*<\/span><\/label><input type=\"text\" name=\"text-1\" value=\"\" placeholder=\"\" id=\"forminator-field-text-1_6a048a4358084\" class=\"forminator-input forminator-name--field\" data-required=\"1\" \/><\/div><\/div><\/div><div class=\"forminator-row\"><div id=\"text-2\" class=\"forminator-field-text forminator-col forminator-col-12\"><div class=\"forminator-field\"><label for=\"forminator-field-text-2_6a048a4358084\" id=\"forminator-field-text-2_6a048a4358084-label\" class=\"forminator-label\">Localisation <span class=\"forminator-required\">*<\/span><\/label><input type=\"text\" name=\"text-2\" value=\"\" placeholder=\"\" id=\"forminator-field-text-2_6a048a4358084\" class=\"forminator-input forminator-name--field\" data-required=\"1\" \/><\/div><\/div><\/div><div class=\"forminator-row\"><div id=\"select-1\" class=\"forminator-field-select forminator-col forminator-col-12\"><div class=\"forminator-field\"><label for=\"forminator-form-1327__field--select-1_6a048a4358084\" id=\"forminator-form-1327__field--select-1_6a048a4358084-label\" class=\"forminator-label\">Comment avez-vous entendu parler de nous ? (Google, Instagram, LinkedIn,...)<\/label><select  id=\"forminator-form-1327__field--select-1_6a048a4358084\" class=\"forminator-select--field forminator-select2 forminator-select2-multiple\" data-required=\"\" name=\"select-1\" data-default-value=\"\" data-hidden-behavior=\"zero\" data-placeholder=\"\" data-search=\"false\" data-search-placeholder=\"\" data-checkbox=\"false\" data-allow-clear=\"false\" aria-labelledby=\"forminator-form-1327__field--select-1_6a048a4358084-label\"><option value=\"one\"  data-calculation=\"0\">Recherche Google<\/option><option value=\"two\"  data-calculation=\"0\">Google Maps<\/option><option value=\"LinkedIn\"  data-calculation=\"0\">LinkedIn<\/option><option value=\"Instagram\"  data-calculation=\"0\">Instagram<\/option><option value=\"Other\"  data-calculation=\"0\">Autres<\/option><\/select><\/div><\/div><\/div><div class=\"forminator-row\"><div id=\"textarea-1\" class=\"forminator-field-textarea forminator-col forminator-col-12\"><div class=\"forminator-field\"><label for=\"forminator-field-textarea-1_6a048a4358084\" id=\"forminator-field-textarea-1_6a048a4358084-label\" class=\"forminator-label\">Message<\/label><textarea name=\"textarea-1\" placeholder=\"\" id=\"forminator-field-textarea-1_6a048a4358084\" class=\"forminator-textarea\" rows=\"6\" style=\"--forminator-textarea-min-height:140px;\" ><\/textarea><\/div><\/div><\/div><div class=\"forminator-row\"><div id=\"upload-1\" class=\"forminator-field-upload forminator-col forminator-col-12\"><div class=\"forminator-field\"><label for=\"forminator-field-upload-1_6a048a4358084\" id=\"forminator-field-upload-1_6a048a4358084-label\" class=\"forminator-label\">T\u00e9l\u00e9charger des fichiers (CV, Portfolio, etc. - jusqu'\u00e0 15MB)<\/label><div class=\"forminator-multi-upload\" data-element=\"upload-1_6a048a4358084\"><input type=\"file\" name=\"upload-1[]\" id=\"forminator-field-upload-1_6a048a4358084\" class=\"forminator-input-file forminator-field-upload-1_6a048a4358084-1327\" multiple=\"multiple\" data-method=\"ajax\" data-size=\"15000000\" data-size-message=\"Maximum file size allowed is 15 MB. \"><div class=\"forminator-multi-upload-message\" aria-hidden=\"true\"><span class=\"forminator-icon-upload\" aria-hidden=\"true\"><\/span><p>Glisser-d\u00e9poser (ou) <a class=\"forminator-upload-file--forminator-field-upload-1_6a048a4358084\" href=\"#\" onclick=\"return false;\">Choisir les fichiers<\/a><\/p><\/div><\/div><ul class=\"forminator-uploaded-files upload-container-upload-1_6a048a4358084\"><\/ul><\/div><\/div><\/div><div class=\"forminator-row\"><div id=\"consent-1\" class=\"forminator-field-consent forminator-col forminator-col-12\"><div class=\"forminator-field\"><label for=\"forminator-field-consent-1_6a048a4358084\" id=\"forminator-field-consent-1_6a048a4358084-label\" class=\"forminator-label\">Consentement <span class=\"forminator-required\">*<\/span><\/label><div class=\"forminator-checkbox__wrapper\"><label id=\"forminator-field-consent-1_6a048a4358084__label\" class=\"forminator-checkbox forminator-consent\"><input type=\"checkbox\" name=\"consent-1\" id=\"forminator-field-consent-1_6a048a4358084\" value=\"checked\" aria-labelledby=\"forminator-field-consent-1_6a048a4358084-label\" aria-describedby=\"forminator-field-consent-1_6a048a4358084__description\" data-required=\"true\" aria-required=\"true\" \/><span class=\"forminator-checkbox-box\" aria-hidden=\"true\"><\/span><\/label><div id=\"forminator-field-consent-1_6a048a4358084__description\" class=\"forminator-checkbox__label forminator-consent__label\"><p>J'accepte les <a class=\"underline underline underline-offset-2 decoration-1 decoration-current\/40 hover:decoration-current focus:decoration-current\" href=\"https:\/\/wolfblanc.com\/fr\/legal\/\">politique de confidentialit\u00e9<\/a>.&nbsp;<\/p><\/div><\/div><\/div><\/div><\/div><div class=\"forminator-row\" style=\"margin: 0;\"><div id=\"captcha-1\" class=\"forminator-field-captcha  forminator-col-12\"><div class=\"forminator-captcha-left forminator-g-recaptcha recaptcha-invisible\" data-theme=\"light\" data-badge=\"bottomright\" data-sitekey=\"6LcY54csAAAAAALegveuieDoo37F7_h_up7F6slP\" data-size=\"invisible\"><\/div> <\/div><\/div><input type=\"hidden\" name=\"referer_url\" value=\"\" \/><div class=\"forminator-row forminator-row-last\"><div class=\"forminator-col\"><div class=\"forminator-field\"><button class=\"forminator-button forminator-button-submit\"><span>Envoyer<\/span><span aria-hidden=\"true\"><\/span><\/button><\/div><\/div><\/div><input type=\"hidden\" id=\"forminator_nonce\" name=\"forminator_nonce\" value=\"d86d3e41f4\" \/><input type=\"hidden\" name=\"_wp_http_referer\" value=\"\/fr\/wp-json\/wp\/v2\/pages\/8383\" \/><input type=\"hidden\" name=\"form_id\" value=\"1327\"><input type=\"hidden\" name=\"page_id\" value=\"8383\"><input type=\"hidden\" name=\"form_type\" value=\"default\"><input type=\"hidden\" name=\"current_url\" value=\"https:\/\/wolfblanc.com\/fr\/arquitecto-comercial-retail-madrid\/\"><input type=\"hidden\" name=\"render_id\" value=\"0\"><input type=\"hidden\" name=\"forminator-multifile-hidden\" class=\"forminator-multifile-hidden\"><input type=\"hidden\" name=\"action\" value=\"forminator_submit_form_custom-forms\"><input type=\"hidden\" name=\"trp-form-language\" value=\"fr\"\/><\/form><\/p>","protected":false},"excerpt":{"rendered":"<p>About WolfblancWolfblanc helps brands and investors transform commercial spaces into high-performance assets. From boutique hotels to flagship retail stores in Salamanca and Centro, our commercial division is expanding. We are looking for an architect who understands that commercial design is about ROI, brand identity, and customer experience. The RoleYou will lead the design and licensing [&hellip;]<\/p>\n","protected":false},"author":1,"featured_media":7925,"parent":0,"menu_order":0,"comment_status":"closed","ping_status":"closed","template":"","meta":{"iawp_total_views":89,"_vp_format_video_url":"","_vp_image_focal_point":[],"footnotes":""},"class_list":["post-8383","page","type-page","status-publish","has-post-thumbnail","hentry"],"_links":{"self":[{"href":"https:\/\/wolfblanc.com\/fr\/wp-json\/wp\/v2\/pages\/8383","targetHints":{"allow":["GET"]}}],"collection":[{"href":"https:\/\/wolfblanc.com\/fr\/wp-json\/wp\/v2\/pages"}],"about":[{"href":"https:\/\/wolfblanc.com\/fr\/wp-json\/wp\/v2\/types\/page"}],"author":[{"embeddable":true,"href":"https:\/\/wolfblanc.com\/fr\/wp-json\/wp\/v2\/users\/1"}],"replies":[{"embeddable":true,"href":"https:\/\/wolfblanc.com\/fr\/wp-json\/wp\/v2\/comments?post=8383"}],"version-history":[{"count":0,"href":"https:\/\/wolfblanc.com\/fr\/wp-json\/wp\/v2\/pages\/8383\/revisions"}],"wp:featuredmedia":[{"embeddable":true,"href":"https:\/\/wolfblanc.com\/fr\/wp-json\/wp\/v2\/media\/7925"}],"wp:attachment":[{"href":"https:\/\/wolfblanc.com\/fr\/wp-json\/wp\/v2\/media?parent=8383"}],"curies":[{"name":"wp","href":"https:\/\/api.w.org\/{rel}","templated":true}]}}