{"id":7592,"date":"2025-12-24T17:33:35","date_gmt":"2025-12-24T17:33:35","guid":{"rendered":"https:\/\/wolfblanc.com\/?page_id=7592"},"modified":"2026-02-02T11:51:05","modified_gmt":"2026-02-02T11:51:05","slug":"architect-residential-stockholm","status":"publish","type":"page","link":"https:\/\/wolfblanc.com\/fr\/architect-residential-stockholm\/","title":{"rendered":"Architecte concepteur principal (Stockholm et international)"},"content":{"rendered":"<figure class=\"wp-block-image size-full\"><noscript><img decoding=\"async\" type=\"image\/webp\" data-skip-lazy src=\"https:\/\/wolfblanc.com\/wp-content\/uploads\/2024\/12\/K12_07-scaled.jpeg\" alt=\"\" class=\"wp-image-7839\"\/><\/noscript><img decoding=\"async\" type=\"image\/webp\" src=\"data:image\/svg+xml;base64,PHN2ZyB3aWR0aD0iMjU2MCIgaGVpZ2h0PSIxMTM1IiB2aWV3Qm94PSIwIDAgMjU2MCAxMTM1IiBmaWxsPSJub25lIiB4bWxucz0iaHR0cDovL3d3dy53My5vcmcvMjAwMC9zdmciPjwvc3ZnPg==\" alt class=\"wp-image-7839 vp-lazyload\" data-src=\"https:\/\/wolfblanc.com\/wp-content\/uploads\/2024\/12\/K12_07-scaled.jpeg\" data-sizes=\"auto\" loading=\"eager\"><\/figure>\n\n\n\n<p><strong>\u00c0 propos de Wolfblanc<\/strong><br>Wolfblanc occupe un cr\u00e9neau unique \u00e0 Stockholm. Nous sommes le pont entre la Scandinavie et l'Europe du Sud. Nos clients sont des propri\u00e9taires et des investisseurs sophistiqu\u00e9s qui ont besoin d'une gestion transparente de la conception, qu'ils r\u00e9novent un penthouse \u00e0 \u00d6stermalm ou construisent une villa de r\u00eave \u00e0 Marbella ou \u00e0 Majorque.<\/p>\n\n\n\n<p><strong>Le r\u00f4le<\/strong><br>Nous recherchons un architecte senior pour g\u00e9rer notre projet r\u00e9sidentiel haut de gamme portfolio. Ce r\u00f4le est crucial pour les clients qui veulent la s\u00e9curit\u00e9 d'un contrat bas\u00e9 \u00e0 Stockholm avec le flair du design m\u00e9diterran\u00e9en.<\/p>\n\n\n\n<p><strong>Vous serez charg\u00e9(e) de :<\/strong><\/p>\n\n\n\n<ul class=\"wp-block-list\">\n<li>Projets de r\u00e9novation de luxe dans l'agglom\u00e9ration de Stockholm.<\/li>\n\n\n\n<li>Assurer la liaison technique avec les clients su\u00e9dois qui investissent dans des propri\u00e9t\u00e9s espagnoles (r\u00e9sidences secondaires), en veillant \u00e0 ce que leur vision soit correctement traduite \u00e0 nos \u00e9quipes \u00e0 Madrid.<\/li>\n\n\n\n<li>Nous proposons des int\u00e9rieurs de haut niveau qui allient un minimalisme chaleureux \u00e0 des mat\u00e9riaux de luxe.<\/li>\n<\/ul>\n\n\n\n<p><strong>Le candidat id\u00e9al :<\/strong><\/p>\n\n\n\n<p>Compr\u00e9hension de la gestion de projets transfrontaliers.<\/p>\n\n\n\n<p>Parler couramment l'anglais (le su\u00e9dois est un atout).<\/p>\n\n\n\n<p>Exp\u00e9rience dans le domaine de la conception de logements haut de gamme ou de l'h\u00f4tellerie.<\/p>\n\n\n\n<p><strong>Postulez ci-dessous :<\/strong><\/p>\n\n\n<p><div class=\"forminator-ui forminator-custom-form forminator-custom-form-1327 forminator-design--material  forminator_ajax\" data-forminator-render=\"0\" data-form=\"forminator-module-1327\" data-uid=\"6a0485fb8d808\"><br\/><\/div><form\r\n\t\t\t\tid=\"forminator-module-1327\"\r\n\t\t\t\tclass=\"forminator-ui forminator-custom-form forminator-custom-form-1327 forminator-design--material  forminator_ajax\"\r\n\t\t\t\tmethod=\"post\"\r\n\t\t\t\tdata-forminator-render=\"0\"\r\n\t\t\t\tdata-form-id=\"1327\"\r\n\t\t\t\tenctype=\"multipart\/form-data\" data-color-option=\"theme\" data-design=\"material\" data-grid=\"open\" style=\"display: none;\"\r\n\t\t\t\tdata-uid=\"6a0485fb8d808\" action=\"\"\r\n\t\t\t><div role=\"alert\" aria-live=\"polite\" class=\"forminator-response-message forminator-error\" aria-hidden=\"true\"><\/div><div class=\"forminator-row\"><div id=\"name-1\" class=\"forminator-field-name forminator-col forminator-col-12\"><div class=\"forminator-field\"><label for=\"forminator-field-name-1_6a0485fb8d808\" id=\"forminator-field-name-1_6a0485fb8d808-label\" class=\"forminator-label\">Nom et pr\u00e9nom <span class=\"forminator-required\">*<\/span><\/label><input type=\"text\" name=\"name-1\" value=\"\" placeholder=\"\" id=\"forminator-field-name-1_6a0485fb8d808\" class=\"forminator-input forminator-name--field\" aria-required=\"true\" autocomplete=\"name\" \/><\/div><\/div><\/div><div class=\"forminator-row\"><div id=\"email-1\" class=\"forminator-field-email forminator-col forminator-col-6\"><div class=\"forminator-field\"><label for=\"forminator-field-email-1_6a0485fb8d808\" id=\"forminator-field-email-1_6a0485fb8d808-label\" class=\"forminator-label\">Courriel <span class=\"forminator-required\">*<\/span><\/label><input type=\"email\" name=\"email-1\" value=\"\" placeholder=\"\" id=\"forminator-field-email-1_6a0485fb8d808\" class=\"forminator-input forminator-email--field\" data-required=\"true\" aria-required=\"true\" autocomplete=\"email\" \/><\/div><\/div><div id=\"phone-1\" class=\"forminator-field-phone forminator-col forminator-col-6\"><div class=\"forminator-field\"><label for=\"forminator-field-phone-1_6a0485fb8d808\" id=\"forminator-field-phone-1_6a0485fb8d808-label\" class=\"forminator-label\">T\u00e9l\u00e9phone<\/label><input type=\"text\" name=\"phone-1\" value=\"\" placeholder=\"\" id=\"forminator-field-phone-1_6a0485fb8d808\" class=\"forminator-input forminator-field--phone\" data-required=\"\" aria-required=\"false\" autocomplete=\"off\" data-validation=\"1\" \/><\/div><\/div><\/div><div class=\"forminator-row\"><div id=\"text-1\" class=\"forminator-field-text forminator-col forminator-col-12\"><div class=\"forminator-field\"><label for=\"forminator-field-text-1_6a0485fb8d808\" id=\"forminator-field-text-1_6a0485fb8d808-label\" class=\"forminator-label\">R\u00f4le <span class=\"forminator-required\">*<\/span><\/label><input type=\"text\" name=\"text-1\" value=\"\" placeholder=\"\" id=\"forminator-field-text-1_6a0485fb8d808\" class=\"forminator-input forminator-name--field\" data-required=\"1\" \/><\/div><\/div><\/div><div class=\"forminator-row\"><div id=\"text-2\" class=\"forminator-field-text forminator-col forminator-col-12\"><div class=\"forminator-field\"><label for=\"forminator-field-text-2_6a0485fb8d808\" id=\"forminator-field-text-2_6a0485fb8d808-label\" class=\"forminator-label\">Localisation <span class=\"forminator-required\">*<\/span><\/label><input type=\"text\" name=\"text-2\" value=\"\" placeholder=\"\" id=\"forminator-field-text-2_6a0485fb8d808\" class=\"forminator-input forminator-name--field\" data-required=\"1\" \/><\/div><\/div><\/div><div class=\"forminator-row\"><div id=\"select-1\" class=\"forminator-field-select forminator-col forminator-col-12\"><div class=\"forminator-field\"><label for=\"forminator-form-1327__field--select-1_6a0485fb8d808\" id=\"forminator-form-1327__field--select-1_6a0485fb8d808-label\" class=\"forminator-label\">Comment avez-vous entendu parler de nous ? (Google, Instagram, LinkedIn,...)<\/label><select  id=\"forminator-form-1327__field--select-1_6a0485fb8d808\" class=\"forminator-select--field forminator-select2 forminator-select2-multiple\" data-required=\"\" name=\"select-1\" data-default-value=\"\" data-hidden-behavior=\"zero\" data-placeholder=\"\" data-search=\"false\" data-search-placeholder=\"\" data-checkbox=\"false\" data-allow-clear=\"false\" aria-labelledby=\"forminator-form-1327__field--select-1_6a0485fb8d808-label\"><option value=\"one\"  data-calculation=\"0\">Recherche Google<\/option><option value=\"two\"  data-calculation=\"0\">Google Maps<\/option><option value=\"LinkedIn\"  data-calculation=\"0\">LinkedIn<\/option><option value=\"Instagram\"  data-calculation=\"0\">Instagram<\/option><option value=\"Other\"  data-calculation=\"0\">Autres<\/option><\/select><\/div><\/div><\/div><div class=\"forminator-row\"><div id=\"textarea-1\" class=\"forminator-field-textarea forminator-col forminator-col-12\"><div class=\"forminator-field\"><label for=\"forminator-field-textarea-1_6a0485fb8d808\" id=\"forminator-field-textarea-1_6a0485fb8d808-label\" class=\"forminator-label\">Message<\/label><textarea name=\"textarea-1\" placeholder=\"\" id=\"forminator-field-textarea-1_6a0485fb8d808\" class=\"forminator-textarea\" rows=\"6\" style=\"--forminator-textarea-min-height:140px;\" ><\/textarea><\/div><\/div><\/div><div class=\"forminator-row\"><div id=\"upload-1\" class=\"forminator-field-upload forminator-col forminator-col-12\"><div class=\"forminator-field\"><label for=\"forminator-field-upload-1_6a0485fb8d808\" id=\"forminator-field-upload-1_6a0485fb8d808-label\" class=\"forminator-label\">T\u00e9l\u00e9charger des fichiers (CV, Portfolio, etc. - jusqu'\u00e0 15MB)<\/label><div class=\"forminator-multi-upload\" data-element=\"upload-1_6a0485fb8d808\"><input type=\"file\" name=\"upload-1[]\" id=\"forminator-field-upload-1_6a0485fb8d808\" class=\"forminator-input-file forminator-field-upload-1_6a0485fb8d808-1327\" multiple=\"multiple\" data-method=\"ajax\" data-size=\"15000000\" data-size-message=\"Maximum file size allowed is 15 MB. \"><div class=\"forminator-multi-upload-message\" aria-hidden=\"true\"><span class=\"forminator-icon-upload\" aria-hidden=\"true\"><\/span><p>Glisser-d\u00e9poser (ou) <a class=\"forminator-upload-file--forminator-field-upload-1_6a0485fb8d808\" href=\"#\" onclick=\"return false;\">Choisir les fichiers<\/a><\/p><\/div><\/div><ul class=\"forminator-uploaded-files upload-container-upload-1_6a0485fb8d808\"><\/ul><\/div><\/div><\/div><div class=\"forminator-row\"><div id=\"consent-1\" class=\"forminator-field-consent forminator-col forminator-col-12\"><div class=\"forminator-field\"><label for=\"forminator-field-consent-1_6a0485fb8d808\" id=\"forminator-field-consent-1_6a0485fb8d808-label\" class=\"forminator-label\">Consentement <span class=\"forminator-required\">*<\/span><\/label><div class=\"forminator-checkbox__wrapper\"><label id=\"forminator-field-consent-1_6a0485fb8d808__label\" class=\"forminator-checkbox forminator-consent\"><input type=\"checkbox\" name=\"consent-1\" id=\"forminator-field-consent-1_6a0485fb8d808\" value=\"checked\" aria-labelledby=\"forminator-field-consent-1_6a0485fb8d808-label\" aria-describedby=\"forminator-field-consent-1_6a0485fb8d808__description\" data-required=\"true\" aria-required=\"true\" \/><span class=\"forminator-checkbox-box\" aria-hidden=\"true\"><\/span><\/label><div id=\"forminator-field-consent-1_6a0485fb8d808__description\" class=\"forminator-checkbox__label forminator-consent__label\"><p>J'accepte les <a class=\"underline underline underline-offset-2 decoration-1 decoration-current\/40 hover:decoration-current focus:decoration-current\" href=\"https:\/\/wolfblanc.com\/fr\/legal\/\">politique de confidentialit\u00e9<\/a>.&nbsp;<\/p><\/div><\/div><\/div><\/div><\/div><div class=\"forminator-row\" style=\"margin: 0;\"><div id=\"captcha-1\" class=\"forminator-field-captcha  forminator-col-12\"><div class=\"forminator-captcha-left forminator-g-recaptcha recaptcha-invisible\" data-theme=\"light\" data-badge=\"bottomright\" data-sitekey=\"6LcY54csAAAAAALegveuieDoo37F7_h_up7F6slP\" data-size=\"invisible\"><\/div> <\/div><\/div><input type=\"hidden\" name=\"referer_url\" value=\"\" \/><div class=\"forminator-row forminator-row-last\"><div class=\"forminator-col\"><div class=\"forminator-field\"><button class=\"forminator-button forminator-button-submit\"><span>Envoyer<\/span><span aria-hidden=\"true\"><\/span><\/button><\/div><\/div><\/div><input type=\"hidden\" id=\"forminator_nonce\" name=\"forminator_nonce\" value=\"d86d3e41f4\" \/><input type=\"hidden\" name=\"_wp_http_referer\" value=\"\/fr\/wp-json\/wp\/v2\/pages\/7592\" \/><input type=\"hidden\" name=\"form_id\" value=\"1327\"><input type=\"hidden\" name=\"page_id\" value=\"7592\"><input type=\"hidden\" name=\"form_type\" value=\"default\"><input type=\"hidden\" name=\"current_url\" value=\"https:\/\/wolfblanc.com\/fr\/architect-residential-stockholm\/\"><input type=\"hidden\" name=\"render_id\" value=\"0\"><input type=\"hidden\" name=\"forminator-multifile-hidden\" class=\"forminator-multifile-hidden\"><input type=\"hidden\" name=\"action\" value=\"forminator_submit_form_custom-forms\"><input type=\"hidden\" name=\"trp-form-language\" value=\"fr\"\/><\/form><\/p>","protected":false},"excerpt":{"rendered":"<p>About WolfblancWolfblanc occupies a unique niche in Stockholm. We are the bridge between Scandinavia and Southern Europe. Our clients are sophisticated homeowners and investors who require seamless design management, whether they are renovating a penthouse in \u00d6stermalm or building a dream villa in Marbella or Mallorca. The RoleWe are looking for a&nbsp;Senior Architect&nbsp;to manage our [&hellip;]<\/p>\n","protected":false},"author":1,"featured_media":7839,"parent":0,"menu_order":0,"comment_status":"closed","ping_status":"closed","template":"","meta":{"iawp_total_views":83,"_vp_format_video_url":"","_vp_image_focal_point":[],"footnotes":""},"class_list":["post-7592","page","type-page","status-publish","has-post-thumbnail","hentry"],"_links":{"self":[{"href":"https:\/\/wolfblanc.com\/fr\/wp-json\/wp\/v2\/pages\/7592","targetHints":{"allow":["GET"]}}],"collection":[{"href":"https:\/\/wolfblanc.com\/fr\/wp-json\/wp\/v2\/pages"}],"about":[{"href":"https:\/\/wolfblanc.com\/fr\/wp-json\/wp\/v2\/types\/page"}],"author":[{"embeddable":true,"href":"https:\/\/wolfblanc.com\/fr\/wp-json\/wp\/v2\/users\/1"}],"replies":[{"embeddable":true,"href":"https:\/\/wolfblanc.com\/fr\/wp-json\/wp\/v2\/comments?post=7592"}],"version-history":[{"count":0,"href":"https:\/\/wolfblanc.com\/fr\/wp-json\/wp\/v2\/pages\/7592\/revisions"}],"wp:featuredmedia":[{"embeddable":true,"href":"https:\/\/wolfblanc.com\/fr\/wp-json\/wp\/v2\/media\/7839"}],"wp:attachment":[{"href":"https:\/\/wolfblanc.com\/fr\/wp-json\/wp\/v2\/media?parent=7592"}],"curies":[{"name":"wp","href":"https:\/\/api.w.org\/{rel}","templated":true}]}}