{"id":6847,"date":"2025-10-08T14:06:13","date_gmt":"2025-10-08T14:06:13","guid":{"rendered":"https:\/\/wolfblanc.com\/?page_id=6847"},"modified":"2026-04-29T15:03:55","modified_gmt":"2026-04-29T15:03:55","slug":"expertise","status":"publish","type":"page","link":"https:\/\/wolfblanc.com\/fr\/expertise\/","title":{"rendered":"Services"},"content":{"rendered":"<div class=\"wp-block-columns is-layout-flex wp-container-core-columns-is-layout-28f84493 wp-block-columns-is-layout-flex\">\n<div class=\"wp-block-column is-layout-flow wp-block-column-is-layout-flow\">\n<p class=\"has-text-align-center\">Wolfblanc est un studio d'architecture et de design \u00e0 service complet qui travaille \u00e0 toutes les \u00e9chelles et dans tous les domaines.<br>Nous accompagnons les projets de la conception \u00e0 la r\u00e9alisation ou nous nous joignons pr\u00e9cis\u00e9ment l\u00e0 o\u00f9 notre expertise apporte la plus grande valeur ajout\u00e9e.<\/p>\n\n\n\n<div class=\"wp-block-kadence-spacer aligncenter kt-block-spacer-6847_159261-78\"><div class=\"kt-block-spacer kt-block-spacer-halign-center\"><hr class=\"kt-divider\"\/><\/div><\/div>\n<\/div>\n<\/div>\n\n\n\n<div class=\"wp-block-columns alignfull is-layout-flex wp-container-core-columns-is-layout-5a67ddcc wp-block-columns-is-layout-flex\" style=\"margin-bottom:0;padding-right:var(--wp--preset--spacing--50);padding-left:var(--wp--preset--spacing--50)\">\n<div class=\"wp-block-column has-text-color has-background has-link-color wp-elements-78729a98c40b03efdb26f4881f747cb8 is-layout-flow wp-block-column-is-layout-flow\" style=\"color:#000000;background-color:#f4f4f4;padding-top:0em;padding-right:0em;padding-bottom:0em;padding-left:0em\">\n<figure class=\"wp-block-video\"><video height=\"480\" style=\"aspect-ratio: 854 \/ 480;\" width=\"854\" autoplay loop muted poster=\"https:\/\/wolfblanc.com\/wp-content\/uploads\/2026\/01\/EXPERTISE-ARCHITECTURE-Medium-mov-image.jpg\" src=\"https:\/\/wolfblanc.com\/wp-content\/uploads\/2026\/01\/EXPERTISE-ARCHITECTURE-Medium-1.mov\" playsinline class=\"lws-optimize-lazyload\"><\/video><\/figure>\n\n\n\n<h2 class=\"wp-block-heading\" id=\"single\" style=\"padding-top:0;padding-right:var(--wp--preset--spacing--40);padding-bottom:0;padding-left:var(--wp--preset--spacing--40);font-size:clamp(18.959px, 1.185rem + ((1vw - 3.2px) * 0.863), 30px);\"><strong>Architecture et paysage<\/strong><\/h2>\n\n\n\n<p class=\"has-small-font-size\" style=\"padding-top:0;padding-right:var(--wp--preset--spacing--40);padding-bottom:var(--wp--preset--spacing--40);padding-left:var(--wp--preset--spacing--40)\">Nous concevons les b\u00e2timents et leur environnement comme un syst\u00e8me int\u00e9gr\u00e9.<br>De la conception \u00e0 l'ach\u00e8vement, notre travail \u00e9quilibre la clart\u00e9 spatiale, la r\u00e9ponse environnementale et la constructibilit\u00e9 - en fa\u00e7onnant une architecture qui s'adapte au site, au climat et au contexte.<br><br><a href=\"https:\/\/wolfblanc.com\/fr\/architecture-landscape\/\">Voir le service<\/a> ><\/p>\n<\/div>\n\n\n\n<div class=\"wp-block-column has-text-color has-background has-link-color wp-elements-3a271832adb8fc74bcfaa8243ef182b6 is-layout-flow wp-block-column-is-layout-flow\" style=\"color:#000000;background-color:#f4f4f4;padding-top:0em;padding-right:0em;padding-bottom:0em;padding-left:0em\">\n<figure class=\"wp-block-video\"><video height=\"480\" style=\"aspect-ratio: 854 \/ 480;\" width=\"854\" autoplay loop muted poster=\"https:\/\/wolfblanc.com\/wp-content\/uploads\/2026\/01\/EXPERTISE-RESIDENTIAL-2-Medium-mov-image.jpg\" src=\"https:\/\/wolfblanc.com\/wp-content\/uploads\/2026\/01\/EXPERTISE-RESIDENTIAL-2-Medium.mov\" playsinline class=\"lws-optimize-lazyload\"><\/video><\/figure>\n\n\n\n<h2 class=\"wp-block-heading\" id=\"single\" style=\"padding-right:var(--wp--preset--spacing--40);padding-left:var(--wp--preset--spacing--40);font-size:clamp(18.959px, 1.185rem + ((1vw - 3.2px) * 0.863), 30px);\"><strong>Int\u00e9rieurs r\u00e9sidentiels<\/strong><\/h2>\n\n\n\n<p class=\"has-small-font-size\" style=\"padding-right:var(--wp--preset--spacing--40);padding-bottom:var(--wp--preset--spacing--40);padding-left:var(--wp--preset--spacing--40)\">Nous concevons des environnements int\u00e9rieurs qui fonctionnent et se sentent bien.<br>Chaque espace est adapt\u00e9 \u00e0 l'usage quotidien, avec une attention particuli\u00e8re \u00e0 la lumi\u00e8re, aux mat\u00e9riaux et \u00e0 l'atmosph\u00e8re. Nos int\u00e9rieurs allient clart\u00e9, confort et efficacit\u00e9, \u00e9quilibrant l'exp\u00e9rience humaine et la fonctionnalit\u00e9 mesurable.<br><br><a href=\"https:\/\/wolfblanc.com\/fr\/residential-interiors\/\">Voir le service<\/a> ><\/p>\n<\/div>\n\n\n\n<div class=\"wp-block-column has-text-color has-background has-link-color wp-elements-9c23388f145bbdb86ca53ed0868ddd67 is-layout-flow wp-block-column-is-layout-flow\" style=\"color:#000000;background-color:#f4f4f4;padding-top:0em;padding-right:0em;padding-bottom:0em;padding-left:0em\">\n<figure class=\"wp-block-video\"><video height=\"480\" style=\"aspect-ratio: 854 \/ 480;\" width=\"854\" autoplay loop muted poster=\"https:\/\/wolfblanc.com\/wp-content\/uploads\/2026\/01\/EXPERTISE-COMMERCIAL-Medium-mov-image.jpg\" src=\"https:\/\/wolfblanc.com\/wp-content\/uploads\/2026\/01\/EXPERTISE-COMMERCIAL-Medium.mov\" playsinline class=\"lws-optimize-lazyload\"><\/video><\/figure>\n\n\n\n<h2 class=\"wp-block-heading\" id=\"single\" style=\"padding-right:var(--wp--preset--spacing--40);padding-left:var(--wp--preset--spacing--40);font-size:clamp(18.959px, 1.185rem + ((1vw - 3.2px) * 0.863), 30px);\"><strong>Strat\u00e9gie commerciale et int\u00e9rieurs<\/strong><\/h2>\n\n\n\n<p class=\"has-small-font-size\" style=\"padding-right:var(--wp--preset--spacing--40);padding-bottom:var(--wp--preset--spacing--40);padding-left:var(--wp--preset--spacing--40)\">Nous concevons des environnements performants pour les marques et les investisseurs. Qu'il s'agisse d'espaces de travail agiles, de lieux d'accueil, de salles d'exposition immersives ou de concepts de vente au d\u00e9tail, notre division sp\u00e9cialis\u00e9e&nbsp;<strong>EOLOS DESIGN LAB<\/strong>&nbsp;cr\u00e9e des int\u00e9rieurs commerciaux qui allient l'identit\u00e9 de la marque \u00e0 l'efficacit\u00e9 op\u00e9rationnelle.<br><br><a href=\"https:\/\/eolos.es\/\" target=\"_blank\" rel=\"noopener\">EOLOS ESPAGNE<\/a> - <a href=\"https:\/\/eolos.se\/\" target=\"_blank\" rel=\"noopener\">EOLOS SU\u00c8DE<\/a> - <a href=\"https:\/\/wolfblanc.com\/fr\/eolos-greece\/\" data-type=\"page\" data-id=\"9481\">EOLOS GRECE<\/a><\/p>\n<\/div>\n<\/div>\n\n\n\n<div class=\"wp-block-columns alignfull is-layout-flex wp-container-core-columns-is-layout-5a67ddcc wp-block-columns-is-layout-flex\" style=\"margin-bottom:0;padding-right:var(--wp--preset--spacing--50);padding-left:var(--wp--preset--spacing--50)\">\n<div class=\"wp-block-column has-text-color has-background has-link-color wp-elements-cc9495b031282058aa9d51f7e24ed5aa is-layout-flow wp-block-column-is-layout-flow\" style=\"color:#000000;background-color:#f4f4f4;padding-top:0em;padding-right:0em;padding-bottom:0em;padding-left:0em\">\n<figure class=\"wp-block-video\"><video height=\"480\" style=\"aspect-ratio: 854 \/ 480;\" width=\"854\" autoplay loop muted poster=\"https:\/\/wolfblanc.com\/wp-content\/uploads\/2026\/01\/EXPERTISE-PM-Medium-mov-image.jpg\" src=\"https:\/\/wolfblanc.com\/wp-content\/uploads\/2026\/01\/EXPERTISE-PM-Medium.mov\" playsinline class=\"lws-optimize-lazyload\"><\/video><\/figure>\n\n\n\n<h2 class=\"wp-block-heading\" id=\"single\" style=\"padding-right:var(--wp--preset--spacing--40);padding-left:var(--wp--preset--spacing--40);font-size:clamp(18.959px, 1.185rem + ((1vw - 3.2px) * 0.863), 30px);\"><strong>Gestion de projet<\/strong><\/h2>\n\n\n\n<p class=\"has-small-font-size\" style=\"padding-right:var(--wp--preset--spacing--40);padding-bottom:var(--wp--preset--spacing--40);padding-left:var(--wp--preset--spacing--40)\">Nous menons des projets avec une forte coordination, une communication claire et des flux de travail BIM int\u00e9gr\u00e9s - garantissant la structure, l'efficacit\u00e9 et la qualit\u00e9 de la conception \u00e0 l'ach\u00e8vement.<br><br><a href=\"https:\/\/wolfblanc.com\/fr\/project-management\/\">Voir le service<\/a> &gt;<\/p>\n<\/div>\n\n\n\n<div class=\"wp-block-column has-text-color has-background has-link-color wp-elements-6cf1bacedcafe5f270d41d4f78f7afeb is-layout-flow wp-block-column-is-layout-flow\" style=\"color:#000000;background-color:#f4f4f4;padding-top:0em;padding-right:0em;padding-bottom:0em;padding-left:0em\">\n<figure class=\"wp-block-video\"><video height=\"480\" style=\"aspect-ratio: 854 \/ 480;\" width=\"854\" autoplay loop muted poster=\"https:\/\/wolfblanc.com\/wp-content\/uploads\/2026\/01\/EXPERTISE-WELL-AP-Medium-mov-image.jpg\" src=\"https:\/\/wolfblanc.com\/wp-content\/uploads\/2026\/01\/EXPERTISE-WELL-AP-Medium.mov\" playsinline class=\"lws-optimize-lazyload\"><\/video><\/figure>\n\n\n\n<h2 class=\"wp-block-heading\" id=\"single\" style=\"padding-right:var(--wp--preset--spacing--40);padding-left:var(--wp--preset--spacing--40);font-size:clamp(18.959px, 1.185rem + ((1vw - 3.2px) * 0.863), 30px);\"><strong>Conseil en bien-\u00eatre<\/strong><\/h2>\n\n\n\n<p class=\"has-small-font-size\" style=\"padding-right:var(--wp--preset--spacing--40);padding-bottom:var(--wp--preset--spacing--40);padding-left:var(--wp--preset--spacing--40)\">Nous concevons des produits pour la sant\u00e9 et les performances humaines.<br>En tant que consultants WELL AP, nous mesurons et optimisons l'air, la lumi\u00e8re, l'acoustique et le confort - en veillant \u00e0 ce que chaque projet favorise le bien-\u00eatre physique et mental gr\u00e2ce \u00e0 une conception fond\u00e9e sur des donn\u00e9es probantes.<br><br><a href=\"https:\/\/wolfblanc.com\/fr\/well-being-consultancy\/\">Voir le service<\/a> &gt;<\/p>\n<\/div>\n\n\n\n<div class=\"wp-block-column has-text-color has-background has-link-color wp-elements-4d4ffb7847b2330468f9059b5e3e0264 is-layout-flow wp-block-column-is-layout-flow\" style=\"color:#000000;background-color:#f4f4f4;padding-top:0em;padding-right:0em;padding-bottom:0em;padding-left:0em\">\n<figure class=\"wp-block-video\"><video height=\"480\" style=\"aspect-ratio: 854 \/ 480;\" width=\"854\" autoplay loop muted poster=\"https:\/\/wolfblanc.com\/wp-content\/uploads\/2026\/01\/EXPERTISE-BIM-Medium-mov-image.jpg\" src=\"https:\/\/wolfblanc.com\/wp-content\/uploads\/2026\/01\/EXPERTISE-BIM-Medium.mov\" playsinline class=\"lws-optimize-lazyload\"><\/video><\/figure>\n\n\n\n<h2 class=\"wp-block-heading\" id=\"single\" style=\"padding-right:var(--wp--preset--spacing--40);padding-left:var(--wp--preset--spacing--40);font-size:clamp(18.959px, 1.185rem + ((1vw - 3.2px) * 0.863), 30px);\"><strong>Conseil BIM<\/strong><\/h2>\n\n\n\n<p class=\"has-small-font-size\" style=\"padding-right:var(--wp--preset--spacing--40);padding-bottom:var(--wp--preset--spacing--40);padding-left:var(--wp--preset--spacing--40)\">La pr\u00e9cision num\u00e9rique \u00e0 chaque \u00e9tape.<br>Gr\u00e2ce \u00e0 notre vaste exp\u00e9rience en tant que gestionnaires BIM, nous rationalisons la coordination, r\u00e9duisons les risques et am\u00e9liorons la collaboration entre les diff\u00e9rentes disciplines - transformant les donn\u00e9es de conception en un outil permettant de prendre des d\u00e9cisions plus judicieuses et de r\u00e9aliser des livraisons efficaces.<br><br><a href=\"https:\/\/wolfblanc.com\/fr\/bim-consultancy\/\">Voir le service<\/a> &gt;<\/p>\n<\/div>\n<\/div>\n\n\n\n<div class=\"wp-block-kadence-spacer alignfull kt-block-spacer-6847_6fce40-e7\"><div class=\"kt-block-spacer kt-block-spacer-halign-center\"><hr class=\"kt-divider\"\/><\/div><\/div>\n\n\n\n<div class=\"wp-block-cover alignfull is-light has-theme-1-color has-text-color has-link-color wp-elements-392e2a040c0e67d09cd4e0eae8adb9ea\" style=\"margin-top:0;padding-top:5vw;padding-right:5vw;padding-bottom:5vw;padding-left:5vw;min-height:314px;aspect-ratio:unset;\"><span aria-hidden=\"true\" class=\"wp-block-cover__background has-theme-5-background-color has-background-dim-100 has-background-dim\"><\/span><div class=\"wp-block-cover__inner-container is-layout-flow wp-block-cover-is-layout-flow\">\n<div class=\"wp-block-group is-layout-flex wp-container-core-group-is-layout-d0921e6e wp-block-group-is-layout-flex\">\n<div class=\"wp-block-group wp-container-content-9cfa9a5a is-layout-flow wp-container-core-group-is-layout-d6743c7d wp-block-group-is-layout-flow\">\n<p class=\"has-text-align-center has-theme-1-color has-theme-5-background-color has-text-color has-background\" style=\"padding-top:var(--wp--preset--spacing--40);padding-right:0;padding-bottom:var(--wp--preset--spacing--40);padding-left:0;font-size:clamp(33.419px, 2.089rem + ((1vw - 3.2px) * 2.077), 60px);letter-spacing:0px;line-height:0.8;text-transform:capitalize\"><strong>R\u00e9server une consultation gratuite<\/strong><\/p>\n\n\n\n<p class=\"has-text-align-center has-medium-font-size\" style=\"padding-top:var(--wp--preset--spacing--40);padding-bottom:var(--wp--preset--spacing--40)\">Les clients peuvent faire appel \u00e0 Wolfblanc pour des services individuels ou nous confier une prestation compl\u00e8te.<\/p>\n\n\n\n<div class=\"wp-block-buttons is-content-justification-center is-layout-flex wp-container-core-buttons-is-layout-a89b3969 wp-block-buttons-is-layout-flex\">\n<div class=\"wp-block-button\"><a class=\"wp-block-button__link has-theme-5-color has-theme-1-background-color has-text-color has-background has-link-color wp-element-button\" href=\"https:\/\/wolfblanc.com\/fr\/contact\/\" style=\"border-radius:100px\"><strong>Nous contacter<\/strong><\/a><\/div>\n<\/div>\n<\/div>\n<\/div>\n<\/div><\/div>","protected":false},"excerpt":{"rendered":"<p>Wolfblanc is a full-service architecture and design studio working across scales and types.We guide projects from concept to completion or join precisely where our expertise adds the most value. Architecture &amp; Landscape We design buildings and their environments as one integrated system.From concept to completion, our work balances spatial clarity, environmental response, and buildability &#8211; [&hellip;]<\/p>\n","protected":false},"author":1,"featured_media":7819,"parent":0,"menu_order":0,"comment_status":"closed","ping_status":"closed","template":"","meta":{"iawp_total_views":391,"_vp_format_video_url":"","_vp_image_focal_point":[],"footnotes":""},"class_list":["post-6847","page","type-page","status-publish","has-post-thumbnail","hentry"],"_links":{"self":[{"href":"https:\/\/wolfblanc.com\/fr\/wp-json\/wp\/v2\/pages\/6847","targetHints":{"allow":["GET"]}}],"collection":[{"href":"https:\/\/wolfblanc.com\/fr\/wp-json\/wp\/v2\/pages"}],"about":[{"href":"https:\/\/wolfblanc.com\/fr\/wp-json\/wp\/v2\/types\/page"}],"author":[{"embeddable":true,"href":"https:\/\/wolfblanc.com\/fr\/wp-json\/wp\/v2\/users\/1"}],"replies":[{"embeddable":true,"href":"https:\/\/wolfblanc.com\/fr\/wp-json\/wp\/v2\/comments?post=6847"}],"version-history":[{"count":0,"href":"https:\/\/wolfblanc.com\/fr\/wp-json\/wp\/v2\/pages\/6847\/revisions"}],"wp:featuredmedia":[{"embeddable":true,"href":"https:\/\/wolfblanc.com\/fr\/wp-json\/wp\/v2\/media\/7819"}],"wp:attachment":[{"href":"https:\/\/wolfblanc.com\/fr\/wp-json\/wp\/v2\/media?parent=6847"}],"curies":[{"name":"wp","href":"https:\/\/api.w.org\/{rel}","templated":true}]}}