{"id":48,"date":"2024-12-07T12:00:42","date_gmt":"2024-12-07T12:00:42","guid":{"rendered":"https:\/\/wolfblanc.com\/?page_id=48"},"modified":"2026-04-30T13:29:04","modified_gmt":"2026-04-30T13:29:04","slug":"legal","status":"publish","type":"page","link":"https:\/\/wolfblanc.com\/fr\/legal\/","title":{"rendered":"Juridique"},"content":{"rendered":"<p class=\"has-text-align-center has-medium-font-size\">Conditions g\u00e9n\u00e9rales - Politique de confidentialit\u00e9 - Politique en mati\u00e8re de cookies<\/p>\n\n\n\n<p class=\"has-small-font-size\"><strong>Date d'entr\u00e9e en vigueur<\/strong>: 04\/2026<\/p>\n\n\n\n<p class=\"has-theme-5-color has-text-color has-link-color has-small-font-size wp-elements-b4763f17f4b465eb412bdca027f21438\">Bienvenue \u00e0 <a href=\"https:\/\/wolfblanc.com\/fr\/\">www.wolfblanc.com<\/a> (le \u201csite web\u201d), le site web officiel de <strong>Wolfblanc Architects<\/strong> <strong>S.L.<\/strong> (\u201cWolfblanc\u201d, \u201cnous\u201d, \u201cnotre\u201d ou \u201cnos\u201d).<\/p>\n\n\n\n<p class=\"has-small-font-size\"><strong>Informations sur l'entreprise<\/strong><\/p>\n\n\n\n<p>Wolfblanc Architects S.L. (NIF B22578207) est une soci\u00e9t\u00e9 l\u00e9galement enregistr\u00e9e \u00e0 Madrid, en Espagne.<\/p>\n\n\n\n<p>Adresse du si\u00e8ge social : Calle Hermosilla 48, 28001 Madrid, Espagne<\/p>\n\n\n\n<p><strong>Localisation des bureaux<\/strong><\/p>\n\n\n\n<p><strong>Espagne<\/strong><\/p>\n\n\n\n<ul class=\"wp-block-list\">\n<li>Madrid : Calle Hermosilla 48, 28001<\/li>\n\n\n\n<li>Centre d'affaires Oasis, Carretera de C\u00e1diz km 176, Oficina 9, 29602 Marbella, M\u00e1laga, Espagne<\/li>\n\n\n\n<li>Barcelone : Carrer de Pallars 193, 08005<\/li>\n<\/ul>\n\n\n\n<p><strong>Su\u00e8de<\/strong><\/p>\n\n\n\n<ul class=\"wp-block-list\">\n<li>Stockholm : Kungsgatan 9, 11143<\/li>\n\n\n\n<li>Godk\u00e4nd f\u00f6r F-skatt.<\/li>\n<\/ul>\n\n\n\n<p><strong>Gr\u00e8ce<\/strong><\/p>\n\n\n\n<ul class=\"wp-block-list\">\n<li>Ath\u00e8nes : Ermou 56, 10563<\/li>\n<\/ul>\n\n\n\n<p><strong>Enregistrements professionnels<\/strong><\/p>\n\n\n\n<ul class=\"wp-block-list\">\n<li>Espagne : COAM N.25160<\/li>\n\n\n\n<li>Su\u00e8de : SAR\/MSA<\/li>\n\n\n\n<li>Gr\u00e8ce : TEE-TCG N.168011.<\/li>\n<\/ul>\n\n\n\n<p>Tout le contenu de ce site Web est fourni \u00e0 titre d'information uniquement et ne constitue pas une offre formelle de services ou d'engagement juridique.<\/p>\n\n\n\n<p class=\"has-small-font-size\">En acc\u00e9dant \u00e0 ce site web et en l'utilisant, vous acceptez les conditions \u00e9nonc\u00e9es ci-dessous. Veuillez les consulter r\u00e9guli\u00e8rement, car elles peuvent \u00eatre mises \u00e0 jour.<\/p>\n\n\n\n<div class=\"wp-block-kadence-spacer aligncenter kt-block-spacer-48_772219-a6\"><div class=\"kt-block-spacer kt-block-spacer-halign-center\"><hr class=\"kt-divider\" \/><\/div><\/div>\n\n\n\n<details class=\"wp-block-details has-small-font-size is-layout-flow wp-block-details-is-layout-flow\" style=\"line-height:1.5\"><summary>Conditions g\u00e9n\u00e9rales d'utilisation<\/summary>\n<p><strong>1. Utilisation de ce site web<\/strong><\/p>\n\n\n\n<p>En utilisant ce site Web, vous reconnaissez avoir lu, compris et accept\u00e9 d'\u00eatre li\u00e9 par les pr\u00e9sentes conditions g\u00e9n\u00e9rales, ainsi que par nos politiques de confidentialit\u00e9 et de cookies. Celles-ci sont conformes au r\u00e8glement (UE) 2016\/679 (GDPR) et aux lois nationales applicables.<br>Vous acceptez d'utiliser le site web de mani\u00e8re l\u00e9gale, professionnelle et de bonne foi. L'utilisation non autoris\u00e9e, la modification ou l'utilisation abusive du contenu sont interdites. Wolfblanc se r\u00e9serve le droit d'intenter une action en justice en cas d'utilisation abusive de ce site Web.<\/p>\n\n\n\n<p><strong>2. La propri\u00e9t\u00e9 intellectuelle<\/strong><\/p>\n\n\n\n<p>Tout le contenu du site Web - y compris les images, les textes, les graphiques, les dessins et le mat\u00e9riel de projet - est la propri\u00e9t\u00e9 intellectuelle de Wolfblanc Architects S.L. ou de ses collaborateurs l\u00e9gitimes.<br>Aucun contenu ne peut \u00eatre reproduit, modifi\u00e9, distribu\u00e9 ou utilis\u00e9 \u00e0 des fins commerciales sans autorisation \u00e9crite pr\u00e9alable. L'utilisation personnelle (consultation ou mise en signet) est autoris\u00e9e, mais la redistribution ou l'utilisation commerciale est strictement interdite.<br>L'apparition d'un contenu sur le site web n'implique aucune licence ou droit d'utilisation, \u00e0 moins qu'il ne soit explicitement accord\u00e9 par \u00e9crit.<\/p>\n\n\n\n<p><strong>3. Limitation de la responsabilit\u00e9<\/strong><\/p>\n\n\n\n<p>Wolfblanc n'est pas responsable des pertes ou dommages directs ou indirects r\u00e9sultant de l'utilisation de ce site Web. Nous ne garantissons pas la disponibilit\u00e9 ininterrompue du site Web ni l'absence d'erreurs techniques.<br>Ce site web est fourni \u201cen l'\u00e9tat\u201d, sans aucune garantie quant \u00e0 l'exactitude, l'ad\u00e9quation \u00e0 l'objectif ou l'exhaustivit\u00e9. Les utilisateurs acceptent l'enti\u00e8re responsabilit\u00e9 de l'utilisation du site web et des risques techniques qui y sont associ\u00e9s.<\/p>\n<\/details>\n\n\n\n<details class=\"wp-block-details has-small-font-size is-layout-flow wp-block-details-is-layout-flow\" style=\"line-height:1.5\"><summary>Digital Staging - Conditions d'utilisation<\/summary>\n<p><strong>1. Image gratuite<\/strong><\/p>\n\n\n\n<p>La premi\u00e8re image gratuite est disponible une fois par personne et par entreprise, avec un code promotionnel valide. Elle n'est offerte qu'\u00e0 des fins d'\u00e9valuation et ne comprend pas de droits commerciaux. Elle ne peut \u00eatre utilis\u00e9e dans les annonces immobili\u00e8res, les portails immobiliers, la publicit\u00e9 ou tout autre mat\u00e9riel de marketing.<\/p>\n\n\n\n<p>Wolfblanc se r\u00e9serve le droit de refuser une demande de code promotionnel sans en donner la raison.<\/p>\n\n\n\n<p><strong>2. Droits d'utilisation<\/strong><\/p>\n\n\n\n<p>Les images produites dans le cadre de commandes pay\u00e9es incluent tous les droits commerciaux pour l'utilisation par le client de ses propres canaux : site web, portails immobiliers, m\u00e9dias sociaux et impression.<\/p>\n\n\n\n<p>Les images ne peuvent \u00eatre revendues, transf\u00e9r\u00e9es \u00e0 des tiers ou utilis\u00e9es en dehors du projet pour lequel elles ont \u00e9t\u00e9 command\u00e9es sans l'accord \u00e9crit pr\u00e9alable de Wolfblanc.<\/p>\n\n\n\n<p><strong>3. Propri\u00e9t\u00e9 de la photographie originale<\/strong><\/p>\n\n\n\n<p>En soumettant une image, le client garantit qu'il d\u00e9tient les droits n\u00e9cessaires pour cette photographie. Wolfblanc d\u00e9cline toute responsabilit\u00e9 quant aux cons\u00e9quences de l'utilisation d'images pour lesquelles le client ne d\u00e9tient pas les droits requis.<\/p>\n\n\n\n<p><strong>4. Qualit\u00e9 de la production<\/strong><\/p>\n\n\n\n<p>Le r\u00e9sultat final d\u00e9pend de la qualit\u00e9 de la photographie originale. Wolfblanc n'est pas responsable des r\u00e9sultats limit\u00e9s caus\u00e9s par un mauvais \u00e9clairage, une faible r\u00e9solution ou des angles difficiles.<\/p>\n\n\n\n<p><strong>5. R\u00e9visions<\/strong><\/p>\n\n\n\n<p>Le prix par image comprend une r\u00e9vision. Les r\u00e9visions suppl\u00e9mentaires font l'objet d'un devis s\u00e9par\u00e9, sauf accord \u00e9crit contraire.<\/p>\n\n\n\n<p><strong>6. Nature du service<\/strong><\/p>\n\n\n\n<p>Les images produites sont des visualisations num\u00e9riques \u00e0 des fins de marketing. Elles ne constituent pas de la documentation technique, des dessins d'architecture ou toute autre forme d'engagement en mati\u00e8re de conception ou de construction.<\/p>\n<\/details>\n\n\n\n<details class=\"wp-block-details has-small-font-size is-layout-flow wp-block-details-is-layout-flow\"><summary>Politique de confidentialit\u00e9<\/summary>\n<p><strong>1. Les informations que nous collectons<\/strong><\/p>\n\n\n\n<p>Nous pouvons collecter des donn\u00e9es personnelles (par exemple, le nom, l'adresse \u00e9lectronique, le num\u00e9ro de t\u00e9l\u00e9phone) si vous nous contactez directement par l'interm\u00e9diaire du site web. Nous utilisons Google Analytics pour comprendre l'utilisation du site web et am\u00e9liorer nos services. Cela implique la collecte de donn\u00e9es d'utilisation du site web conform\u00e9ment \u00e0 la politique de confidentialit\u00e9 de Google.<\/p>\n\n\n\n<p><strong>2. Comment nous utilisons vos donn\u00e9es<\/strong><\/p>\n\n\n\n<p>Les donn\u00e9es collect\u00e9es peuvent \u00eatre utilis\u00e9es pour :<\/p>\n\n\n\n<ul class=\"wp-block-list\">\n<li>R\u00e9pondre aux demandes de renseignements et aux requ\u00eates<\/li>\n\n\n\n<li>Am\u00e9liorer les services et l'exp\u00e9rience des utilisateurs<\/li>\n\n\n\n<li>Envoyer des mises \u00e0 jour ou des communications sur demande<\/li>\n\n\n\n<li>remplir des obligations l\u00e9gales ou r\u00e9glementaires<\/li>\n<\/ul>\n\n\n\n<p><strong>3. Communication B2B<\/strong><\/p>\n\n\n\n<p class=\"has-theme-5-color has-text-color has-link-color wp-elements-521b1aea218368efee39cc1f4b526173\">Dans le cadre de nos services B2B, nous pouvons envoyer des communications professionnelles sur la base de notre int\u00e9r\u00eat l\u00e9gitime.<br>Les interactions avec nos courriels peuvent \u00eatre trait\u00e9es afin d'am\u00e9liorer la pertinence de nos communications.<br>Les destinataires peuvent se d\u00e9sinscrire \u00e0 tout moment directement \u00e0 partir de l'e-mail ou en nous contactant \u00e0 l'adresse suivante <a href=\"mailto:legal@wolfblanc.com\"><strong>legal@wolfblanc.com<\/strong><\/a><\/p>\n\n\n\n<p><strong>4. Base juridique du traitement<\/strong><\/p>\n\n\n\n<p>Nous traitons vos donn\u00e9es personnelles sur la base de<\/p>\n\n\n\n<ul class=\"wp-block-list\">\n<li>Votre consentement (par exemple, communications marketing, cookies)<\/li>\n\n\n\n<li>Int\u00e9r\u00eats l\u00e9gitimes (par exemple, s\u00e9curit\u00e9 du site web et analyses anonymes)<\/li>\n\n\n\n<li>Obligations l\u00e9gales, le cas \u00e9ch\u00e9ant<\/li>\n<\/ul>\n\n\n\n<p><strong>5. Partage des donn\u00e9es<\/strong><\/p>\n\n\n\n<p>Nous ne vendons pas vos donn\u00e9es. Elles ne peuvent \u00eatre partag\u00e9es qu'avec des prestataires de services de confiance qui nous aident \u00e0 exploiter ce site web, dans le cadre d'accords de confidentialit\u00e9.<br><br>Le traitement des paiements est assur\u00e9 par Stripe, Inc. Lorsque vous passez une commande, vos donn\u00e9es de paiement sont transmises de mani\u00e8re s\u00e9curis\u00e9e \u00e0 Stripe et ne sont pas stock\u00e9es sur nos serveurs. En fonction de la m\u00e9thode de paiement s\u00e9lectionn\u00e9e - carte, Apple Pay, Google Pay ou Klarna - des conditions suppl\u00e9mentaires de ces fournisseurs peuvent s'appliquer. La politique de confidentialit\u00e9 de Stripe est disponible sur stripe.com\/privacy.<\/p>\n\n\n\n<p><strong>6. S\u00e9curit\u00e9 des donn\u00e9es<\/strong><\/p>\n\n\n\n<p>Nous mettons en \u0153uvre des mesures de s\u00e9curit\u00e9 pour prot\u00e9ger vos donn\u00e9es. Toutefois, aucun syst\u00e8me n'est enti\u00e8rement s\u00fbr et nous ne pouvons pas garantir une protection absolue.<\/p>\n\n\n\n<p><strong>7. Vos droits<\/strong><\/p>\n\n\n\n<p>Vous avez le droit de :<\/p>\n\n\n\n<ul class=\"wp-block-list\">\n<li>Acc\u00e9der \u00e0 vos donn\u00e9es personnelles, les corriger ou les supprimer<\/li>\n\n\n\n<li>S'opposer au traitement ou le restreindre<\/li>\n\n\n\n<li>Retirer son consentement \u00e0 tout moment<\/li>\n\n\n\n<li>Demander la portabilit\u00e9 des donn\u00e9es<\/li>\n\n\n\n<li class=\"has-theme-5-color has-text-color has-link-color wp-elements-ec50b55308b5b5b2ec157fa72b6d439b\">D\u00e9poser une plainte aupr\u00e8s d'une autorit\u00e9 de contr\u00f4le<br><br>Pour exercer ces droits, envoyez-nous un courriel \u00e0 l'adresse suivante <a href=\"mailto:legal@wolfblanc.com\"><strong>legal@wolfblanc.com<\/strong><\/a><\/li>\n<\/ul>\n\n\n\n<p><strong>8. Conservation des donn\u00e9es<\/strong><\/p>\n\n\n\n<p>Vos donn\u00e9es ne sont conserv\u00e9es que pendant la dur\u00e9e n\u00e9cessaire \u00e0 la r\u00e9alisation de l'objectif pour lequel elles ont \u00e9t\u00e9 collect\u00e9es, ou pendant la dur\u00e9e l\u00e9gale.<\/p>\n\n\n\n<p><strong>9. Avis de non-responsabilit\u00e9 de Google<\/strong><\/p>\n\n\n\n<p class=\"has-theme-5-color has-text-color has-link-color wp-elements-4cbd310c9b168caec4397e52d73d3364\">Ce site est prot\u00e9g\u00e9 par reCAPTCHA et la technologie Google <a href=\"https:\/\/policies.google.com\/privacy\" data-type=\"link\" data-id=\"https:\/\/policies.google.com\/privacy\" target=\"_blank\" rel=\"noopener\"><strong>Politique de confidentialit\u00e9<\/strong><\/a> et <a href=\"https:\/\/policies.google.com\/terms\" data-type=\"link\" data-id=\"https:\/\/policies.google.com\/terms\" target=\"_blank\" rel=\"noopener\"><strong>Conditions d'utilisation<\/strong><\/a> s'appliquer.<\/p>\n<\/details>\n\n\n\n<details class=\"wp-block-details has-small-font-size is-layout-flow wp-block-details-is-layout-flow\"><summary>Politique en mati\u00e8re de cookies<\/summary>\n<p><strong>1. Que sont les Cookies ?<\/strong><\/p>\n\n\n\n<p>Cookies sont de petits fichiers texte stock\u00e9s sur votre appareil qui permettent des fonctions essentielles du site web et am\u00e9liorent votre exp\u00e9rience.<\/p>\n\n\n\n<p><strong>2. Ce que nous utilisons<\/strong><\/p>\n\n\n\n<p>Ce site utilise cookies pour ses fonctionnalit\u00e9s et Google Analytics cookies pour mesurer le trafic et am\u00e9liorer nos services.<\/p>\n\n\n\n<p><strong>3. Gestion de Cookies<\/strong><\/p>\n\n\n\n<p>Vous pouvez contr\u00f4ler ou d\u00e9sactiver cookies via les param\u00e8tres de votre navigateur ; toutefois, la d\u00e9sactivation de cookies essentiel peut affecter les performances ou la fonctionnalit\u00e9 du site web.<\/p>\n\n\n\n<p><strong>4. Tiers Cookies<\/strong><\/p>\n\n\n\n<p>Nous n'utilisons pas de publicit\u00e9, de suivi comportemental ou de marketing cookies. Les services d'analyse fonctionnent dans le respect des lois sur la protection de la vie priv\u00e9e et ne vous suivent pas sans votre consentement explicite.<\/p>\n<\/details>\n\n\n\n<details class=\"wp-block-details has-small-font-size is-layout-flow wp-block-details-is-layout-flow\"><summary>Confidentialit\u00e9<\/summary>\n<p>Toutes les informations communiqu\u00e9es \u00e0 Wolfblanc sont trait\u00e9es de mani\u00e8re confidentielle d\u00e8s le premier contact. Aucun d\u00e9tail concernant votre projet, votre entreprise ou votre situation n'est communiqu\u00e9 \u00e0 des tiers sans votre accord \u00e9crit explicite.<\/p>\n\n\n\n<p>Si vous le souhaitez, nous pouvons signer un accord de non-divulgation (NDA) avant toute premi\u00e8re r\u00e9union ou tout \u00e9change d'informations. Demandez-en un \u00e0 <a href=\"mailto:legal@wolfblanc.com\"><strong>legal@wolfblanc.com<\/strong><\/a>.<\/p>\n<\/details>\n\n\n\n<details class=\"wp-block-details has-small-font-size is-layout-flow wp-block-details-is-layout-flow\"><summary>Mises \u00e0 jour<\/summary>\n<p>Nous pouvons \u00e0 tout moment r\u00e9viser les pr\u00e9sentes conditions, la politique de confidentialit\u00e9 et la politique en mati\u00e8re de cookies. Les mises \u00e0 jour seront publi\u00e9es ici. La poursuite de l'utilisation du site web implique l'acceptation de toute modification.<\/p>\n<\/details>\n\n\n\n<details class=\"wp-block-details has-small-font-size is-layout-flow wp-block-details-is-layout-flow\"><summary>Contact <\/summary>\n<p class=\"has-theme-5-color has-text-color has-link-color wp-elements-ef597d5dae6e2c80ed9ed15d1ef1c914\">Pour toute question ou pr\u00e9occupation, veuillez nous contacter : <a href=\"mailto:legal@wolfblanc.com\"><strong>legal@wolfblanc.com<\/strong><\/a><\/p>\n<\/details>\n\n\n\n<div class=\"wp-block-kadence-spacer aligncenter kt-block-spacer-48_5aeed3-29\"><div class=\"kt-block-spacer kt-block-spacer-halign-center\"><hr class=\"kt-divider\" \/><\/div><\/div>","protected":false},"excerpt":{"rendered":"<p>Terms and Conditions \u00b7 Privacy Policy \u00b7 Cookie Policy Effective Date: 04\/2026 Welcome to www.wolfblanc.com (the \u201cWebsite\u201d), the official website of Wolfblanc Architects S.L. (\u201cWolfblanc,\u201d \u201cwe,\u201d \u201cus,\u201d or \u201cour\u201d). Company Information Wolfblanc Architects S.L. (NIF B22578207) is a legally registered company in Madrid, Spain. Registered address: Calle Hermosilla 48, 28001 Madrid, Spain Office Locations Spain [&hellip;]<\/p>\n","protected":false},"author":1,"featured_media":8295,"parent":0,"menu_order":0,"comment_status":"closed","ping_status":"closed","template":"","meta":{"iawp_total_views":94,"_vp_format_video_url":"","_vp_image_focal_point":[],"footnotes":""},"class_list":["post-48","page","type-page","status-publish","has-post-thumbnail","hentry"],"_links":{"self":[{"href":"https:\/\/wolfblanc.com\/fr\/wp-json\/wp\/v2\/pages\/48","targetHints":{"allow":["GET"]}}],"collection":[{"href":"https:\/\/wolfblanc.com\/fr\/wp-json\/wp\/v2\/pages"}],"about":[{"href":"https:\/\/wolfblanc.com\/fr\/wp-json\/wp\/v2\/types\/page"}],"author":[{"embeddable":true,"href":"https:\/\/wolfblanc.com\/fr\/wp-json\/wp\/v2\/users\/1"}],"replies":[{"embeddable":true,"href":"https:\/\/wolfblanc.com\/fr\/wp-json\/wp\/v2\/comments?post=48"}],"version-history":[{"count":0,"href":"https:\/\/wolfblanc.com\/fr\/wp-json\/wp\/v2\/pages\/48\/revisions"}],"wp:featuredmedia":[{"embeddable":true,"href":"https:\/\/wolfblanc.com\/fr\/wp-json\/wp\/v2\/media\/8295"}],"wp:attachment":[{"href":"https:\/\/wolfblanc.com\/fr\/wp-json\/wp\/v2\/media?parent=48"}],"curies":[{"name":"wp","href":"https:\/\/api.w.org\/{rel}","templated":true}]}}