{"id":29,"date":"2024-12-04T12:00:26","date_gmt":"2024-12-04T12:00:26","guid":{"rendered":"https:\/\/wolfblanc.com\/?page_id=29"},"modified":"2026-05-11T22:19:57","modified_gmt":"2026-05-11T22:19:57","slug":"contact","status":"publish","type":"page","link":"https:\/\/wolfblanc.com\/fr\/contact\/","title":{"rendered":"Contact"},"content":{"rendered":"<div class=\"wp-block-columns is-layout-flex wp-container-core-columns-is-layout-28f84493 wp-block-columns-is-layout-flex\">\n<div class=\"wp-block-column is-layout-flow wp-block-column-is-layout-flow\">\n<figure class=\"wp-block-image size-full\"><noscript><img loading=\"lazy\" decoding=\"async\" width=\"2560\" height=\"1396\" data-skip-lazy src=\"https:\/\/wolfblanc.com\/wp-content\/uploads\/2024\/12\/A75_13-scaled_lwsoptimized.webp\" alt=\"\" class=\"wp-image-7854\" srcset=\"https:\/\/wolfblanc.com\/wp-content\/uploads\/2024\/12\/A75_13-scaled_lwsoptimized.webp 2560w, https:\/\/wolfblanc.com\/wp-content\/uploads\/2024\/12\/A75_13-scaled_lwsoptimized-300x164.webp 300w, https:\/\/wolfblanc.com\/wp-content\/uploads\/2024\/12\/A75_13-scaled_lwsoptimized-1024x558.webp 1024w, https:\/\/wolfblanc.com\/wp-content\/uploads\/2024\/12\/A75_13-scaled_lwsoptimized-768x419.webp 768w, https:\/\/wolfblanc.com\/wp-content\/uploads\/2024\/12\/A75_13-scaled_lwsoptimized-1536x838.webp 1536w, https:\/\/wolfblanc.com\/wp-content\/uploads\/2024\/12\/A75_13-scaled_lwsoptimized-2048x1117.webp 2048w, https:\/\/wolfblanc.com\/wp-content\/uploads\/2024\/12\/A75_13-scaled_lwsoptimized-18x10.webp 18w, https:\/\/wolfblanc.com\/wp-content\/uploads\/2024\/12\/A75_13-scaled_lwsoptimized-500x273.webp 500w, https:\/\/wolfblanc.com\/wp-content\/uploads\/2024\/12\/A75_13-scaled_lwsoptimized-800x436.webp 800w, https:\/\/wolfblanc.com\/wp-content\/uploads\/2024\/12\/A75_13-scaled_lwsoptimized-1280x698.webp 1280w, https:\/\/wolfblanc.com\/wp-content\/uploads\/2024\/12\/A75_13-scaled_lwsoptimized-1920x1047.webp 1920w\" sizes=\"auto, (max-width: 2560px) 100vw, 2560px\" \/><\/noscript><img loading=\"eager\" decoding=\"async\" width=\"2560\" height=\"1396\" src=\"https:\/\/wolfblanc.com\/wp-content\/uploads\/2024\/12\/A75_13-scaled_lwsoptimized.webp\" alt class=\"wp-image-7854 vp-lazyload\" srcset=\"data:image\/svg+xml;base64,PHN2ZyB3aWR0aD0iMjU2MCIgaGVpZ2h0PSIxMzk2IiB2aWV3Qm94PSIwIDAgMjU2MCAxMzk2IiBmaWxsPSJub25lIiB4bWxucz0iaHR0cDovL3d3dy53My5vcmcvMjAwMC9zdmciPjwvc3ZnPg==\" data-src=\"https:\/\/wolfblanc.com\/wp-content\/uploads\/2024\/12\/A75_13-scaled_lwsoptimized.webp\" data-srcset=\"https:\/\/wolfblanc.com\/wp-content\/uploads\/2024\/12\/A75_13-scaled_lwsoptimized.webp 2560w, https:\/\/wolfblanc.com\/wp-content\/uploads\/2024\/12\/A75_13-scaled_lwsoptimized-300x164.webp 300w, https:\/\/wolfblanc.com\/wp-content\/uploads\/2024\/12\/A75_13-scaled_lwsoptimized-1024x558.webp 1024w, https:\/\/wolfblanc.com\/wp-content\/uploads\/2024\/12\/A75_13-scaled_lwsoptimized-768x419.webp 768w, https:\/\/wolfblanc.com\/wp-content\/uploads\/2024\/12\/A75_13-scaled_lwsoptimized-1536x838.webp 1536w, https:\/\/wolfblanc.com\/wp-content\/uploads\/2024\/12\/A75_13-scaled_lwsoptimized-2048x1117.webp 2048w, https:\/\/wolfblanc.com\/wp-content\/uploads\/2024\/12\/A75_13-scaled_lwsoptimized-18x10.webp 18w, https:\/\/wolfblanc.com\/wp-content\/uploads\/2024\/12\/A75_13-scaled_lwsoptimized-500x273.webp 500w, https:\/\/wolfblanc.com\/wp-content\/uploads\/2024\/12\/A75_13-scaled_lwsoptimized-800x436.webp 800w, https:\/\/wolfblanc.com\/wp-content\/uploads\/2024\/12\/A75_13-scaled_lwsoptimized-1280x698.webp 1280w, https:\/\/wolfblanc.com\/wp-content\/uploads\/2024\/12\/A75_13-scaled_lwsoptimized-1920x1047.webp 1920w\" data-sizes=\"auto\"><\/figure>\n\n\n<div class=\"kb-row-layout-wrap kb-row-layout-id29_213ff1-64 alignnone wp-block-kadence-rowlayout\"><div class=\"kt-row-column-wrap kt-has-4-columns kt-row-layout-equal kt-tab-layout-inherit kt-mobile-layout-row kt-row-valign-top kb-theme-content-width\">\n\n<div class=\"wp-block-kadence-column kadence-column29_201a95-8d\"><div class=\"kt-inside-inner-col\">\n<p class=\"has-text-align-left has-theme-5-color has-text-color has-link-color has-small-font-size wp-elements-50f5537a2cf94c9480d6bdbf06deddd5\"><strong><strong>EMAIL<\/strong><\/strong><br><a href=\"mailto:info@wolfblanc.com\">info@wolfblanc.com<\/a><br><br><strong><strong>PRESSE ET M\u00c9DIAS<\/strong><\/strong><br><a href=\"mailto:press@wolfblanc.com\">press@wolfblanc.com<\/a><\/p>\n\n\n\n<p class=\"has-text-align-left has-theme-5-color has-text-color has-link-color has-small-font-size wp-elements-c391c0d9d6e804dae23005ca87b43234\"><strong>CARRI\u00c8RES<\/strong><br><a href=\"https:\/\/wolfblanc.com\/fr\/join-wolfblanc\/\" data-type=\"page\" data-id=\"1320\">REJOINDRE WOLFBLANC<\/a><\/p>\n<\/div><\/div>\n\n\n\n<div class=\"wp-block-kadence-column kadence-column29_dd5a03-ff\"><div class=\"kt-inside-inner-col\">\n<p class=\"has-text-align-left has-theme-5-color has-text-color has-link-color has-small-font-size wp-elements-73cf966e56e2b3fd04abb92d76037313\"><strong>ESPAGNE<\/strong><br><br><strong>MADRID<\/strong> <strong>(SIEGE)<\/strong><br>Calle Hermosilla 48, 28001,<br>Madrid, Espagne<\/p>\n\n\n\n<p class=\"has-text-align-left has-theme-5-color has-text-color has-link-color has-small-font-size wp-elements-c7d46ce9a26e1ac580bcfccb1118f306\"><strong>BARCELONE<\/strong><br>Carrer de Pallars 193, 08005 Barcelone, Espagne<\/p>\n\n\n\n<p class=\"has-text-align-left has-theme-5-color has-text-color has-link-color has-small-font-size wp-elements-1d98c8e72bc8c0d22eb95de93e434acb\"><strong>MARBELLA<\/strong> <br>Centre d'affaires Oasis, Carretera de C\u00e1diz km 176, Oficina 9, 29602 Marbella, M\u00e1laga, Espagne <\/p>\n\n\n\n<p class=\"has-text-align-left has-theme-5-color has-text-color has-link-color has-small-font-size wp-elements-8b73ef73dbc0e03c4cea1a67460b0b01\"><br><a href=\"tel:&nbsp;+34 662 411 064\"><strong>Tel. Espagne :<\/strong>&nbsp;+34 662 411 064<\/a><\/p>\n<\/div><\/div>\n\n\n\n<div class=\"wp-block-kadence-column kadence-column29_38b638-3f\"><div class=\"kt-inside-inner-col\">\n<p class=\"has-text-align-left has-theme-5-color has-text-color has-link-color has-small-font-size wp-elements-223609196c547ae2f067f34c5df0fc2b\"><strong>SU\u00c8DE<\/strong><br><br><strong>STOCKHOLM<\/strong><br>Kungsgatan 9, 11143,<br>Stockholm, Su\u00e8de<br><a href=\"tel:&nbsp;+46 73 656 64 89\"><strong>T\u00e9l :<\/strong>&nbsp;+46 73 656 64 89<\/a><br><br><em>Godk\u00e4nd f\u00f6r F-skatt.<\/em><\/p>\n<\/div><\/div>\n\n\n\n<div class=\"wp-block-kadence-column kadence-column29_4a0b3c-b8\"><div class=\"kt-inside-inner-col\">\n<p class=\"has-text-align-left has-theme-5-color has-text-color has-link-color has-small-font-size wp-elements-34d4c3c8b435c3b7e1d799c2938acb3f\"><strong>GRECE<\/strong><br><br><strong>ATHENES<\/strong><br>Ermou 56, 10563,<br>Ath\u00e8nes, Gr\u00e8ce<br><a href=\"tel:&nbsp;+30 210 300 99 19\"><strong>T\u00e9l :<\/strong>&nbsp;+30 210 300 99 19<\/a><br><\/p>\n<\/div><\/div>\n\n<\/div><\/div><\/div>\n<\/div>\n\n\n\n<div class=\"wp-block-kadence-spacer aligncenter kt-block-spacer-29_136a5e-a7\"><div class=\"kt-block-spacer kt-block-spacer-halign-center\"><hr class=\"kt-divider\"\/><\/div><\/div>\n\n\n\n<div class=\"wp-block-columns is-layout-flex wp-container-core-columns-is-layout-28f84493 wp-block-columns-is-layout-flex\">\n<div class=\"wp-block-column is-layout-flow wp-block-column-is-layout-flow\">\n<h2 class=\"wp-block-heading has-text-align-center has-medium-font-size\" style=\"font-style:normal;font-weight:700\">Planifiez votre consultation<\/h2>\n\n\n\n<p class=\"has-text-align-center has-theme-5-color has-text-color has-link-color has-small-font-size wp-elements-580158682b54a3a996691c069dd9b6f3\">Prenez rendez-vous pour une premi\u00e8re consultation afin de discuter du projet, du lieu, du calendrier et des d\u00e9cisions \u00e0 prendre. Nous examinons chaque demande personnellement et traitons toutes les informations de mani\u00e8re confidentielle d\u00e8s le premier contact.<\/p>\n\n\n<iframe src=\"https:\/\/wolfblanc.com\/fr\/wp-json\/ssa\/v1\/embed-inner?integration&type=initial-video-consultation&label&types=1&edit&view&payment_provider&ssa_locale=fr_FR&ssa_is_rtl&sid=f0a8880094e10cdf9c27aa0693b3d1a3d024e449&availability_start_date&availability_end_date&suggest_first_available&suggest_first_available_within_minutes&flow&fallback_flow&time_view&date_view&appointment_types_view&version&accent_color&background&padding&font&booking_url=https%3A%2F%2Fwolfblanc.com%2Ffr%2Fcontact%2F&booking_post_id=29&booking_title=Contact&_wpnonce=c0a47c08df&redirect_post_id&defer&hide_header&mepr_membership_id#\/\" height=\"400px\" width=\"100%\" name=\"ssa_booking\" loading=\"eager\" frameborder=\"0\" data-skip-lazy=\"1\" class=\"ssa_booking_iframe skip-lazy\" title=\"R\u00e9servez une heure\"><\/iframe>\n<\/div>\n<\/div>\n\n\n\n<div class=\"wp-block-kadence-spacer aligncenter kt-block-spacer-29_91634c-3f\"><div class=\"kt-block-spacer kt-block-spacer-halign-center\"><hr class=\"kt-divider\"\/><\/div><\/div>\n\n\n\n<h2 class=\"wp-block-heading has-text-align-center has-medium-font-size\" style=\"font-style:normal;font-weight:700\">Vous pr\u00e9f\u00e9rez le courrier \u00e9lectronique ?<\/h2>\n\n\n\n<p class=\"has-text-align-center has-theme-5-color has-text-color has-link-color has-small-font-size wp-elements-d7ba1c339151706c66793bd0706a0d01\">Vous pr\u00e9f\u00e9rez \u00e9crire d'abord ? Faites-nous part de l'emplacement du projet, du type de propri\u00e9t\u00e9 et de ce que vous envisagez. Nous vous r\u00e9pondrons en vous indiquant l'\u00e9tape suivante la plus pertinente.<\/p>\n\n\n<p><div class=\"forminator-ui forminator-custom-form forminator-custom-form-1309 forminator-design--material  forminator_ajax\" data-forminator-render=\"0\" data-form=\"forminator-module-1309\" data-uid=\"6a04a7704696b\"><br\/><\/div><form\r\n\t\t\t\tid=\"forminator-module-1309\"\r\n\t\t\t\tclass=\"forminator-ui forminator-custom-form forminator-custom-form-1309 forminator-design--material  forminator_ajax\"\r\n\t\t\t\tmethod=\"post\"\r\n\t\t\t\tdata-forminator-render=\"0\"\r\n\t\t\t\tdata-form-id=\"1309\"\r\n\t\t\t\t data-color-option=\"theme\" data-design=\"material\" data-grid=\"open\" style=\"display: none;\"\r\n\t\t\t\tdata-uid=\"6a04a7704696b\" action=\"\"\r\n\t\t\t><div role=\"alert\" aria-live=\"polite\" class=\"forminator-response-message forminator-error\" aria-hidden=\"true\"><\/div><div class=\"forminator-row\"><div id=\"name-1\" class=\"forminator-field-name forminator-col forminator-col-12\"><div class=\"forminator-field\"><label for=\"forminator-field-name-1_6a04a7704696b\" id=\"forminator-field-name-1_6a04a7704696b-label\" class=\"forminator-label\">Nom <span class=\"forminator-required\">*<\/span><\/label><input type=\"text\" name=\"name-1\" value=\"\" placeholder=\"\" id=\"forminator-field-name-1_6a04a7704696b\" class=\"forminator-input forminator-name--field\" aria-required=\"true\" autocomplete=\"name\" \/><\/div><\/div><\/div><div class=\"forminator-row\"><div id=\"email-1\" class=\"forminator-field-email forminator-col forminator-col-6\"><div class=\"forminator-field\"><label for=\"forminator-field-email-1_6a04a7704696b\" id=\"forminator-field-email-1_6a04a7704696b-label\" class=\"forminator-label\">Courriel <span class=\"forminator-required\">*<\/span><\/label><input type=\"email\" name=\"email-1\" value=\"\" placeholder=\"\" id=\"forminator-field-email-1_6a04a7704696b\" class=\"forminator-input forminator-email--field\" data-required=\"true\" aria-required=\"true\" autocomplete=\"email\" \/><\/div><\/div><div id=\"phone-1\" class=\"forminator-field-phone forminator-col forminator-col-6\"><div class=\"forminator-field\"><label for=\"forminator-field-phone-1_6a04a7704696b\" id=\"forminator-field-phone-1_6a04a7704696b-label\" class=\"forminator-label\">T\u00e9l\u00e9phone<\/label><input type=\"text\" name=\"phone-1\" value=\"\" placeholder=\"\" id=\"forminator-field-phone-1_6a04a7704696b\" class=\"forminator-input forminator-field--phone\" data-required=\"\" aria-required=\"false\" autocomplete=\"off\" data-validation=\"1\" \/><\/div><\/div><\/div><div class=\"forminator-row\"><div id=\"text-1\" class=\"forminator-field-text forminator-col forminator-col-12\"><div class=\"forminator-field\"><label for=\"forminator-field-text-1_6a04a7704696b\" id=\"forminator-field-text-1_6a04a7704696b-label\" class=\"forminator-label\">Localisation du projet<\/label><input type=\"text\" name=\"text-1\" value=\"\" placeholder=\"\" id=\"forminator-field-text-1_6a04a7704696b\" class=\"forminator-input forminator-name--field\" data-required=\"\" \/><\/div><\/div><\/div><div class=\"forminator-row\"><div id=\"select-1\" class=\"forminator-field-select forminator-col forminator-col-12\"><div class=\"forminator-field\"><label for=\"forminator-form-1309__field--select-1_6a04a7704696b\" id=\"forminator-form-1309__field--select-1_6a04a7704696b-label\" class=\"forminator-label\">Comment avez-vous entendu parler de nous ? (Google, Instagram, LinkedIn,...)<\/label><select  id=\"forminator-form-1309__field--select-1_6a04a7704696b\" class=\"forminator-select--field forminator-select2 forminator-select2-multiple\" data-required=\"\" name=\"select-1\" data-default-value=\"\" data-hidden-behavior=\"zero\" data-placeholder=\"\" data-search=\"false\" data-search-placeholder=\"\" data-checkbox=\"false\" data-allow-clear=\"false\" aria-labelledby=\"forminator-form-1309__field--select-1_6a04a7704696b-label\"><option value=\"one\"  data-calculation=\"0\">Recherche Google<\/option><option value=\"two\"  data-calculation=\"0\">Google Maps<\/option><option value=\"LinkedIn\"  data-calculation=\"0\">LinkedIn<\/option><option value=\"Instagram\"  data-calculation=\"0\">Instagram<\/option><option value=\"Other\"  data-calculation=\"0\">Autres<\/option><\/select><\/div><\/div><\/div><div class=\"forminator-row\"><div id=\"textarea-1\" class=\"forminator-field-textarea forminator-col forminator-col-12\"><div class=\"forminator-field\"><label for=\"forminator-field-textarea-1_6a04a7704696b\" id=\"forminator-field-textarea-1_6a04a7704696b-label\" class=\"forminator-label\">Parlez-nous de votre projet <span class=\"forminator-required\">*<\/span><\/label><textarea name=\"textarea-1\" placeholder=\"\" id=\"forminator-field-textarea-1_6a04a7704696b\" class=\"forminator-textarea\" rows=\"6\" style=\"--forminator-textarea-min-height:140px;\" ><\/textarea><\/div><\/div><\/div><div class=\"forminator-row\"><div id=\"consent-1\" class=\"forminator-field-consent forminator-col forminator-col-12\"><div class=\"forminator-field\"><label for=\"forminator-field-consent-1_6a04a7704696b\" id=\"forminator-field-consent-1_6a04a7704696b-label\" class=\"forminator-label\">Consentement <span class=\"forminator-required\">*<\/span><\/label><div class=\"forminator-checkbox__wrapper\"><label id=\"forminator-field-consent-1_6a04a7704696b__label\" class=\"forminator-checkbox forminator-consent\"><input type=\"checkbox\" name=\"consent-1\" id=\"forminator-field-consent-1_6a04a7704696b\" value=\"checked\" aria-labelledby=\"forminator-field-consent-1_6a04a7704696b-label\" aria-describedby=\"forminator-field-consent-1_6a04a7704696b__description\" data-required=\"true\" aria-required=\"true\" \/><span class=\"forminator-checkbox-box\" aria-hidden=\"true\"><\/span><\/label><div id=\"forminator-field-consent-1_6a04a7704696b__description\" class=\"forminator-checkbox__label forminator-consent__label\"><p>J'accepte les <a class=\"underline underline underline-offset-2 decoration-1 decoration-current\/40 hover:decoration-current focus:decoration-current\" href=\"https:\/\/wolfblanc.com\/fr\/legal\/\">politique de confidentialit\u00e9<\/a>. Toutes les informations communiqu\u00e9es sont trait\u00e9es de mani\u00e8re confidentielle d\u00e8s le premier contact.<\/p><\/div><\/div><\/div><\/div><\/div><div class=\"forminator-row\" style=\"margin: 0;\"><div id=\"captcha-1\" class=\"forminator-field-captcha  forminator-col-12\"><div class=\"forminator-captcha-left forminator-g-recaptcha recaptcha-invisible\" data-theme=\"light\" data-badge=\"bottomright\" data-sitekey=\"6LcY54csAAAAAALegveuieDoo37F7_h_up7F6slP\" data-size=\"invisible\"><\/div> <\/div><\/div><input type=\"hidden\" name=\"referer_url\" value=\"\" \/><div class=\"forminator-row forminator-row-last\"><div class=\"forminator-col\"><div class=\"forminator-field\"><button class=\"forminator-button forminator-button-submit\"><span>Envoyer un message<\/span><span aria-hidden=\"true\"><\/span><\/button><\/div><\/div><\/div><input type=\"hidden\" id=\"forminator_nonce\" name=\"forminator_nonce\" value=\"f24bba5d93\" \/><input type=\"hidden\" name=\"_wp_http_referer\" value=\"\/fr\/wp-json\/wp\/v2\/pages\/29\" \/><input type=\"hidden\" name=\"form_id\" value=\"1309\"><input type=\"hidden\" name=\"page_id\" value=\"29\"><input type=\"hidden\" name=\"form_type\" value=\"default\"><input type=\"hidden\" name=\"current_url\" value=\"https:\/\/wolfblanc.com\/fr\/contact\/\"><input type=\"hidden\" name=\"render_id\" value=\"0\"><input type=\"hidden\" name=\"action\" value=\"forminator_submit_form_custom-forms\"><input type=\"hidden\" name=\"trp-form-language\" value=\"fr\"\/><\/form><\/p>","protected":false},"excerpt":{"rendered":"<p>EMAILinfo@wolfblanc.com PRESS &amp; MEDIApress@wolfblanc.com CAREERSJOIN WOLFBLANC SPAIN MADRID (HEADQUARTERS)Calle Hermosilla 48, 28001,Madrid, Spain BARCELONACarrer de Pallars 193, 08005 Barcelona, Spain MARBELLA Oasis Business Centre, Carretera de C\u00e1diz km 176, Oficina 9, 29602 Marbella, M\u00e1laga, Spain Tel. Spain:&nbsp;+34 662 411 064 SWEDEN STOCKHOLMKungsgatan 9, 11143,Stockholm, SwedenTel:&nbsp;+46 73 656 64 89 Godk\u00e4nd f\u00f6r F-skatt. GREECE ATHENSErmou 56, [&hellip;]<\/p>\n","protected":false},"author":1,"featured_media":7913,"parent":0,"menu_order":0,"comment_status":"closed","ping_status":"closed","template":"","meta":{"iawp_total_views":1422,"_vp_format_video_url":"","_vp_image_focal_point":[],"footnotes":""},"class_list":["post-29","page","type-page","status-publish","has-post-thumbnail","hentry"],"_links":{"self":[{"href":"https:\/\/wolfblanc.com\/fr\/wp-json\/wp\/v2\/pages\/29","targetHints":{"allow":["GET"]}}],"collection":[{"href":"https:\/\/wolfblanc.com\/fr\/wp-json\/wp\/v2\/pages"}],"about":[{"href":"https:\/\/wolfblanc.com\/fr\/wp-json\/wp\/v2\/types\/page"}],"author":[{"embeddable":true,"href":"https:\/\/wolfblanc.com\/fr\/wp-json\/wp\/v2\/users\/1"}],"replies":[{"embeddable":true,"href":"https:\/\/wolfblanc.com\/fr\/wp-json\/wp\/v2\/comments?post=29"}],"version-history":[{"count":2,"href":"https:\/\/wolfblanc.com\/fr\/wp-json\/wp\/v2\/pages\/29\/revisions"}],"predecessor-version":[{"id":9889,"href":"https:\/\/wolfblanc.com\/fr\/wp-json\/wp\/v2\/pages\/29\/revisions\/9889"}],"wp:featuredmedia":[{"embeddable":true,"href":"https:\/\/wolfblanc.com\/fr\/wp-json\/wp\/v2\/media\/7913"}],"wp:attachment":[{"href":"https:\/\/wolfblanc.com\/fr\/wp-json\/wp\/v2\/media?parent=29"}],"curies":[{"name":"wp","href":"https:\/\/api.w.org\/{rel}","templated":true}]}}