{"id":9845,"date":"2026-05-11T15:51:57","date_gmt":"2026-05-11T15:51:57","guid":{"rendered":"https:\/\/wolfblanc.com\/?page_id=9845"},"modified":"2026-05-11T16:17:44","modified_gmt":"2026-05-11T16:17:44","slug":"faq","status":"publish","type":"page","link":"https:\/\/wolfblanc.com\/es\/faq\/","title":{"rendered":"PREGUNTAS FRECUENTES"},"content":{"rendered":"<div class=\"kb-row-layout-wrap kb-row-layout-id9845_2109c5-4f alignfull has-theme-palette9-background-color kt-row-has-bg wp-block-kadence-rowlayout\"><div class=\"kt-row-column-wrap kt-has-1-columns kt-row-layout-equal kt-tab-layout-inherit kt-mobile-layout-row kt-row-valign-top kb-theme-content-width\">\n\n<div class=\"wp-block-kadence-column kadence-column9845_3c9b5f-a9\"><div class=\"kt-inside-inner-col\">\n<div class=\"kt-adv-heading9845_4ed218-bb kt-adv-heading-faq_tag-01 wp-block-kadence-advancedheading has-theme-5-color has-text-color\" data-kb-block=\"kb-adv-heading9845_4ed218-bb\"><strong>PREGUNTAS FRECUENTES<\/strong><\/div>\n\n\n\n<h1 class=\"kt-adv-heading9845_1594b4-5c kt-adv-heading-faq_h1-01 wp-block-kadence-advancedheading has-theme-palette-3-color has-text-color\" data-kb-block=\"kb-adv-heading9845_1594b4-5c\">Preguntas frecuentes<\/h1>\n\n\n\n<p class=\"kt-adv-heading9845_7e78c7-a9 kt-adv-heading-faq_intro-01 wp-block-kadence-advancedheading has-theme-palette-4-color has-text-color\" data-kb-block=\"kb-adv-heading9845_7e78c7-a9\">Respuestas concretas sobre el trabajo con Wolfblanc en Suecia, Espa\u00f1a y Grecia.<\/p>\n<\/div><\/div>\n\n<\/div><\/div>\n\n<div class=\"kb-row-layout-wrap kb-row-layout-id9845_0f2a42-68 alignfull has-theme-palette9-background-color kt-row-has-bg wp-block-kadence-rowlayout\"><div class=\"kt-row-column-wrap kt-has-1-columns kt-row-layout-equal kt-tab-layout-inherit kt-mobile-layout-row kt-row-valign-top kb-theme-content-width\">\n\n<div class=\"wp-block-kadence-column kadence-column9845_db76c1-6b\"><div class=\"kt-inside-inner-col\">\n<div class=\"wp-block-kadence-accordion alignnone\"><div class=\"kt-accordion-wrap kt-accordion-id9845_3f168f-7d kt-accordion-has-2-panes kt-active-pane-0 kt-accordion-block kt-pane-header-alignment-left kt-accodion-icon-style-arrow kt-accodion-icon-side-right\" style=\"max-width:none\"><div class=\"kt-accordion-inner-wrap\" data-allow-multiple-open=\"false\" data-start-open=\"0\">\n<div class=\"wp-block-kadence-pane kt-accordion-pane kt-accordion-pane-1 kt-pane9845_2752d3-61\"><div class=\"kt-accordion-header-wrap\"><button class=\"kt-blocks-accordion-header kt-acccordion-button-label-show\" type=\"button\"><span class=\"kt-blocks-accordion-title-wrap\"><span class=\"kt-blocks-accordion-title\">\u00bfPor qu\u00e9 un cliente escandinavo deber\u00eda recurrir a Wolfblanc para un proyecto de arquitectura en Espa\u00f1a o Grecia?<\/span><\/span><span class=\"kt-blocks-accordion-icon-trigger\"><\/span><\/button><\/div><div class=\"kt-accordion-panel kt-accordion-panel-hidden\"><div class=\"kt-accordion-panel-inner\">\n<p>Wolfblanc combina las expectativas n\u00f3rdicas con la autoridad local. Trabajamos en Suecia, Espa\u00f1a y Grecia con comunicaci\u00f3n multiling\u00fce en sueco, ingl\u00e9s, espa\u00f1ol y griego. Nuestros clientes obtienen la claridad, la documentaci\u00f3n y el estilo de coordinaci\u00f3n esperados en Escandinavia, aplicados a los sistemas de planificaci\u00f3n, los consultores y las realidades de construcci\u00f3n mediterr\u00e1neos. Esto reduce las barreras ling\u00fc\u00edsticas, las fricciones legales y las lagunas de traducci\u00f3n que suelen aparecer cuando un cliente internacional contrata a un equipo puramente local.<\/p>\n<\/div><\/div><\/div>\n\n\n\n<div class=\"wp-block-kadence-pane kt-accordion-pane kt-accordion-pane-2 kt-pane9845_01c6f2-f7\"><div class=\"kt-accordion-header-wrap\"><button class=\"kt-blocks-accordion-header kt-acccordion-button-label-show\" type=\"button\"><span class=\"kt-blocks-accordion-title-wrap\"><span class=\"kt-blocks-accordion-title\">\u00bfEst\u00e1 Wolfblanc legalmente autorizado para firmar proyectos arquitect\u00f3nicos en Espa\u00f1a, Suecia y Grecia?<\/span><\/span><span class=\"kt-blocks-accordion-icon-trigger\"><\/span><\/button><\/div><div class=\"kt-accordion-panel kt-accordion-panel-hidden\"><div class=\"kt-accordion-panel-inner\">\n<p>S\u00ed. Wolfblanc opera con un registro profesional de arquitectos en todos los mercados en los que trabajamos, incluidos el COAM en Madrid, SAR\/MSA en Suecia y TEE-TCG en Grecia. La arquitectura, los permisos y la documentaci\u00f3n t\u00e9cnica est\u00e1n regulados de forma diferente en cada pa\u00eds, por lo que este marco profesional es importante. Nos permite guiar los proyectos desde el concepto y la estrategia de permisos hasta la documentaci\u00f3n t\u00e9cnica y el apoyo a la construcci\u00f3n.<\/p>\n<\/div><\/div><\/div>\n\n\n\n<div class=\"wp-block-kadence-pane kt-accordion-pane kt-accordion-pane-3 kt-pane9845_7c9c01-a1\"><div class=\"kt-accordion-header-wrap\"><button class=\"kt-blocks-accordion-header kt-acccordion-button-label-show\" type=\"button\"><span class=\"kt-blocks-accordion-title-wrap\"><span class=\"kt-blocks-accordion-title\">\u00bfA qu\u00e9 se refiere Wolfblanc cuando dice que la disciplina escandinava se une a la ambici\u00f3n mediterr\u00e1nea?<\/span><\/span><span class=\"kt-blocks-accordion-icon-trigger\"><\/span><\/button><\/div><div class=\"kt-accordion-panel kt-accordion-panel-hidden\"><div class=\"kt-accordion-panel-inner\">\n<p>Esto significa que el dise\u00f1o puede ser expresivo, contextual y ambicioso, mientras que la entrega sigue siendo estructurada y precisa. Aportamos a los proyectos de Espa\u00f1a, Grecia y Suecia los est\u00e1ndares de documentaci\u00f3n n\u00f3rdicos, la coordinaci\u00f3n BIM, la conciencia de costes y los h\u00e1bitos de comunicaci\u00f3n forjados por el trabajo con grandes promotores como Skanska y JM. El resultado es una arquitectura con calidez mediterr\u00e1nea y car\u00e1cter espacial, sin perder el control del tiempo, el presupuesto, la edificabilidad o la calidad t\u00e9cnica.<\/p>\n<\/div><\/div><\/div>\n\n\n\n<div class=\"wp-block-kadence-pane kt-accordion-pane kt-accordion-pane-4 kt-pane9845_0e2d4c-b6\"><div class=\"kt-accordion-header-wrap\"><button class=\"kt-blocks-accordion-header kt-acccordion-button-label-show\" type=\"button\"><span class=\"kt-blocks-accordion-title-wrap\"><span class=\"kt-blocks-accordion-title\">\u00bfEs Wolfblanc una buena opci\u00f3n para los inversores y promotores inmobiliarios?<\/span><\/span><span class=\"kt-blocks-accordion-icon-trigger\"><\/span><\/button><\/div><div class=\"kt-accordion-panel kt-accordion-panel-hidden\"><div class=\"kt-accordion-panel-inner\">\n<p>S\u00ed. Encajamos perfectamente con inversores, promotores y propietarios de activos que desean que la arquitectura mejore el rendimiento comercial. Pensamos en la eficiencia de la distribuci\u00f3n, la combinaci\u00f3n de unidades, la luz natural, la durabilidad de los materiales, el atractivo de los alquileres, el valor de la hospitalidad y la calidad operativa a largo plazo. Nuestro trabajo no se limita a mejorar el aspecto de un inmueble. Se trata de ayudar a que un proyecto se venda, alquile, explote y conserve su valor de forma m\u00e1s inteligente.<\/p>\n<\/div><\/div><\/div>\n\n\n\n<div class=\"wp-block-kadence-pane kt-accordion-pane kt-accordion-pane-5 kt-pane9845_a1b8d5-c2\"><div class=\"kt-accordion-header-wrap\"><button class=\"kt-blocks-accordion-header kt-acccordion-button-label-show\" type=\"button\"><span class=\"kt-blocks-accordion-title-wrap\"><span class=\"kt-blocks-accordion-title\">\u00bfEn qu\u00e9 beneficia la certificaci\u00f3n WELL AP a un proyecto residencial, hostelero o comercial?<\/span><\/span><span class=\"kt-blocks-accordion-icon-trigger\"><\/span><\/button><\/div><div class=\"kt-accordion-panel kt-accordion-panel-hidden\"><div class=\"kt-accordion-panel-inner\">\n<p>Los conocimientos de WELL AP nos ayudan a dise\u00f1ar para las personas que vivir\u00e1n, trabajar\u00e1n, permanecer\u00e1n o se recuperar\u00e1n en el interior del edificio. Tenemos en cuenta la calidad del aire, la luz natural, la ac\u00fastica, el confort t\u00e9rmico, los materiales, el movimiento y el rendimiento humano desde el primer momento. En el caso de las viviendas, esto mejora el confort diario y la salud a largo plazo. En hoteles, oficinas, cl\u00ednicas y espacios comerciales, favorece la experiencia de los hu\u00e9spedes, el rendimiento del personal, la calidad de la marca y el valor operativo.<\/p>\n<\/div><\/div><\/div>\n\n\n\n<div class=\"wp-block-kadence-pane kt-accordion-pane kt-accordion-pane-6 kt-pane9845_c8df63-3e\"><div class=\"kt-accordion-header-wrap\"><button class=\"kt-blocks-accordion-header kt-acccordion-button-label-show\" type=\"button\"><span class=\"kt-blocks-accordion-title-wrap\"><span class=\"kt-blocks-accordion-title\">\u00bfCu\u00e1l es el proceso de dise\u00f1o y construcci\u00f3n de una casa de vacaciones personalizada con Wolfblanc?<\/span><\/span><span class=\"kt-blocks-accordion-icon-trigger\"><\/span><\/button><\/div><div class=\"kt-accordion-panel kt-accordion-panel-hidden\"><div class=\"kt-accordion-panel-inner\">\n<p>Empezamos con las instrucciones, el emplazamiento, el presupuesto y las limitaciones de planificaci\u00f3n. A continuaci\u00f3n desarrollamos el concepto, los dise\u00f1os, la experiencia espacial, las visualizaciones y la direcci\u00f3n de los materiales. Una vez aprobado el dise\u00f1o, preparamos la documentaci\u00f3n t\u00e9cnica necesaria para los permisos, la contrataci\u00f3n y la construcci\u00f3n. Durante la construcci\u00f3n, apoyamos la coordinaci\u00f3n para que las decisiones sobre el emplazamiento se ajusten a la intenci\u00f3n del dise\u00f1o. El objetivo es un recorrido claro desde la viabilidad inicial hasta la entrega, especialmente para los clientes que gestionan un proyecto desde otro pa\u00eds.<\/p>\n<\/div><\/div><\/div>\n\n\n\n<div class=\"wp-block-kadence-pane kt-accordion-pane kt-accordion-pane-7 kt-pane9845_4d6f90-e4\"><div class=\"kt-accordion-header-wrap\"><button class=\"kt-blocks-accordion-header kt-acccordion-button-label-show\" type=\"button\"><span class=\"kt-blocks-accordion-title-wrap\"><span class=\"kt-blocks-accordion-title\">\u00bfC\u00f3mo gestiona Wolfblanc los permisos y la planificaci\u00f3n en Espa\u00f1a y Grecia?<\/span><\/span><span class=\"kt-blocks-accordion-icon-trigger\"><\/span><\/button><\/div><div class=\"kt-accordion-panel kt-accordion-panel-hidden\"><div class=\"kt-accordion-panel-inner\">\n<p>Ayudamos a los clientes a entender qu\u00e9 se puede construir, qu\u00e9 permisos se necesitan y c\u00f3mo debe documentarse el proyecto para el municipio o la autoridad competente. Nuestro papel consiste en traducir los requisitos urban\u00edsticos locales en una ruta clara para el proyecto, preparar la informaci\u00f3n arquitect\u00f3nica necesaria, coordinarnos con los consultores cuando sea necesario y mantener informado al cliente en un lenguaje sencillo. Para los clientes internacionales, esta suele ser una de las partes m\u00e1s valiosas del servicio.<\/p>\n<\/div><\/div><\/div>\n\n\n\n<div class=\"wp-block-kadence-pane kt-accordion-pane kt-accordion-pane-8 kt-pane9845_e74a32-17\"><div class=\"kt-accordion-header-wrap\"><button class=\"kt-blocks-accordion-header kt-acccordion-button-label-show\" type=\"button\"><span class=\"kt-blocks-accordion-title-wrap\"><span class=\"kt-blocks-accordion-title\">\u00bfTrabaja Wolfblanc en proyectos comerciales, de hosteler\u00eda y de uso mixto?<\/span><\/span><span class=\"kt-blocks-accordion-icon-trigger\"><\/span><\/button><\/div><div class=\"kt-accordion-panel kt-accordion-panel-hidden\"><div class=\"kt-accordion-panel-inner\">\n<p>S\u00ed. Wolfblanc trabaja en proyectos residenciales, de hosteler\u00eda, lugares de trabajo, comercios, restaurantes y usos mixtos. Para interiores comerciales y espacios dirigidos por marcas, colaboramos estrechamente con EOLOS Design Lab, nuestra divisi\u00f3n especializada en dise\u00f1o de interiores comerciales. De este modo, los clientes cuentan con un equipo que entiende tanto la arquitectura como la funci\u00f3n empresarial del espacio: c\u00f3mo un hotel, un restaurante, una oficina, una cl\u00ednica o un entorno comercial pueden comunicar su identidad, mejorar sus operaciones y aumentar su valor.<\/p>\n<\/div><\/div><\/div>\n\n\n\n<div class=\"wp-block-kadence-pane kt-accordion-pane kt-accordion-pane-9 kt-pane9845_b9c5b1-38\"><div class=\"kt-accordion-header-wrap\"><button class=\"kt-blocks-accordion-header kt-acccordion-button-label-show\" type=\"button\"><span class=\"kt-blocks-accordion-title-wrap\"><span class=\"kt-blocks-accordion-title\">\u00bfC\u00f3mo s\u00e9 si mi proyecto encaja en Wolfblanc?<\/span><\/span><span class=\"kt-blocks-accordion-icon-trigger\"><\/span><\/button><\/div><div class=\"kt-accordion-panel kt-accordion-panel-hidden\"><div class=\"kt-accordion-panel-inner\">\n<p>Si lo que busca es un equipo reducido, claridad transfronteriza, una s\u00f3lida mentalidad de dise\u00f1o y un minucioso control de los proyectos, es probable que encaje con nosotros. Entre los clientes habituales se encuentran propietarios n\u00f3rdicos que construyen o renuevan en Espa\u00f1a o Grecia, inversores que reposicionan un inmueble, promotores que buscan valor arquitect\u00f3nico y clientes del sector hotelero o comercial que necesitan tanto calidad conceptual como disciplina operativa. No estamos hechos para clientes que quieren un gran equipo an\u00f3nimo. Trabajamos mejor cuando el proyecto se beneficia de la participaci\u00f3n directa del director.<\/p>\n<\/div><\/div><\/div>\n\n\n\n<div class=\"wp-block-kadence-pane kt-accordion-pane kt-accordion-pane-10 kt-pane9845_f31d24-99\"><div class=\"kt-accordion-header-wrap\"><button class=\"kt-blocks-accordion-header kt-acccordion-button-label-show\" type=\"button\"><span class=\"kt-blocks-accordion-title-wrap\"><span class=\"kt-blocks-accordion-title\">\u00bfQu\u00e9 ocurre durante la consulta gratuita?<\/span><\/span><span class=\"kt-blocks-accordion-icon-trigger\"><\/span><\/button><\/div><div class=\"kt-accordion-panel kt-accordion-panel-hidden\"><div class=\"kt-accordion-panel-inner\">\n<p>La primera consulta es una conversaci\u00f3n centrada en su proyecto, emplazamiento, plazos, presupuesto y objetivos. La utilizamos para entender si Wolfblanc es la soluci\u00f3n adecuada y para esbozar los posibles pasos a seguir. Si el proyecto no se ajusta a nuestra experiencia, se lo diremos claramente. Si encaja, podemos definir el alcance, la estructura de honorarios y la trayectoria del proyecto a partir de ah\u00ed.<\/p>\n<\/div><\/div><\/div>\n<\/div><\/div><\/div>\n<\/div><\/div>\n\n<\/div><\/div>\n\n\n<div class=\"wp-block-cover alignfull is-light has-theme-5-color has-text-color has-link-color wp-elements-56ed7d6b3bc4aac0b58d13ecd3e22e33\" style=\"margin-top:0;padding-top:5vw;padding-right:5vw;padding-bottom:5vw;padding-left:5vw;min-height:314px;aspect-ratio:unset;\"><span aria-hidden=\"true\" class=\"wp-block-cover__background has-theme-1-background-color has-background-dim-100 has-background-dim\"><\/span><div class=\"wp-block-cover__inner-container is-layout-flow wp-block-cover-is-layout-flow\">\n<p class=\"has-text-align-center has-theme-5-color has-theme-1-background-color has-text-color has-background\" style=\"padding-top:var(--wp--preset--spacing--40);padding-right:0;padding-bottom:var(--wp--preset--spacing--40);padding-left:0;font-size:clamp(33.419px, 2.089rem + ((1vw - 3.2px) * 2.077), 60px);letter-spacing:0px;line-height:0.8;text-transform:capitalize\"><strong>H\u00e1blenos de su proyecto.<\/strong><\/p>\n\n\n\n<div class=\"wp-block-buttons is-content-justification-center is-layout-flex wp-container-core-buttons-is-layout-a89b3969 wp-block-buttons-is-layout-flex\">\n<div class=\"wp-block-button\"><a class=\"wp-block-button__link has-theme-1-color has-theme-5-background-color has-text-color has-background wp-element-button\" href=\"https:\/\/wolfblanc.com\/es\/contact\/\" style=\"border-radius:100px\"><strong>Concierte una consulta gratuita<\/strong><\/a><\/div>\n<\/div>\n<\/div><\/div>","protected":false},"excerpt":{"rendered":"<p>FAQ Preguntas frecuentes Respuestas espec\u00edficas sobre el trabajo con Wolfblanc en Suecia, Espa\u00f1a y Grecia.<\/p>","protected":false},"author":1,"featured_media":0,"parent":0,"menu_order":0,"comment_status":"closed","ping_status":"closed","template":"pages-without-title","meta":{"iawp_total_views":3,"_vp_format_video_url":"","_vp_image_focal_point":[],"footnotes":""},"class_list":["post-9845","page","type-page","status-publish","hentry"],"_links":{"self":[{"href":"https:\/\/wolfblanc.com\/es\/wp-json\/wp\/v2\/pages\/9845","targetHints":{"allow":["GET"]}}],"collection":[{"href":"https:\/\/wolfblanc.com\/es\/wp-json\/wp\/v2\/pages"}],"about":[{"href":"https:\/\/wolfblanc.com\/es\/wp-json\/wp\/v2\/types\/page"}],"author":[{"embeddable":true,"href":"https:\/\/wolfblanc.com\/es\/wp-json\/wp\/v2\/users\/1"}],"replies":[{"embeddable":true,"href":"https:\/\/wolfblanc.com\/es\/wp-json\/wp\/v2\/comments?post=9845"}],"version-history":[{"count":7,"href":"https:\/\/wolfblanc.com\/es\/wp-json\/wp\/v2\/pages\/9845\/revisions"}],"predecessor-version":[{"id":9857,"href":"https:\/\/wolfblanc.com\/es\/wp-json\/wp\/v2\/pages\/9845\/revisions\/9857"}],"wp:attachment":[{"href":"https:\/\/wolfblanc.com\/es\/wp-json\/wp\/v2\/media?parent=9845"}],"curies":[{"name":"wp","href":"https:\/\/api.w.org\/{rel}","templated":true}]}}