{"id":7592,"date":"2025-12-24T17:33:35","date_gmt":"2025-12-24T17:33:35","guid":{"rendered":"https:\/\/wolfblanc.com\/?page_id=7592"},"modified":"2026-02-02T11:51:05","modified_gmt":"2026-02-02T11:51:05","slug":"architect-residential-stockholm","status":"publish","type":"page","link":"https:\/\/wolfblanc.com\/es\/architect-residential-stockholm\/","title":{"rendered":"Arquitecto superior de dise\u00f1o (Estocolmo e internacional)"},"content":{"rendered":"<figure class=\"wp-block-image size-full\"><noscript><img decoding=\"async\" type=\"image\/webp\" data-skip-lazy src=\"https:\/\/wolfblanc.com\/wp-content\/uploads\/2024\/12\/K12_07-scaled.jpeg\" alt=\"\" class=\"wp-image-7839\"\/><\/noscript><img decoding=\"async\" type=\"image\/webp\" src=\"data:image\/svg+xml;base64,PHN2ZyB3aWR0aD0iMjU2MCIgaGVpZ2h0PSIxMTM1IiB2aWV3Qm94PSIwIDAgMjU2MCAxMTM1IiBmaWxsPSJub25lIiB4bWxucz0iaHR0cDovL3d3dy53My5vcmcvMjAwMC9zdmciPjwvc3ZnPg==\" alt class=\"wp-image-7839 vp-lazyload\" data-src=\"https:\/\/wolfblanc.com\/wp-content\/uploads\/2024\/12\/K12_07-scaled.jpeg\" data-sizes=\"auto\" loading=\"eager\"><\/figure>\n\n\n\n<p><strong>Acerca de Wolfblanc<\/strong><br>Wolfblanc ocupa un nicho \u00fanico en Estocolmo. Somos el puente entre Escandinavia y el sur de Europa. Nuestros clientes son sofisticados propietarios de viviendas e inversores que requieren una gesti\u00f3n del dise\u00f1o sin fisuras, tanto si est\u00e1n reformando un \u00e1tico en \u00d6stermalm como construyendo una villa de ensue\u00f1o en Marbella o Mallorca.<\/p>\n\n\n\n<p><strong>El papel<\/strong><br>Buscamos un Arquitecto Senior para gestionar nuestro portfolio residencial de gama alta. Este papel es crucial para los clientes que quieren la seguridad de un contrato con sede en Estocolmo con el estilo de dise\u00f1o del Mediterr\u00e1neo.<\/p>\n\n\n\n<p><strong>Ser\u00e1s responsable de:<\/strong><\/p>\n\n\n\n<ul class=\"wp-block-list\">\n<li>Proyectos l\u00edderes de reformas de lujo en el Gran Estocolmo.<\/li>\n\n\n\n<li>Actuar como enlace t\u00e9cnico para los clientes suecos que invierten en propiedades espa\u00f1olas (segundas residencias), garantizando que su visi\u00f3n se traduce correctamente a nuestros equipos en Madrid.<\/li>\n\n\n\n<li>Interiores de alto concepto que combinan un c\u00e1lido minimalismo con materiales de lujo.<\/li>\n<\/ul>\n\n\n\n<p><strong>El candidato perfecto:<\/strong><\/p>\n\n\n\n<p>Comprensi\u00f3n de la gesti\u00f3n de proyectos transfronterizos.<\/p>\n\n\n\n<p>Dominio del ingl\u00e9s (se valorar\u00e1 el sueco).<\/p>\n\n\n\n<p>Experiencia en dise\u00f1o residencial o de hosteler\u00eda de gama alta.<\/p>\n\n\n\n<p><strong>Presente su candidatura a continuaci\u00f3n:<\/strong><\/p>\n\n\n<div class=\"forminator-ui forminator-custom-form forminator-custom-form-1327 forminator-design--material  forminator_ajax\" data-forminator-render=\"0\" data-form=\"forminator-module-1327\" data-uid=\"69e1fb3f942ee\"><br\/><\/div><form\n\t\t\t\tid=\"forminator-module-1327\"\n\t\t\t\tclass=\"forminator-ui forminator-custom-form forminator-custom-form-1327 forminator-design--material  forminator_ajax\"\n\t\t\t\tmethod=\"post\"\n\t\t\t\tdata-forminator-render=\"0\"\n\t\t\t\tdata-form-id=\"1327\"\n\t\t\t\tenctype=\"multipart\/form-data\" data-color-option=\"theme\" data-design=\"material\" data-grid=\"open\" style=\"display: none;\"\n\t\t\t\tdata-uid=\"69e1fb3f942ee\" action=\"\"\n\t\t\t><div role=\"alert\" aria-live=\"polite\" class=\"forminator-response-message forminator-error\" aria-hidden=\"true\"><\/div><div class=\"forminator-row\"><div id=\"name-1\" class=\"forminator-field-name forminator-col forminator-col-12\"><div class=\"forminator-field\"><input type=\"text\" name=\"name-1\" value=\"\" placeholder=\"Nombre y apellidos\" id=\"forminator-field-name-1_69e1fb3f942ee\" class=\"forminator-input forminator-name--field\" aria-required=\"true\" autocomplete=\"name\" \/><\/div><\/div><\/div><div class=\"forminator-row\"><div id=\"email-1\" class=\"forminator-field-email forminator-col forminator-col-6\"><div class=\"forminator-field\"><input type=\"email\" name=\"email-1\" value=\"\" placeholder=\"Correo electr\u00f3nico\" id=\"forminator-field-email-1_69e1fb3f942ee\" class=\"forminator-input forminator-email--field\" data-required=\"true\" aria-required=\"true\" autocomplete=\"email\" \/><\/div><\/div><div id=\"phone-1\" class=\"forminator-field-phone forminator-col forminator-col-6\"><div class=\"forminator-field\"><input type=\"text\" name=\"phone-1\" value=\"\" placeholder=\"Tel\u00e9fono\" id=\"forminator-field-phone-1_69e1fb3f942ee\" class=\"forminator-input forminator-field--phone\" data-required=\"\" aria-required=\"false\" autocomplete=\"off\" data-validation=\"1\" \/><\/div><\/div><\/div><div class=\"forminator-row\"><div id=\"text-1\" class=\"forminator-field-text forminator-col forminator-col-12\"><div class=\"forminator-field\"><input type=\"text\" name=\"text-1\" value=\"\" placeholder=\"Papel*\" id=\"forminator-field-text-1_69e1fb3f942ee\" class=\"forminator-input forminator-name--field\" data-required=\"1\" \/><\/div><\/div><\/div><div class=\"forminator-row\"><div id=\"text-2\" class=\"forminator-field-text forminator-col forminator-col-12\"><div class=\"forminator-field\"><input type=\"text\" name=\"text-2\" value=\"\" placeholder=\"Localizaci\u00f3n*\" id=\"forminator-field-text-2_69e1fb3f942ee\" class=\"forminator-input forminator-name--field\" data-required=\"1\" \/><\/div><\/div><\/div><div class=\"forminator-row\"><div id=\"select-1\" class=\"forminator-field-select forminator-col forminator-col-12\"><div class=\"forminator-field\"><label for=\"forminator-form-1327__field--select-1_69e1fb3f942ee\" id=\"forminator-form-1327__field--select-1_69e1fb3f942ee-label\" class=\"forminator-label\">\u00bfC\u00f3mo supiste de nosotros? (Google, Instagram, LinkedIn,...)<\/label><select  id=\"forminator-form-1327__field--select-1_69e1fb3f942ee\" class=\"forminator-select--field forminator-select2 forminator-select2-multiple\" data-required=\"\" name=\"select-1\" data-default-value=\"\" data-hidden-behavior=\"zero\" data-placeholder=\"\" data-search=\"false\" data-search-placeholder=\"\" data-checkbox=\"false\" data-allow-clear=\"false\" aria-labelledby=\"forminator-form-1327__field--select-1_69e1fb3f942ee-label\"><option value=\"one\"  data-calculation=\"0\">B\u00fasqueda en Google<\/option><option value=\"two\"  data-calculation=\"0\">Google Maps<\/option><option value=\"LinkedIn\"  data-calculation=\"0\">LinkedIn<\/option><option value=\"Instagram\"  data-calculation=\"0\">Instagram<\/option><option value=\"Other\"  data-calculation=\"0\">Otros<\/option><\/select><\/div><\/div><\/div><div class=\"forminator-row\"><div id=\"textarea-1\" class=\"forminator-field-textarea forminator-col forminator-col-12\"><div class=\"forminator-field\"><textarea name=\"textarea-1\" placeholder=\"\" id=\"forminator-field-textarea-1_69e1fb3f942ee\" class=\"forminator-textarea\" rows=\"6\" style=\"min-height:140px;\" aria-describedby=\"forminator-field-textarea-1_69e1fb3f942ee-description\" ><\/textarea><span id=\"forminator-field-textarea-1_69e1fb3f942ee-description\" class=\"forminator-description\">Mensaje<\/span><\/div><\/div><\/div><div class=\"forminator-row\"><div id=\"upload-1\" class=\"forminator-field-upload forminator-col forminator-col-12\"><div class=\"forminator-field\"><div class=\"forminator-multi-upload\" data-element=\"upload-1_69e1fb3f942ee\" aria-describedby=\"forminator-field-upload-1_69e1fb3f942ee-description\"><input type=\"file\" name=\"upload-1[]\" id=\"forminator-field-upload-1_69e1fb3f942ee\" class=\"forminator-input-file forminator-field-upload-1_69e1fb3f942ee-1327\" multiple=\"multiple\" data-method=\"ajax\" data-size=\"15000000\" data-size-message=\"El tama\u00f1o m\u00e1ximo de archivo permitido es 15 MB. \"><div class=\"forminator-multi-upload-message\" aria-hidden=\"true\"><span class=\"forminator-icon-upload\" aria-hidden=\"true\"><\/span><p>Arrastrar y soltar (o) <a class=\"forminator-upload-file--forminator-field-upload-1_69e1fb3f942ee\" href=\"#\" onclick=\"return false;\">cambiar archivos<\/a><\/p><\/div><\/div><span id=\"forminator-field-upload-1_69e1fb3f942ee-description\" class=\"forminator-description\">Cargar archivos (CV, Portfolio, etc. - hasta 15 MB)<\/span><ul class=\"forminator-uploaded-files upload-container-upload-1_69e1fb3f942ee\"><\/ul><\/div><\/div><\/div><div class=\"forminator-row\" style=\"margin: 0;\"><div id=\"captcha-1\" class=\"forminator-field-captcha  forminator-col-12\"><div class=\"forminator-captcha-left forminator-g-recaptcha recaptcha-invisible\" data-theme=\"light\" data-badge=\"bottomright\" data-sitekey=\"6LcY54csAAAAAALegveuieDoo37F7_h_up7F6slP\" data-size=\"invisible\"><\/div> <\/div><\/div><input type=\"hidden\" name=\"referer_url\" value=\"\" \/><div class=\"forminator-row forminator-row-last\"><div class=\"forminator-col\"><div class=\"forminator-field\"><button class=\"forminator-button forminator-button-submit\"><span>Enviar<\/span><span aria-hidden=\"true\"><\/span><\/button><\/div><\/div><\/div><input type=\"hidden\" id=\"forminator_nonce\" name=\"forminator_nonce\" value=\"0629be7057\" \/><input type=\"hidden\" name=\"_wp_http_referer\" value=\"\/es\/wp-json\/wp\/v2\/pages\/7592\" \/><input type=\"hidden\" name=\"form_id\" value=\"1327\"><input type=\"hidden\" name=\"page_id\" value=\"7592\"><input type=\"hidden\" name=\"form_type\" value=\"default\"><input type=\"hidden\" name=\"current_url\" value=\"https:\/\/wolfblanc.com\/es\/architect-residential-stockholm\/\"><input type=\"hidden\" name=\"render_id\" value=\"0\"><input type=\"hidden\" name=\"forminator-multifile-hidden\" class=\"forminator-multifile-hidden\"><input type=\"hidden\" name=\"action\" value=\"forminator_submit_form_custom-forms\"><input type=\"hidden\" name=\"trp-form-language\" value=\"es\"\/><\/form>","protected":false},"excerpt":{"rendered":"<p>About WolfblancWolfblanc occupies a unique niche in Stockholm. We are the bridge between Scandinavia and Southern Europe. Our clients are sophisticated homeowners and investors who require seamless design management, whether they are renovating a penthouse in \u00d6stermalm or building a dream villa in Marbella or Mallorca. The RoleWe are looking for a&nbsp;Senior Architect&nbsp;to manage our [&hellip;]<\/p>\n","protected":false},"author":1,"featured_media":7839,"parent":0,"menu_order":0,"comment_status":"closed","ping_status":"closed","template":"","meta":{"iawp_total_views":33,"_vp_format_video_url":"","_vp_image_focal_point":[],"footnotes":""},"class_list":["post-7592","page","type-page","status-publish","has-post-thumbnail","hentry"],"_links":{"self":[{"href":"https:\/\/wolfblanc.com\/es\/wp-json\/wp\/v2\/pages\/7592","targetHints":{"allow":["GET"]}}],"collection":[{"href":"https:\/\/wolfblanc.com\/es\/wp-json\/wp\/v2\/pages"}],"about":[{"href":"https:\/\/wolfblanc.com\/es\/wp-json\/wp\/v2\/types\/page"}],"author":[{"embeddable":true,"href":"https:\/\/wolfblanc.com\/es\/wp-json\/wp\/v2\/users\/1"}],"replies":[{"embeddable":true,"href":"https:\/\/wolfblanc.com\/es\/wp-json\/wp\/v2\/comments?post=7592"}],"version-history":[{"count":0,"href":"https:\/\/wolfblanc.com\/es\/wp-json\/wp\/v2\/pages\/7592\/revisions"}],"wp:featuredmedia":[{"embeddable":true,"href":"https:\/\/wolfblanc.com\/es\/wp-json\/wp\/v2\/media\/7839"}],"wp:attachment":[{"href":"https:\/\/wolfblanc.com\/es\/wp-json\/wp\/v2\/media?parent=7592"}],"curies":[{"name":"wp","href":"https:\/\/api.w.org\/{rel}","templated":true}]}}