{"id":7585,"date":"2025-12-24T17:17:00","date_gmt":"2025-12-24T17:17:00","guid":{"rendered":"https:\/\/wolfblanc.com\/?page_id=7585"},"modified":"2026-02-02T11:51:08","modified_gmt":"2026-02-02T11:51:08","slug":"residential-architect-athens","status":"publish","type":"page","link":"https:\/\/wolfblanc.com\/es\/residential-architect-athens\/","title":{"rendered":"Arquitecto Superior y Jefe de Proyecto (Atenas)"},"content":{"rendered":"<figure class=\"wp-block-image size-full\"><noscript><img decoding=\"async\" type=\"image\/webp\" data-skip-lazy src=\"https:\/\/wolfblanc.com\/wp-content\/uploads\/2024\/12\/k38_01-scaled.jpeg\" alt=\"\" class=\"wp-image-8120\"\/><\/noscript><img decoding=\"async\" type=\"image\/webp\" src=\"data:image\/svg+xml;base64,PHN2ZyB3aWR0aD0iMjU2MCIgaGVpZ2h0PSIxOTExIiB2aWV3Qm94PSIwIDAgMjU2MCAxOTExIiBmaWxsPSJub25lIiB4bWxucz0iaHR0cDovL3d3dy53My5vcmcvMjAwMC9zdmciPjwvc3ZnPg==\" alt class=\"wp-image-8120 vp-lazyload\" data-src=\"https:\/\/wolfblanc.com\/wp-content\/uploads\/2024\/12\/k38_01-scaled.jpeg\" data-sizes=\"auto\" loading=\"eager\"><\/figure>\n\n\n\n<p>El mercado griego est\u00e1 en auge. Wolfblanc se sit\u00faa a la vanguardia de este crecimiento, prestando servicios a inversores y grupos hoteleros internacionales. No nos limitamos a dise\u00f1ar; gestionamos la realidad de la construcci\u00f3n en Grecia para clientes que exigen niveles internacionales de profesionalidad.<\/p>\n\n\n\n<p><strong>El papel<\/strong><br>Buscamos un arquitecto s\u00e9nior capaz de desenvolverse en las complejidades de la construcci\u00f3n griega al tiempo que ofrece un dise\u00f1o de primera clase. Supervisar\u00e1 proyectos que van desde conceptos de hosteler\u00eda boutique en las C\u00edcladas hasta renovaciones residenciales de alto rendimiento en Atenas.<\/p>\n\n\n\n<p><strong>Ser\u00e1s responsable de:<\/strong><\/p>\n\n\n\n<ul class=\"wp-block-list\">\n<li>Liderazgo en dise\u00f1o para viviendas vacacionales de lujo y reformas hoteleras.<\/li>\n\n\n\n<li>Gesti\u00f3n de proyectos: Ser los \u201cojos y o\u00eddos\u201d sobre el terreno para los clientes internacionales, garantizando el cumplimiento de los plazos.<\/li>\n\n\n\n<li>Navegar por las leyes locales de zonificaci\u00f3n y coordinarse con los ingenieros para maximizar el valor de la inversi\u00f3n.<\/li>\n<\/ul>\n\n\n\n<p><strong>Requisitos:<\/strong><\/p>\n\n\n\n<p>Dominio del ingl\u00e9s y el griego.<br><\/p>\n\n\n\n<p>Experiencia en el sector hotelero o residencial de alto nivel.<\/p>\n\n\n\n<p>Capacidad para gestionar a los contratistas locales y el control de calidad.<\/p>\n\n\n\n<p><strong>Presente su candidatura a continuaci\u00f3n:<\/strong><\/p>\n\n\n<div class=\"forminator-ui forminator-custom-form forminator-custom-form-1327 forminator-design--material  forminator_ajax\" data-forminator-render=\"0\" data-form=\"forminator-module-1327\" data-uid=\"69e7339041093\"><br\/><\/div><form\n\t\t\t\tid=\"forminator-module-1327\"\n\t\t\t\tclass=\"forminator-ui forminator-custom-form forminator-custom-form-1327 forminator-design--material  forminator_ajax\"\n\t\t\t\tmethod=\"post\"\n\t\t\t\tdata-forminator-render=\"0\"\n\t\t\t\tdata-form-id=\"1327\"\n\t\t\t\tenctype=\"multipart\/form-data\" data-color-option=\"theme\" data-design=\"material\" data-grid=\"open\" style=\"display: none;\"\n\t\t\t\tdata-uid=\"69e7339041093\" action=\"\"\n\t\t\t><div role=\"alert\" aria-live=\"polite\" class=\"forminator-response-message forminator-error\" aria-hidden=\"true\"><\/div><div class=\"forminator-row\"><div id=\"name-1\" class=\"forminator-field-name forminator-col forminator-col-12\"><div class=\"forminator-field\"><input type=\"text\" name=\"name-1\" value=\"\" placeholder=\"Nombre y apellidos\" id=\"forminator-field-name-1_69e7339041093\" class=\"forminator-input forminator-name--field\" aria-required=\"true\" autocomplete=\"name\" \/><\/div><\/div><\/div><div class=\"forminator-row\"><div id=\"email-1\" class=\"forminator-field-email forminator-col forminator-col-6\"><div class=\"forminator-field\"><input type=\"email\" name=\"email-1\" value=\"\" placeholder=\"Correo electr\u00f3nico\" id=\"forminator-field-email-1_69e7339041093\" class=\"forminator-input forminator-email--field\" data-required=\"true\" aria-required=\"true\" autocomplete=\"email\" \/><\/div><\/div><div id=\"phone-1\" class=\"forminator-field-phone forminator-col forminator-col-6\"><div class=\"forminator-field\"><input type=\"text\" name=\"phone-1\" value=\"\" placeholder=\"Tel\u00e9fono\" id=\"forminator-field-phone-1_69e7339041093\" class=\"forminator-input forminator-field--phone\" data-required=\"\" aria-required=\"false\" autocomplete=\"off\" data-validation=\"1\" \/><\/div><\/div><\/div><div class=\"forminator-row\"><div id=\"text-1\" class=\"forminator-field-text forminator-col forminator-col-12\"><div class=\"forminator-field\"><input type=\"text\" name=\"text-1\" value=\"\" placeholder=\"Papel*\" id=\"forminator-field-text-1_69e7339041093\" class=\"forminator-input forminator-name--field\" data-required=\"1\" \/><\/div><\/div><\/div><div class=\"forminator-row\"><div id=\"text-2\" class=\"forminator-field-text forminator-col forminator-col-12\"><div class=\"forminator-field\"><input type=\"text\" name=\"text-2\" value=\"\" placeholder=\"Localizaci\u00f3n*\" id=\"forminator-field-text-2_69e7339041093\" class=\"forminator-input forminator-name--field\" data-required=\"1\" \/><\/div><\/div><\/div><div class=\"forminator-row\"><div id=\"select-1\" class=\"forminator-field-select forminator-col forminator-col-12\"><div class=\"forminator-field\"><label for=\"forminator-form-1327__field--select-1_69e7339041093\" id=\"forminator-form-1327__field--select-1_69e7339041093-label\" class=\"forminator-label\">\u00bfC\u00f3mo supiste de nosotros? (Google, Instagram, LinkedIn,...)<\/label><select  id=\"forminator-form-1327__field--select-1_69e7339041093\" class=\"forminator-select--field forminator-select2 forminator-select2-multiple\" data-required=\"\" name=\"select-1\" data-default-value=\"\" data-hidden-behavior=\"zero\" data-placeholder=\"\" data-search=\"false\" data-search-placeholder=\"\" data-checkbox=\"false\" data-allow-clear=\"false\" aria-labelledby=\"forminator-form-1327__field--select-1_69e7339041093-label\"><option value=\"one\"  data-calculation=\"0\">B\u00fasqueda en Google<\/option><option value=\"two\"  data-calculation=\"0\">Google Maps<\/option><option value=\"LinkedIn\"  data-calculation=\"0\">LinkedIn<\/option><option value=\"Instagram\"  data-calculation=\"0\">Instagram<\/option><option value=\"Other\"  data-calculation=\"0\">Otros<\/option><\/select><\/div><\/div><\/div><div class=\"forminator-row\"><div id=\"textarea-1\" class=\"forminator-field-textarea forminator-col forminator-col-12\"><div class=\"forminator-field\"><textarea name=\"textarea-1\" placeholder=\"\" id=\"forminator-field-textarea-1_69e7339041093\" class=\"forminator-textarea\" rows=\"6\" style=\"min-height:140px;\" aria-describedby=\"forminator-field-textarea-1_69e7339041093-description\" ><\/textarea><span id=\"forminator-field-textarea-1_69e7339041093-description\" class=\"forminator-description\">Mensaje<\/span><\/div><\/div><\/div><div class=\"forminator-row\"><div id=\"upload-1\" class=\"forminator-field-upload forminator-col forminator-col-12\"><div class=\"forminator-field\"><div class=\"forminator-multi-upload\" data-element=\"upload-1_69e7339041093\" aria-describedby=\"forminator-field-upload-1_69e7339041093-description\"><input type=\"file\" name=\"upload-1[]\" id=\"forminator-field-upload-1_69e7339041093\" class=\"forminator-input-file forminator-field-upload-1_69e7339041093-1327\" multiple=\"multiple\" data-method=\"ajax\" data-size=\"15000000\" data-size-message=\"El tama\u00f1o m\u00e1ximo de archivo permitido es 15 MB. \"><div class=\"forminator-multi-upload-message\" aria-hidden=\"true\"><span class=\"forminator-icon-upload\" aria-hidden=\"true\"><\/span><p>Arrastrar y soltar (o) <a class=\"forminator-upload-file--forminator-field-upload-1_69e7339041093\" href=\"#\" onclick=\"return false;\">cambiar archivos<\/a><\/p><\/div><\/div><span id=\"forminator-field-upload-1_69e7339041093-description\" class=\"forminator-description\">Cargar archivos (CV, Portfolio, etc. - hasta 15 MB)<\/span><ul class=\"forminator-uploaded-files upload-container-upload-1_69e7339041093\"><\/ul><\/div><\/div><\/div><div class=\"forminator-row\" style=\"margin: 0;\"><div id=\"captcha-1\" class=\"forminator-field-captcha  forminator-col-12\"><div class=\"forminator-captcha-left forminator-g-recaptcha recaptcha-invisible\" data-theme=\"light\" data-badge=\"bottomright\" data-sitekey=\"6LcY54csAAAAAALegveuieDoo37F7_h_up7F6slP\" data-size=\"invisible\"><\/div> <\/div><\/div><input type=\"hidden\" name=\"referer_url\" value=\"\" \/><div class=\"forminator-row forminator-row-last\"><div class=\"forminator-col\"><div class=\"forminator-field\"><button class=\"forminator-button forminator-button-submit\"><span>Enviar<\/span><span aria-hidden=\"true\"><\/span><\/button><\/div><\/div><\/div><input type=\"hidden\" id=\"forminator_nonce\" name=\"forminator_nonce\" value=\"69614f17cb\" \/><input type=\"hidden\" name=\"_wp_http_referer\" value=\"\/es\/wp-json\/wp\/v2\/pages\/7585\" \/><input type=\"hidden\" name=\"form_id\" value=\"1327\"><input type=\"hidden\" name=\"page_id\" value=\"7585\"><input type=\"hidden\" name=\"form_type\" value=\"default\"><input type=\"hidden\" name=\"current_url\" value=\"https:\/\/wolfblanc.com\/es\/residential-architect-athens\/\"><input type=\"hidden\" name=\"render_id\" value=\"0\"><input type=\"hidden\" name=\"forminator-multifile-hidden\" class=\"forminator-multifile-hidden\"><input type=\"hidden\" name=\"action\" value=\"forminator_submit_form_custom-forms\"><input type=\"hidden\" name=\"trp-form-language\" value=\"es\"\/><\/form>","protected":false},"excerpt":{"rendered":"<p>The Greek market is booming. Wolfblanc is positioned at the forefront of this growth, servicing international investors and hospitality groups. We do not just design; we manage the reality of construction in Greece for clients who demand international standards of professionalism. The RoleWe are seeking a&nbsp;Senior Architect&nbsp;capable of navigating the complexities of Greek construction while [&hellip;]<\/p>\n","protected":false},"author":1,"featured_media":8120,"parent":0,"menu_order":0,"comment_status":"closed","ping_status":"closed","template":"","meta":{"iawp_total_views":40,"_vp_format_video_url":"","_vp_image_focal_point":[],"footnotes":""},"class_list":["post-7585","page","type-page","status-publish","has-post-thumbnail","hentry"],"_links":{"self":[{"href":"https:\/\/wolfblanc.com\/es\/wp-json\/wp\/v2\/pages\/7585","targetHints":{"allow":["GET"]}}],"collection":[{"href":"https:\/\/wolfblanc.com\/es\/wp-json\/wp\/v2\/pages"}],"about":[{"href":"https:\/\/wolfblanc.com\/es\/wp-json\/wp\/v2\/types\/page"}],"author":[{"embeddable":true,"href":"https:\/\/wolfblanc.com\/es\/wp-json\/wp\/v2\/users\/1"}],"replies":[{"embeddable":true,"href":"https:\/\/wolfblanc.com\/es\/wp-json\/wp\/v2\/comments?post=7585"}],"version-history":[{"count":0,"href":"https:\/\/wolfblanc.com\/es\/wp-json\/wp\/v2\/pages\/7585\/revisions"}],"wp:featuredmedia":[{"embeddable":true,"href":"https:\/\/wolfblanc.com\/es\/wp-json\/wp\/v2\/media\/8120"}],"wp:attachment":[{"href":"https:\/\/wolfblanc.com\/es\/wp-json\/wp\/v2\/media?parent=7585"}],"curies":[{"name":"wp","href":"https:\/\/api.w.org\/{rel}","templated":true}]}}