{"id":6753,"date":"2025-09-30T06:58:16","date_gmt":"2025-09-30T06:58:16","guid":{"rendered":"https:\/\/wolfblanc.com\/newsletter\/"},"modified":"2026-01-28T11:56:09","modified_gmt":"2026-01-28T11:56:09","slug":"newsletter","status":"publish","type":"page","link":"https:\/\/wolfblanc.com\/es\/newsletter\/","title":{"rendered":"\u00danete a Newsletter"},"content":{"rendered":"<p class=\"has-text-align-center\">Mant\u00e9ngase al d\u00eda sobre nuestros proyectos, ideas y pr\u00f3ximos trabajos.<br>Suscr\u00edbase para recibir actualizaciones ocasionales de Wolfblanc Architects.<\/p>\n\n\n\n<div class=\"wp-block-kadence-spacer aligncenter kt-block-spacer-6753_c5b2b8-aa\"><div class=\"kt-block-spacer kt-block-spacer-halign-center\"><hr class=\"kt-divider\"\/><\/div><\/div>\n\n\n<div class=\"tnp tnp-subscription\">\n<form method=\"post\" action=\"https:\/\/wolfblanc.com\/wp-admin\/admin-ajax.php?action=tnp&amp;na=s\">\n<input type=\"hidden\" name=\"nlang\" value=\"es\">\n<div class=\"tnp-field tnp-field-email\"><label for=\"tnp-1\">Correo electr\u00f3nico<\/label>\n<input class=\"tnp-email\" type=\"email\" name=\"ne\" id=\"tnp-1\" value=\"\" placeholder=\"\" required><\/div>\n<div class=\"tnp-field tnp-field-button\" style=\"text-align: left\"><input class=\"tnp-submit\" type=\"submit\" value=\"Suscribirse\" style=\"\">\n<\/div>\n<\/form>\n<\/div>","protected":false},"excerpt":{"rendered":"<p>Mant\u00e9ngase al d\u00eda sobre nuestros proyectos, ideas y pr\u00f3ximos trabajos. Suscr\u00edbase para recibir actualizaciones ocasionales de Wolfblanc Architects.<\/p>","protected":false},"author":1,"featured_media":7902,"parent":0,"menu_order":0,"comment_status":"closed","ping_status":"closed","template":"","meta":{"iawp_total_views":74,"_vp_format_video_url":"","_vp_image_focal_point":[],"footnotes":""},"class_list":["post-6753","page","type-page","status-publish","has-post-thumbnail","hentry"],"_links":{"self":[{"href":"https:\/\/wolfblanc.com\/es\/wp-json\/wp\/v2\/pages\/6753","targetHints":{"allow":["GET"]}}],"collection":[{"href":"https:\/\/wolfblanc.com\/es\/wp-json\/wp\/v2\/pages"}],"about":[{"href":"https:\/\/wolfblanc.com\/es\/wp-json\/wp\/v2\/types\/page"}],"author":[{"embeddable":true,"href":"https:\/\/wolfblanc.com\/es\/wp-json\/wp\/v2\/users\/1"}],"replies":[{"embeddable":true,"href":"https:\/\/wolfblanc.com\/es\/wp-json\/wp\/v2\/comments?post=6753"}],"version-history":[{"count":0,"href":"https:\/\/wolfblanc.com\/es\/wp-json\/wp\/v2\/pages\/6753\/revisions"}],"wp:featuredmedia":[{"embeddable":true,"href":"https:\/\/wolfblanc.com\/es\/wp-json\/wp\/v2\/media\/7902"}],"wp:attachment":[{"href":"https:\/\/wolfblanc.com\/es\/wp-json\/wp\/v2\/media?parent=6753"}],"curies":[{"name":"wp","href":"https:\/\/api.w.org\/{rel}","templated":true}]}}