{"id":48,"date":"2024-12-07T12:00:42","date_gmt":"2024-12-07T12:00:42","guid":{"rendered":"https:\/\/wolfblanc.com\/?page_id=48"},"modified":"2026-04-15T10:50:06","modified_gmt":"2026-04-15T10:50:06","slug":"legal","status":"publish","type":"page","link":"https:\/\/wolfblanc.com\/es\/legal\/","title":{"rendered":"Legal"},"content":{"rendered":"<p class=\"has-text-align-center has-medium-font-size\">T\u00e9rminos y condiciones - Pol\u00edtica de privacidad - Pol\u00edtica de cookies<\/p>\n\n\n\n<p class=\"has-small-font-size\"><strong>Fecha de entrada en vigor<\/strong>: 04\/2026<\/p>\n\n\n\n<p class=\"has-theme-5-color has-text-color has-link-color has-small-font-size wp-elements-0f4253bd716abcf359c6a5641b6971f5\">Bienvenido a&nbsp;<a href=\"https:\/\/wolfblanc.com\/es\/?utm_source=chatgpt.com\">www.wolfblanc.com<\/a>&nbsp;(el \u201cSitio Web\u201d), el sitio web oficial de&nbsp;<strong>Wolfblanc Architects<\/strong>&nbsp;<strong>S.L.<\/strong> (\u201cWolfblanc\u201d, \u201cnosotros\u201d, \u201cnos\u201d o \u201cnuestro\u201d).<\/p>\n\n\n\n<p class=\"has-small-font-size\"><strong>Informaci\u00f3n sobre la empresa<\/strong><\/p>\n\n\n\n<p>Wolfblanc Architects S.L. (NIF B22578207) es una empresa legalmente registrada en Madrid, Espa\u00f1a.<\/p>\n\n\n\n<p>Domicilio social: Calle Hermosilla 48, 28001 Madrid, Espa\u00f1a<\/p>\n\n\n\n<p><strong>Oficinas<\/strong><\/p>\n\n\n\n<p><strong>Espa\u00f1a<\/strong><\/p>\n\n\n\n<ul class=\"wp-block-list\">\n<li>Madrid: Calle Hermosilla 48, 28001 Madrid<\/li>\n\n\n\n<li>Marbella: Centro de Negocios Oasis, Carretera de C\u00e1diz km 176, Oficina 9, 29602 Marbella <\/li>\n<\/ul>\n\n\n\n<p><strong>Suecia<\/strong><\/p>\n\n\n\n<ul class=\"wp-block-list\">\n<li>Estocolmo: Kungsgatan 9, 11143 Estocolmo<\/li>\n\n\n\n<li>Godk\u00e4nd f\u00f6r F-skatt.<\/li>\n<\/ul>\n\n\n\n<p><strong>Grecia<\/strong><\/p>\n\n\n\n<ul class=\"wp-block-list\">\n<li>Atenas: Ermou 56, 10563 Atenas<\/li>\n<\/ul>\n\n\n\n<p><strong>Registros profesionales<\/strong><\/p>\n\n\n\n<ul class=\"wp-block-list\">\n<li>Espa\u00f1a: COAM N.25160<\/li>\n\n\n\n<li>Suecia: SAR\/MSA<\/li>\n\n\n\n<li>Grecia: TEE-TCG N.168011.<\/li>\n<\/ul>\n\n\n\n<p>Todo el contenido de este sitio web se facilita \u00fanicamente con fines informativos y no constituye una oferta formal de servicios ni un compromiso jur\u00eddico.<\/p>\n\n\n\n<p class=\"has-small-font-size\">Al acceder a este sitio web y utilizarlo, usted acepta las condiciones que se exponen a continuaci\u00f3n. Rev\u00edselas peri\u00f3dicamente, ya que pueden ser actualizadas.<\/p>\n\n\n\n<div class=\"wp-block-kadence-spacer aligncenter kt-block-spacer-48_1cb812-57\"><div class=\"kt-block-spacer kt-block-spacer-halign-center\"><hr class=\"kt-divider\"\/><\/div><\/div>\n\n\n\n<details class=\"wp-block-details has-small-font-size is-layout-flow wp-block-details-is-layout-flow\" style=\"line-height:1.5\"><summary>Condiciones generales<\/summary>\n<p><strong>1. Uso de este sitio web<\/strong><\/p>\n\n\n\n<p>Al utilizar este sitio web, usted reconoce que ha le\u00eddo, comprendido y aceptado los presentes T\u00e9rminos y Condiciones, junto con nuestras Pol\u00edticas de Privacidad y de Cookies. Estas cumplen con el Reglamento (UE) 2016\/679 (GDPR) y las leyes nacionales aplicables.<br>Usted se compromete a utilizar el Sitio Web de forma l\u00edcita, profesional y de buena fe. Queda prohibido el uso no autorizado, la modificaci\u00f3n o el uso indebido del contenido. Wolfblanc se reserva el derecho a emprender acciones legales por cualquier uso indebido de esta p\u00e1gina Web.<\/p>\n\n\n\n<p><strong>2. 2. Propiedad intelectual<\/strong><\/p>\n\n\n\n<p>Todo el contenido del Sitio Web -incluyendo im\u00e1genes, textos, gr\u00e1ficos, dibujos y material de proyectos- es propiedad intelectual de Wolfblanc Architects S.L. o de sus leg\u00edtimos colaboradores.<br>Ning\u00fan contenido puede ser reproducido, modificado, distribuido o utilizado comercialmente sin el consentimiento previo por escrito. Se permite el uso personal (ver, marcar o guardar), pero la redistribuci\u00f3n o el uso comercial est\u00e1n estrictamente prohibidos.<br>La aparici\u00f3n de contenidos en el Sitio Web no implica ninguna licencia o derecho de uso, a menos que se conceda expl\u00edcitamente por escrito.<\/p>\n\n\n\n<p><strong>3. Limitaci\u00f3n de responsabilidad<\/strong><\/p>\n\n\n\n<p>Wolfblanc no se hace responsable de ninguna p\u00e9rdida o da\u00f1o directo o indirecto resultante del uso de esta p\u00e1gina Web. No garantizamos la disponibilidad ininterrumpida de la p\u00e1gina web ni la ausencia de errores t\u00e9cnicos.<br>Este sitio web se proporciona \u201ctal cual\u201d, sin garant\u00eda de exactitud, adecuaci\u00f3n a un fin o integridad. Los usuarios aceptan toda la responsabilidad por el uso del sitio web y por cualquier riesgo t\u00e9cnico asociado.<\/p>\n<\/details>\n\n\n\n<details class=\"wp-block-details has-small-font-size is-layout-flow wp-block-details-is-layout-flow\"><summary>Pol\u00edtica de privacidad<\/summary>\n<p><strong>1. Informaci\u00f3n que recopilamos<\/strong><\/p>\n\n\n\n<p>Podemos recopilar datos personales (por ejemplo, nombre, correo electr\u00f3nico, tel\u00e9fono) si se pone en contacto con nosotros directamente a trav\u00e9s del sitio web. Utilizamos Google Analytics para comprender el uso del sitio web y mejorar nuestros servicios. Esto implica la recopilaci\u00f3n de datos de uso del sitio web de acuerdo con la pol\u00edtica de privacidad de Google.<\/p>\n\n\n\n<p><strong>2. C\u00f3mo utilizamos sus datos<\/strong><\/p>\n\n\n\n<p>Los datos recogidos pueden utilizarse para<\/p>\n\n\n\n<ul class=\"wp-block-list\">\n<li>Responder a consultas y solicitudes<\/li>\n\n\n\n<li>Mejorar los servicios y la experiencia de los usuarios<\/li>\n\n\n\n<li>Enviar actualizaciones o comunicaciones si as\u00ed se solicita<\/li>\n\n\n\n<li>Cumplir obligaciones legales o reglamentarias<\/li>\n<\/ul>\n\n\n\n<p><strong>3. Comunicaciones B2B<\/strong><\/p>\n\n\n\n<p class=\"has-theme-5-color has-text-color has-link-color wp-elements-69f516feb3e15d087dd140d78310bbac\">En el contexto de nuestros servicios B2B, podemos enviar comunicaciones profesionales basadas en nuestro inter\u00e9s leg\u00edtimo.<br>Las interacciones con nuestros correos electr\u00f3nicos pueden procesarse para mejorar la pertinencia de nuestras comunicaciones.<br>Los destinatarios pueden darse de baja en cualquier momento directamente desde el correo electr\u00f3nico o poni\u00e9ndose en contacto con nosotros en&nbsp;<a href=\"mailto:legal@wolfblanc.com\"><strong>legal@wolfblanc.com<\/strong><\/a><\/p>\n\n\n\n<p><strong>4. Base jur\u00eddica del tratamiento<\/strong><\/p>\n\n\n\n<p>Tratamos sus datos personales en funci\u00f3n de:<\/p>\n\n\n\n<ul class=\"wp-block-list\">\n<li>Su consentimiento (por ejemplo, comunicaciones de marketing, cookies)<\/li>\n\n\n\n<li>Intereses leg\u00edtimos (por ejemplo, seguridad del sitio web y an\u00e1lisis an\u00f3nimos)<\/li>\n\n\n\n<li>Obligaciones legales<\/li>\n<\/ul>\n\n\n\n<p><strong>5. 5. Intercambio de datos<\/strong><\/p>\n\n\n\n<p>No vendemos sus datos. S\u00f3lo los compartimos con proveedores de servicios de confianza que nos ayudan a gestionar este sitio web, bajo acuerdos de confidencialidad.<\/p>\n\n\n\n<p><strong>6. Seguridad de los datos<\/strong><\/p>\n\n\n\n<p>Aplicamos medidas de seguridad para proteger sus datos. Sin embargo, ning\u00fan sistema es totalmente seguro y no podemos garantizar una protecci\u00f3n absoluta.<\/p>\n\n\n\n<p><strong>7. Sus derechos<\/strong><\/p>\n\n\n\n<p>Tienes derecho a:<\/p>\n\n\n\n<ul class=\"wp-block-list\">\n<li>Acceder a sus datos personales, rectificarlos o suprimirlos<\/li>\n\n\n\n<li>Oponerse o restringir el tratamiento<\/li>\n\n\n\n<li>Retirar el consentimiento en cualquier momento<\/li>\n\n\n\n<li>Solicitar la portabilidad de datos<\/li>\n\n\n\n<li class=\"has-theme-5-color has-text-color has-link-color wp-elements-acd7d329fae0e92c83dc9835be4ae876\">Presentar una reclamaci\u00f3n ante una autoridad de control <br><br>Para ejercer estos derechos, env\u00edenos un correo electr\u00f3nico a&nbsp;<a href=\"mailto:legal@wolfblanc.com\"><strong>legal@wolfblanc.com<\/strong><\/a><\/li>\n<\/ul>\n\n\n\n<p><strong>8. Conservaci\u00f3n de datos<\/strong><\/p>\n\n\n\n<p>Sus datos se conservan s\u00f3lo el tiempo necesario para los fines para los que se recogieron, o mientras lo exija la ley.<\/p>\n\n\n\n<p><strong>9. Descargo de responsabilidad de Google<\/strong><\/p>\n\n\n\n<p class=\"has-theme-5-color has-text-color has-link-color wp-elements-5a5229ee74718b86ca035e9775f0b6ce\">Este sitio est\u00e1 protegido por reCAPTCHA y por la pol\u00edtica de privacidad de Google.&nbsp;<a href=\"https:\/\/policies.google.com\/privacy\" data-type=\"link\" data-id=\"https:\/\/policies.google.com\/privacy\" target=\"_blank\" rel=\"noopener\"><strong>Pol\u00edtica de privacidad<\/strong><\/a>&nbsp;y&nbsp;<a href=\"https:\/\/policies.google.com\/terms\" data-type=\"link\" data-id=\"https:\/\/policies.google.com\/terms\" target=\"_blank\" rel=\"noopener\"><strong>Condiciones de uso<\/strong><\/a>&nbsp;aplicar.<\/p>\n<\/details>\n\n\n\n<details class=\"wp-block-details has-small-font-size is-layout-flow wp-block-details-is-layout-flow\"><summary>Pol\u00edtica de cookies<\/summary>\n<p><strong>1. \u00bfQu\u00e9 son los Cookies?<\/strong><\/p>\n\n\n\n<p>Cookies son peque\u00f1os archivos de texto almacenados en su dispositivo que permiten funciones esenciales del sitio web y mejoran su experiencia.<\/p>\n\n\n\n<p><strong>2. Qu\u00e9 Cookies utilizamos<\/strong><\/p>\n\n\n\n<p>Este sitio utiliza cookies esencial para la funcionalidad y Google Analytics cookies para medir el tr\u00e1fico y mejorar nuestros servicios.<\/p>\n\n\n\n<p><strong>3. Gesti\u00f3n de Cookies<\/strong><\/p>\n\n\n\n<p>Puede controlar o desactivar cookies a trav\u00e9s de la configuraci\u00f3n de su navegador; sin embargo, desactivar cookies esencial puede afectar al rendimiento del sitio web o inhabilitar la funcionalidad del chat.<\/p>\n\n\n\n<p><strong>4. Terceros Cookies<\/strong><\/p>\n\n\n\n<p>No utilizamos publicidad, rastreo de comportamiento ni marketing cookies. Los servicios anal\u00edticos y de chat funcionan de acuerdo con las leyes de privacidad y no le rastrean sin su consentimiento expl\u00edcito.<\/p>\n<\/details>\n\n\n\n<details class=\"wp-block-details has-small-font-size is-layout-flow wp-block-details-is-layout-flow\"><summary>Actualizaciones<\/summary>\n<p>Podemos revisar estos T\u00e9rminos, Privacidad y Pol\u00edtica de Cookies en cualquier momento. Las actualizaciones se publicar\u00e1n aqu\u00ed. El uso continuado del Sitio Web implica la aceptaci\u00f3n de cualquier cambio.<\/p>\n<\/details>\n\n\n\n<details class=\"wp-block-details has-small-font-size is-layout-flow wp-block-details-is-layout-flow\"><summary>Contacto <\/summary>\n<p class=\"has-theme-5-color has-text-color has-link-color wp-elements-ef597d5dae6e2c80ed9ed15d1ef1c914\">Si tiene preguntas o dudas, p\u00f3ngase en contacto con nosotros: <a href=\"mailto:legal@wolfblanc.com\"><strong>legal@wolfblanc.com<\/strong><\/a><\/p>\n<\/details>\n\n\n\n<div class=\"wp-block-kadence-spacer aligncenter kt-block-spacer-48_6f1cc6-d8\"><div class=\"kt-block-spacer kt-block-spacer-halign-center\"><hr class=\"kt-divider\"\/><\/div><\/div>","protected":false},"excerpt":{"rendered":"<p>Terms and Conditions \u00b7 Privacy Policy \u00b7 Cookie Policy Effective Date: 04\/2026 Welcome to&nbsp;www.wolfblanc.com&nbsp;(the \u201cWebsite\u201d), the official website of&nbsp;Wolfblanc Architects&nbsp;S.L. (\u201cWolfblanc,\u201d \u201cwe,\u201d \u201cus,\u201d or \u201cour\u201d). Company Information Wolfblanc Architects S.L. (NIF B22578207) is a legally registered company in Madrid, Spain. Registered address: Calle Hermosilla 48, 28001 Madrid, Spain Office Locations Spain Sweden Greece Professional Registrations [&hellip;]<\/p>\n","protected":false},"author":1,"featured_media":8295,"parent":0,"menu_order":0,"comment_status":"closed","ping_status":"closed","template":"","meta":{"iawp_total_views":77,"_vp_format_video_url":"","_vp_image_focal_point":[],"footnotes":""},"class_list":["post-48","page","type-page","status-publish","has-post-thumbnail","hentry"],"_links":{"self":[{"href":"https:\/\/wolfblanc.com\/es\/wp-json\/wp\/v2\/pages\/48","targetHints":{"allow":["GET"]}}],"collection":[{"href":"https:\/\/wolfblanc.com\/es\/wp-json\/wp\/v2\/pages"}],"about":[{"href":"https:\/\/wolfblanc.com\/es\/wp-json\/wp\/v2\/types\/page"}],"author":[{"embeddable":true,"href":"https:\/\/wolfblanc.com\/es\/wp-json\/wp\/v2\/users\/1"}],"replies":[{"embeddable":true,"href":"https:\/\/wolfblanc.com\/es\/wp-json\/wp\/v2\/comments?post=48"}],"version-history":[{"count":1,"href":"https:\/\/wolfblanc.com\/es\/wp-json\/wp\/v2\/pages\/48\/revisions"}],"predecessor-version":[{"id":9430,"href":"https:\/\/wolfblanc.com\/es\/wp-json\/wp\/v2\/pages\/48\/revisions\/9430"}],"wp:featuredmedia":[{"embeddable":true,"href":"https:\/\/wolfblanc.com\/es\/wp-json\/wp\/v2\/media\/8295"}],"wp:attachment":[{"href":"https:\/\/wolfblanc.com\/es\/wp-json\/wp\/v2\/media?parent=48"}],"curies":[{"name":"wp","href":"https:\/\/api.w.org\/{rel}","templated":true}]}}