{"id":9840,"date":"2026-05-11T16:36:45","date_gmt":"2026-05-11T16:36:45","guid":{"rendered":"https:\/\/wolfblanc.com\/?page_id=9840"},"modified":"2026-05-13T13:30:38","modified_gmt":"2026-05-13T13:30:38","slug":"urban-design-masterplanning","status":"publish","type":"page","link":"https:\/\/wolfblanc.com\/de\/urban-design-masterplanning\/","title":{"rendered":"Stadtplanung &amp; Masterplanungen"},"content":{"rendered":"<div class=\"kb-row-layout-wrap kb-row-layout-id9840_6b7da9-be alignfull kt-row-has-bg wp-block-kadence-rowlayout\"><div class=\"kt-row-layout-overlay kt-row-overlay-gradient\"><\/div><div class=\"kt-row-column-wrap kt-has-2-columns kt-row-layout-equal kt-tab-layout-row kt-mobile-layout-row kt-row-valign-middle kb-theme-content-width\">\n\n<div class=\"wp-block-kadence-column kadence-column9840_b4e13a-b9 kb-section-dir-vertical\"><div class=\"kt-inside-inner-col\">\n<span class=\"kt-adv-heading9840_4acff9-4f wp-block-kadence-advancedheading has-theme-5-color has-text-color\" data-kb-block=\"kb-adv-heading9840_4acff9-4f\">Stadtplanung &amp; Masterplanung - Spanien - Schweden - Griechenland<\/span>\n\n\n\n<h1 class=\"kt-adv-heading9840_107596-df wp-block-kadence-advancedheading has-theme-palette-3-color has-text-color\" data-kb-block=\"kb-adv-heading9840_107596-df\">St\u00e4dte werden durch eine Entscheidung nach der anderen aufgebaut. Wir schaffen den Rahmen, in dem jede Entscheidung z\u00e4hlt.<\/h1>\n\n\n\n<p class=\"kt-adv-heading9840_a8137a-71 wp-block-kadence-advancedheading has-theme-palette-4-color has-text-color\" data-kb-block=\"kb-adv-heading9840_a8137a-71\">Wolfblanc entwirft im st\u00e4dtischen Ma\u00dfstab: Masterpl\u00e4ne, \u00f6ffentliche R\u00e4ume, gemischt genutzte Projekte und Erneuerungsstrategien in Madrid, Athen und Stockholm. Wir verf\u00fcgen \u00fcber eine dreifache EU-Architektenregistrierung (COAM in Spanien, SAR\/MSA in Schweden, TEE-TCG in Griechenland), die uns das rechtliche Standing und das lokale Wissen gibt, um die Planungsrahmen in jedem Markt zu navigieren.<\/p>\n\n\n\n<div class=\"wp-block-buttons is-content-justification-left is-layout-flex wp-container-core-buttons-is-layout-fc4fd283 wp-block-buttons-is-layout-flex\">\n<div class=\"wp-block-button\"><a class=\"wp-block-button__link has-theme-1-color has-theme-5-background-color has-text-color has-background wp-element-button\" href=\"https:\/\/wolfblanc.com\/de\/contact\/\" style=\"border-radius:100px\"><strong>Buchen Sie eine kostenlose Konsultation<\/strong><\/a><\/div>\n<\/div>\n<\/div><\/div>\n\n\n\n<div class=\"wp-block-kadence-column kadence-column9840_208a33-07 kvs-md-false kvs-sm-false\"><div class=\"kt-inside-inner-col\"><\/div><\/div>\n\n<\/div><\/div>\n\n<div class=\"kb-row-layout-wrap kb-row-layout-id9840_d91077-e6 alignfull has-theme-palette9-background-color kt-row-has-bg wp-block-kadence-rowlayout\"><div class=\"kt-row-column-wrap kt-has-1-columns kt-row-layout-equal kt-tab-layout-inherit kt-mobile-layout-row kt-row-valign-top kb-theme-content-width\">\n\n<div class=\"wp-block-kadence-column kadence-column9840_7bd1b7-89\"><div class=\"kt-inside-inner-col\">\n<div class=\"kt-adv-heading9840_749ef6-8a wp-block-kadence-advancedheading has-theme-5-color has-text-color\" data-kb-block=\"kb-adv-heading9840_749ef6-8a\"><strong>Was wir entwerfen<\/strong><\/div>\n\n\n\n<h2 class=\"kt-adv-heading9840_9c925c-f9 wp-block-kadence-advancedheading has-theme-palette-3-color has-text-color\" data-kb-block=\"kb-adv-heading9840_9c925c-f9\">Von der Nachbarschaftsstrategie zur gebauten Realit\u00e4t. \u00dcber drei L\u00e4nder hinweg.<\/h2>\n\n\n\n<div class=\"wp-block-kadence-iconlist kt-svg-icon-list-items kt-svg-icon-list-items9840_a0b59a-0d kt-svg-icon-list-columns-1 alignnone\"><ul class=\"kt-svg-icon-list\">\n<li class=\"wp-block-kadence-listitem kt-svg-icon-list-item-wrap kt-svg-icon-list-item-9840_892d95-41\"><span class=\"kb-svg-icon-wrap kb-svg-icon-fas_arrow-right kt-svg-icon-list-single\"><svg viewbox=\"0 0 448 512\"  fill=\"currentColor\" xmlns=\"http:\/\/www.w3.org\/2000\/svg\"  aria-hidden=\"true\"><path d=\"M190.5 66.9l22.2-22.2c9.4-9.4 24.6-9.4 33.9 0L441 239c9.4 9.4 9.4 24.6 0 33.9L246.6 467.3c-9.4 9.4-24.6 9.4-33.9 0l-22.2-22.2c-9.5-9.5-9.3-25 .4-34.3L311.4 296H24c-13.3 0-24-10.7-24-24v-32c0-13.3 10.7-24 24-24h287.4L190.9 101.2c-9.8-9.3-10-24.8-.4-34.3z\"\/><\/svg><\/span><span class=\"kt-svg-icon-list-text\"><strong>Masterplanning f\u00fcr Wohngeb\u00e4ude:<\/strong> Wohnsiedlungen mit hoher und mittlerer Bebauungsdichte. Standortanalyse, Studien zur Masse, Optimierung des Wohnungsmixes, Gemeinschaftsbereiche und Landschaftsintegration.<\/span><\/li>\n\n\n\n<li class=\"wp-block-kadence-listitem kt-svg-icon-list-item-wrap kt-svg-icon-list-item-9840_f09f88-ac\"><span class=\"kb-svg-icon-wrap kb-svg-icon-fas_arrow-right kt-svg-icon-list-single\"><svg viewbox=\"0 0 448 512\"  fill=\"currentColor\" xmlns=\"http:\/\/www.w3.org\/2000\/svg\"  aria-hidden=\"true\"><path d=\"M190.5 66.9l22.2-22.2c9.4-9.4 24.6-9.4 33.9 0L441 239c9.4 9.4 9.4 24.6 0 33.9L246.6 467.3c-9.4 9.4-24.6 9.4-33.9 0l-22.2-22.2c-9.5-9.5-9.3-25 .4-34.3L311.4 296H24c-13.3 0-24-10.7-24-24v-32c0-13.3 10.7-24 24-24h287.4L190.9 101.2c-9.8-9.3-10-24.8-.4-34.3z\"\/><\/svg><\/span><span class=\"kt-svg-icon-list-text\"><strong>Entwicklungen mit gemischter Nutzung:<\/strong> Geb\u00e4ude, die Wohn-, Gesch\u00e4fts-, Gastgewerbe- und Kulturprogramme kombinieren. R\u00e4umliche Logik, die daf\u00fcr sorgt, dass gemischte Programme operativ und kommerziell funktionieren.<\/span><\/li>\n\n\n\n<li class=\"wp-block-kadence-listitem kt-svg-icon-list-item-wrap kt-svg-icon-list-item-9840_5c6856-d6\"><span class=\"kb-svg-icon-wrap kb-svg-icon-fas_arrow-right kt-svg-icon-list-single\"><svg viewbox=\"0 0 448 512\"  fill=\"currentColor\" xmlns=\"http:\/\/www.w3.org\/2000\/svg\"  aria-hidden=\"true\"><path d=\"M190.5 66.9l22.2-22.2c9.4-9.4 24.6-9.4 33.9 0L441 239c9.4 9.4 9.4 24.6 0 33.9L246.6 467.3c-9.4 9.4-24.6 9.4-33.9 0l-22.2-22.2c-9.5-9.5-9.3-25 .4-34.3L311.4 296H24c-13.3 0-24-10.7-24-24v-32c0-13.3 10.7-24 24-24h287.4L190.9 101.2c-9.8-9.3-10-24.8-.4-34.3z\"\/><\/svg><\/span><span class=\"kt-svg-icon-list-text\"><strong>\u00d6ffentlicher Raum und Landschaft:<\/strong> Pl\u00e4tze, Parks, Stra\u00dfenlandschaften und Interventionen am Wasser. St\u00e4dtische Umgebungen, die f\u00fcr b\u00fcrgerliches Leben, kommerzielle Aktivierung und langfristige Widerstandsf\u00e4higkeit konzipiert sind.<\/span><\/li>\n\n\n\n<li class=\"wp-block-kadence-listitem kt-svg-icon-list-item-wrap kt-svg-icon-list-item-9840_21abcd-b8\"><span class=\"kb-svg-icon-wrap kb-svg-icon-fas_arrow-right kt-svg-icon-list-single\"><svg viewbox=\"0 0 448 512\"  fill=\"currentColor\" xmlns=\"http:\/\/www.w3.org\/2000\/svg\"  aria-hidden=\"true\"><path d=\"M190.5 66.9l22.2-22.2c9.4-9.4 24.6-9.4 33.9 0L441 239c9.4 9.4 9.4 24.6 0 33.9L246.6 467.3c-9.4 9.4-24.6 9.4-33.9 0l-22.2-22.2c-9.5-9.5-9.3-25 .4-34.3L311.4 296H24c-13.3 0-24-10.7-24-24v-32c0-13.3 10.7-24 24-24h287.4L190.9 101.2c-9.8-9.3-10-24.8-.4-34.3z\"\/><\/svg><\/span><span class=\"kt-svg-icon-list-text\"><strong>Stadterneuerung:<\/strong> Untergenutzte Geb\u00e4ude, verlassene Standorte und veraltete Viertel werden in produktive, lebenswerte Stadtstrukturen umgewandelt. Sensible Eingriffe in das Kulturerbe, die einen Mehrwert schaffen, ohne den Charakter zu zerst\u00f6ren.<\/span><\/li>\n\n\n\n<li class=\"wp-block-kadence-listitem kt-svg-icon-list-item-wrap kt-svg-icon-list-item-9840_62fc76-04\"><span class=\"kb-svg-icon-wrap kb-svg-icon-fas_arrow-right kt-svg-icon-list-single\"><svg viewbox=\"0 0 448 512\"  fill=\"currentColor\" xmlns=\"http:\/\/www.w3.org\/2000\/svg\"  aria-hidden=\"true\"><path d=\"M190.5 66.9l22.2-22.2c9.4-9.4 24.6-9.4 33.9 0L441 239c9.4 9.4 9.4 24.6 0 33.9L246.6 467.3c-9.4 9.4-24.6 9.4-33.9 0l-22.2-22.2c-9.5-9.5-9.3-25 .4-34.3L311.4 296H24c-13.3 0-24-10.7-24-24v-32c0-13.3 10.7-24 24-24h287.4L190.9 101.2c-9.8-9.3-10-24.8-.4-34.3z\"\/><\/svg><\/span><span class=\"kt-svg-icon-list-text\"><strong>Adaptive Wiederverwendung:<\/strong> Stadien, Industriegeb\u00e4ude, historische Strukturen und institutionelle Komplexe, die f\u00fcr neue Programme umgestaltet werden. Wohnen, Gastgewerbe, kulturelle und kommerzielle Nutzung in bestehenden Geb\u00e4uden.<\/span><\/li>\n<\/ul><\/div>\n<\/div><\/div>\n\n<\/div><\/div>\n\n\n<div class=\"wp-block-cover alignfull is-light has-theme-5-color has-text-color has-link-color wp-elements-f6b2d5b0eaaa85ccf20e8c7a4733ff9d\" style=\"margin-top:0;padding-top:5vw;padding-right:5vw;padding-bottom:5vw;padding-left:5vw;min-height:314px;aspect-ratio:unset;\"><span aria-hidden=\"true\" class=\"wp-block-cover__background has-theme-1-background-color has-background-dim-100 has-background-dim\"><\/span><div class=\"wp-block-cover__inner-container is-layout-flow wp-block-cover-is-layout-flow\"><div class=\"kb-row-layout-wrap kb-row-layout-id9840_35c311-e5 alignnone wp-block-kadence-rowlayout\"><div class=\"kt-row-column-wrap kt-has-3-columns kt-row-layout-center-half kt-tab-layout-inherit kt-mobile-layout-row kt-row-valign-top\">\n\n<div class=\"wp-block-kadence-column kadence-column9840_af471f-87\"><div class=\"kt-inside-inner-col\"><\/div><\/div>\n\n\n\n<div class=\"wp-block-kadence-column kadence-column9840_222c28-a8\"><div class=\"kt-inside-inner-col\">\n<p class=\"has-text-align-center has-theme-5-color has-theme-1-background-color has-text-color has-background\" style=\"padding-top:var(--wp--preset--spacing--40);padding-right:0;padding-bottom:var(--wp--preset--spacing--40);padding-left:0;font-size:clamp(33.419px, 2.089rem + ((1vw - 3.2px) * 2.077), 60px);letter-spacing:0px;line-height:0.8;text-transform:capitalize\"><strong>Erz\u00e4hlen Sie uns von Ihrem Projekt.<\/strong><\/p>\n\n\n\n<p class=\"has-text-align-center has-theme-5-color has-theme-1-background-color has-text-color has-background\" style=\"padding-top:var(--wp--preset--spacing--40);padding-right:0;padding-bottom:var(--wp--preset--spacing--40);padding-left:0;font-size:clamp(15.197px, 0.95rem + ((1vw - 3.2px) * 0.61), 23px);letter-spacing:0px;line-height:0.8;text-transform:capitalize\"><strong>Die erste Beratung ist kostenlos. Wir antworten innerhalb von 24 Stunden.<\/strong><\/p>\n\n\n<p><div class=\"forminator-ui forminator-custom-form forminator-custom-form-9620 forminator-design--material  forminator_ajax\" data-forminator-render=\"0\" data-form=\"forminator-module-9620\" data-uid=\"6a04803c67da0\"><br\/><\/div><form\r\n\t\t\t\tid=\"forminator-module-9620\"\r\n\t\t\t\tclass=\"forminator-ui forminator-custom-form forminator-custom-form-9620 forminator-design--material  forminator_ajax\"\r\n\t\t\t\tmethod=\"post\"\r\n\t\t\t\tdata-forminator-render=\"0\"\r\n\t\t\t\tdata-form-id=\"9620\"\r\n\t\t\t\t data-color-option=\"theme\" data-design=\"material\" data-grid=\"open\" style=\"display: none;\"\r\n\t\t\t\tdata-uid=\"6a04803c67da0\" action=\"\"\r\n\t\t\t><div role=\"alert\" aria-live=\"polite\" class=\"forminator-response-message forminator-error\" aria-hidden=\"true\"><\/div><div class=\"forminator-row\"><div id=\"name-1\" class=\"forminator-field-name forminator-col forminator-col-12\"><div class=\"forminator-field\"><label for=\"forminator-field-name-1_6a04803c67da0\" id=\"forminator-field-name-1_6a04803c67da0-label\" class=\"forminator-label\">Name <span class=\"forminator-required\">*<\/span><\/label><input type=\"text\" name=\"name-1\" value=\"\" placeholder=\"\" id=\"forminator-field-name-1_6a04803c67da0\" class=\"forminator-input forminator-name--field\" aria-required=\"true\" autocomplete=\"name\" \/><\/div><\/div><\/div><div class=\"forminator-row\"><div id=\"email-1\" class=\"forminator-field-email forminator-col forminator-col-6\"><div class=\"forminator-field\"><label for=\"forminator-field-email-1_6a04803c67da0\" id=\"forminator-field-email-1_6a04803c67da0-label\" class=\"forminator-label\">E-Mail <span class=\"forminator-required\">*<\/span><\/label><input type=\"email\" name=\"email-1\" value=\"\" placeholder=\"\" id=\"forminator-field-email-1_6a04803c67da0\" class=\"forminator-input forminator-email--field\" data-required=\"true\" aria-required=\"true\" autocomplete=\"email\" \/><\/div><\/div><div id=\"phone-1\" class=\"forminator-field-phone forminator-col forminator-col-6\"><div class=\"forminator-field\"><label for=\"forminator-field-phone-1_6a04803c67da0\" id=\"forminator-field-phone-1_6a04803c67da0-label\" class=\"forminator-label\">Telefon<\/label><input type=\"text\" name=\"phone-1\" value=\"\" placeholder=\"\" id=\"forminator-field-phone-1_6a04803c67da0\" class=\"forminator-input forminator-field--phone\" data-required=\"\" aria-required=\"false\" autocomplete=\"off\" data-validation=\"1\" \/><\/div><\/div><\/div><div class=\"forminator-row\"><div id=\"text-1\" class=\"forminator-field-text forminator-col forminator-col-12\"><div class=\"forminator-field\"><label for=\"forminator-field-text-1_6a04803c67da0\" id=\"forminator-field-text-1_6a04803c67da0-label\" class=\"forminator-label\">Projekt Standort<\/label><input type=\"text\" name=\"text-1\" value=\"\" placeholder=\"\" id=\"forminator-field-text-1_6a04803c67da0\" class=\"forminator-input forminator-name--field\" data-required=\"\" \/><\/div><\/div><\/div><div class=\"forminator-row\"><div id=\"textarea-1\" class=\"forminator-field-textarea forminator-col forminator-col-12\"><div class=\"forminator-field\"><label for=\"forminator-field-textarea-1_6a04803c67da0\" id=\"forminator-field-textarea-1_6a04803c67da0-label\" class=\"forminator-label\">Erz\u00e4hlen Sie uns von Ihrem Projekt <span class=\"forminator-required\">*<\/span><\/label><textarea name=\"textarea-1\" placeholder=\"\" id=\"forminator-field-textarea-1_6a04803c67da0\" class=\"forminator-textarea\" rows=\"6\" style=\"--forminator-textarea-min-height:140px;\" ><\/textarea><\/div><\/div><\/div><div class=\"forminator-row\"><div id=\"consent-1\" class=\"forminator-field-consent forminator-col forminator-col-12\"><div class=\"forminator-field\"><label for=\"forminator-field-consent-1_6a04803c67da0\" id=\"forminator-field-consent-1_6a04803c67da0-label\" class=\"forminator-label\">Einverst\u00e4ndnis <span class=\"forminator-required\">*<\/span><\/label><div class=\"forminator-checkbox__wrapper\"><label id=\"forminator-field-consent-1_6a04803c67da0__label\" class=\"forminator-checkbox forminator-consent\"><input type=\"checkbox\" name=\"consent-1\" id=\"forminator-field-consent-1_6a04803c67da0\" value=\"checked\" aria-labelledby=\"forminator-field-consent-1_6a04803c67da0-label\" aria-describedby=\"forminator-field-consent-1_6a04803c67da0__description\" data-required=\"true\" aria-required=\"true\" \/><span class=\"forminator-checkbox-box\" aria-hidden=\"true\"><\/span><\/label><div id=\"forminator-field-consent-1_6a04803c67da0__description\" class=\"forminator-checkbox__label forminator-consent__label\"><p>Ich akzeptiere die <a class=\"underline underline underline-offset-2 decoration-1 decoration-current\/40 hover:decoration-current focus:decoration-current\" href=\"https:\/\/wolfblanc.com\/de\/legal\/\">Datenschutzbestimmungen<\/a>. Alle \u00fcbermittelten Informationen werden vom ersten Kontakt an vertraulich behandelt.<\/p><\/div><\/div><\/div><\/div><\/div><div class=\"forminator-row\" style=\"margin: 0;\"><div id=\"captcha-1\" class=\"forminator-field-captcha  forminator-col-12\"><div class=\"forminator-captcha-left forminator-g-recaptcha recaptcha-invisible\" data-theme=\"light\" data-badge=\"bottomright\" data-sitekey=\"6LcY54csAAAAAALegveuieDoo37F7_h_up7F6slP\" data-size=\"invisible\"><\/div> <\/div><\/div><input type=\"hidden\" name=\"referer_url\" value=\"\" \/><div class=\"forminator-row forminator-row-last\"><div class=\"forminator-col\"><div class=\"forminator-field\"><button class=\"forminator-button forminator-button-submit\"><span>Nachricht senden<\/span><span aria-hidden=\"true\"><\/span><\/button><\/div><\/div><\/div><input type=\"hidden\" id=\"forminator_nonce\" name=\"forminator_nonce\" value=\"64a2f89f24\" \/><input type=\"hidden\" name=\"_wp_http_referer\" value=\"\/de\/wp-json\/wp\/v2\/pages\/9840\" \/><input type=\"hidden\" name=\"form_id\" value=\"9620\"><input type=\"hidden\" name=\"page_id\" value=\"9840\"><input type=\"hidden\" name=\"form_type\" value=\"default\"><input type=\"hidden\" name=\"current_url\" value=\"https:\/\/wolfblanc.com\/de\/urban-design-masterplanning\/\"><input type=\"hidden\" name=\"render_id\" value=\"0\"><input type=\"hidden\" name=\"action\" value=\"forminator_submit_form_custom-forms\"><input type=\"hidden\" name=\"trp-form-language\" value=\"de\"\/><\/form><\/p>\n<\/div><\/div>\n\n\n\n<div class=\"wp-block-kadence-column kadence-column9840_ae80f1-57\"><div class=\"kt-inside-inner-col\"><\/div><\/div>\n\n<\/div><\/div><\/div><\/div>","protected":false},"excerpt":{"rendered":"<p>Urban Design &amp; Masterplanning \u00b7 Spain \u00b7 Sweden \u00b7 Greece Cities are built one decision at a time. We design the framework that makes each decision count. Wolfblanc designs at the urban scale: masterplans, public spaces, mixed-use developments and regeneration strategies across Madrid, Athens and Stockholm. We hold triple EU architectural registration (COAM in Spain, [&hellip;]<\/p>\n","protected":false},"author":1,"featured_media":8518,"parent":0,"menu_order":0,"comment_status":"closed","ping_status":"closed","template":"","meta":{"iawp_total_views":2,"_vp_format_video_url":"","_vp_image_focal_point":[],"footnotes":""},"class_list":["post-9840","page","type-page","status-publish","has-post-thumbnail","hentry"],"_links":{"self":[{"href":"https:\/\/wolfblanc.com\/de\/wp-json\/wp\/v2\/pages\/9840","targetHints":{"allow":["GET"]}}],"collection":[{"href":"https:\/\/wolfblanc.com\/de\/wp-json\/wp\/v2\/pages"}],"about":[{"href":"https:\/\/wolfblanc.com\/de\/wp-json\/wp\/v2\/types\/page"}],"author":[{"embeddable":true,"href":"https:\/\/wolfblanc.com\/de\/wp-json\/wp\/v2\/users\/1"}],"replies":[{"embeddable":true,"href":"https:\/\/wolfblanc.com\/de\/wp-json\/wp\/v2\/comments?post=9840"}],"version-history":[{"count":6,"href":"https:\/\/wolfblanc.com\/de\/wp-json\/wp\/v2\/pages\/9840\/revisions"}],"predecessor-version":[{"id":9881,"href":"https:\/\/wolfblanc.com\/de\/wp-json\/wp\/v2\/pages\/9840\/revisions\/9881"}],"wp:featuredmedia":[{"embeddable":true,"href":"https:\/\/wolfblanc.com\/de\/wp-json\/wp\/v2\/media\/8518"}],"wp:attachment":[{"href":"https:\/\/wolfblanc.com\/de\/wp-json\/wp\/v2\/media?parent=9840"}],"curies":[{"name":"wp","href":"https:\/\/api.w.org\/{rel}","templated":true}]}}