{"id":7592,"date":"2025-12-24T17:33:35","date_gmt":"2025-12-24T17:33:35","guid":{"rendered":"https:\/\/wolfblanc.com\/?page_id=7592"},"modified":"2026-02-02T11:51:05","modified_gmt":"2026-02-02T11:51:05","slug":"architect-residential-stockholm","status":"publish","type":"page","link":"https:\/\/wolfblanc.com\/de\/architect-residential-stockholm\/","title":{"rendered":"Senior Design Architekt (Stockholm &amp; International)"},"content":{"rendered":"<figure class=\"wp-block-image size-full\"><noscript><img decoding=\"async\" type=\"image\/webp\" data-skip-lazy src=\"https:\/\/wolfblanc.com\/wp-content\/uploads\/2024\/12\/K12_07-scaled.jpeg\" alt=\"\" class=\"wp-image-7839\"\/><\/noscript><img decoding=\"async\" type=\"image\/webp\" src=\"data:image\/svg+xml;base64,PHN2ZyB3aWR0aD0iMjU2MCIgaGVpZ2h0PSIxMTM1IiB2aWV3Qm94PSIwIDAgMjU2MCAxMTM1IiBmaWxsPSJub25lIiB4bWxucz0iaHR0cDovL3d3dy53My5vcmcvMjAwMC9zdmciPjwvc3ZnPg==\" alt class=\"wp-image-7839 vp-lazyload\" data-src=\"https:\/\/wolfblanc.com\/wp-content\/uploads\/2024\/12\/K12_07-scaled.jpeg\" data-sizes=\"auto\" loading=\"eager\"><\/figure>\n\n\n\n<p><strong>\u00dcber Wolfblanc<\/strong><br>Wolfblanc nimmt eine einzigartige Nische in Stockholm ein. Wir sind die Br\u00fccke zwischen Skandinavien und S\u00fcdeuropa. Unsere Kunden sind anspruchsvolle Hausbesitzer und Investoren, die ein nahtloses Designmanagement ben\u00f6tigen, egal ob sie ein Penthouse in \u00d6stermalm renovieren oder eine Traumvilla in Marbella oder auf Mallorca bauen.<\/p>\n\n\n\n<p><strong>Die Rolle<\/strong><br>Wir sind auf der Suche nach einem Senior Architect, der unser High-End-Wohnprojekt portfolio leitet. Diese Rolle ist entscheidend f\u00fcr Kunden, die die Sicherheit eines Stockholmer Vertrags mit dem Design-Flair des Mittelmeerraums w\u00fcnschen.<\/p>\n\n\n\n<p><strong>Sie sind verantwortlich f\u00fcr:<\/strong><\/p>\n\n\n\n<ul class=\"wp-block-list\">\n<li>F\u00fchrende Luxus-Renovierungsprojekte im Gro\u00dfraum Stockholm.<\/li>\n\n\n\n<li>Sie fungieren als technische Kontaktperson f\u00fcr schwedische Kunden, die in spanische Immobilien (Zweitwohnungen) investieren, und stellen sicher, dass ihre Vorstellungen korrekt an unsere Teams in Madrid \u00fcbermittelt werden.<\/li>\n\n\n\n<li>Wir liefern hochkonzeptionelle Inneneinrichtungen, die warmen Minimalismus mit luxuri\u00f6sen Materialien verbinden.<\/li>\n<\/ul>\n\n\n\n<p><strong>Der perfekte Kandidat:<\/strong><\/p>\n\n\n\n<p>Verst\u00e4ndnis des grenz\u00fcberschreitenden Projektmanagements.<\/p>\n\n\n\n<p>Flie\u00dfend in Englisch (Schwedisch ist ein Plus).<\/p>\n\n\n\n<p>Erfahrung im gehobenen Wohnungsbau oder im Gastgewerbe.<\/p>\n\n\n\n<p><strong>Bewerben Sie sich unten:<\/strong><\/p>\n\n\n<p><div class=\"forminator-ui forminator-custom-form forminator-custom-form-1327 forminator-design--material  forminator_ajax\" data-forminator-render=\"0\" data-form=\"forminator-module-1327\" data-uid=\"6a04827405881\"><br\/><\/div><form\r\n\t\t\t\tid=\"forminator-module-1327\"\r\n\t\t\t\tclass=\"forminator-ui forminator-custom-form forminator-custom-form-1327 forminator-design--material  forminator_ajax\"\r\n\t\t\t\tmethod=\"post\"\r\n\t\t\t\tdata-forminator-render=\"0\"\r\n\t\t\t\tdata-form-id=\"1327\"\r\n\t\t\t\tenctype=\"multipart\/form-data\" data-color-option=\"theme\" data-design=\"material\" data-grid=\"open\" style=\"display: none;\"\r\n\t\t\t\tdata-uid=\"6a04827405881\" action=\"\"\r\n\t\t\t><div role=\"alert\" aria-live=\"polite\" class=\"forminator-response-message forminator-error\" aria-hidden=\"true\"><\/div><div class=\"forminator-row\"><div id=\"name-1\" class=\"forminator-field-name forminator-col forminator-col-12\"><div class=\"forminator-field\"><label for=\"forminator-field-name-1_6a04827405881\" id=\"forminator-field-name-1_6a04827405881-label\" class=\"forminator-label\">Name &amp; Nachname <span class=\"forminator-required\">*<\/span><\/label><input type=\"text\" name=\"name-1\" value=\"\" placeholder=\"\" id=\"forminator-field-name-1_6a04827405881\" class=\"forminator-input forminator-name--field\" aria-required=\"true\" autocomplete=\"name\" \/><\/div><\/div><\/div><div class=\"forminator-row\"><div id=\"email-1\" class=\"forminator-field-email forminator-col forminator-col-6\"><div class=\"forminator-field\"><label for=\"forminator-field-email-1_6a04827405881\" id=\"forminator-field-email-1_6a04827405881-label\" class=\"forminator-label\">E-Mail <span class=\"forminator-required\">*<\/span><\/label><input type=\"email\" name=\"email-1\" value=\"\" placeholder=\"\" id=\"forminator-field-email-1_6a04827405881\" class=\"forminator-input forminator-email--field\" data-required=\"true\" aria-required=\"true\" autocomplete=\"email\" \/><\/div><\/div><div id=\"phone-1\" class=\"forminator-field-phone forminator-col forminator-col-6\"><div class=\"forminator-field\"><label for=\"forminator-field-phone-1_6a04827405881\" id=\"forminator-field-phone-1_6a04827405881-label\" class=\"forminator-label\">Telefon<\/label><input type=\"text\" name=\"phone-1\" value=\"\" placeholder=\"\" id=\"forminator-field-phone-1_6a04827405881\" class=\"forminator-input forminator-field--phone\" data-required=\"\" aria-required=\"false\" autocomplete=\"off\" data-validation=\"1\" \/><\/div><\/div><\/div><div class=\"forminator-row\"><div id=\"text-1\" class=\"forminator-field-text forminator-col forminator-col-12\"><div class=\"forminator-field\"><label for=\"forminator-field-text-1_6a04827405881\" id=\"forminator-field-text-1_6a04827405881-label\" class=\"forminator-label\">Rolle <span class=\"forminator-required\">*<\/span><\/label><input type=\"text\" name=\"text-1\" value=\"\" placeholder=\"\" id=\"forminator-field-text-1_6a04827405881\" class=\"forminator-input forminator-name--field\" data-required=\"1\" \/><\/div><\/div><\/div><div class=\"forminator-row\"><div id=\"text-2\" class=\"forminator-field-text forminator-col forminator-col-12\"><div class=\"forminator-field\"><label for=\"forminator-field-text-2_6a04827405881\" id=\"forminator-field-text-2_6a04827405881-label\" class=\"forminator-label\">Standort <span class=\"forminator-required\">*<\/span><\/label><input type=\"text\" name=\"text-2\" value=\"\" placeholder=\"\" id=\"forminator-field-text-2_6a04827405881\" class=\"forminator-input forminator-name--field\" data-required=\"1\" \/><\/div><\/div><\/div><div class=\"forminator-row\"><div id=\"select-1\" class=\"forminator-field-select forminator-col forminator-col-12\"><div class=\"forminator-field\"><label for=\"forminator-form-1327__field--select-1_6a04827405881\" id=\"forminator-form-1327__field--select-1_6a04827405881-label\" class=\"forminator-label\">Wie haben Sie von uns erfahren? (Google, Instagram, LinkedIn,...)<\/label><select  id=\"forminator-form-1327__field--select-1_6a04827405881\" class=\"forminator-select--field forminator-select2 forminator-select2-multiple\" data-required=\"\" name=\"select-1\" data-default-value=\"\" data-hidden-behavior=\"zero\" data-placeholder=\"\" data-search=\"false\" data-search-placeholder=\"\" data-checkbox=\"false\" data-allow-clear=\"false\" aria-labelledby=\"forminator-form-1327__field--select-1_6a04827405881-label\"><option value=\"one\"  data-calculation=\"0\">Google Suche<\/option><option value=\"two\"  data-calculation=\"0\">Google Maps<\/option><option value=\"LinkedIn\"  data-calculation=\"0\">LinkedIn<\/option><option value=\"Instagram\"  data-calculation=\"0\">Instagram<\/option><option value=\"Other\"  data-calculation=\"0\">Andere<\/option><\/select><\/div><\/div><\/div><div class=\"forminator-row\"><div id=\"textarea-1\" class=\"forminator-field-textarea forminator-col forminator-col-12\"><div class=\"forminator-field\"><label for=\"forminator-field-textarea-1_6a04827405881\" id=\"forminator-field-textarea-1_6a04827405881-label\" class=\"forminator-label\">Nachricht<\/label><textarea name=\"textarea-1\" placeholder=\"\" id=\"forminator-field-textarea-1_6a04827405881\" class=\"forminator-textarea\" rows=\"6\" style=\"--forminator-textarea-min-height:140px;\" ><\/textarea><\/div><\/div><\/div><div class=\"forminator-row\"><div id=\"upload-1\" class=\"forminator-field-upload forminator-col forminator-col-12\"><div class=\"forminator-field\"><label for=\"forminator-field-upload-1_6a04827405881\" id=\"forminator-field-upload-1_6a04827405881-label\" class=\"forminator-label\">Dateien hochladen (CV, Portfolio, etc. - bis zu 15MB)<\/label><div class=\"forminator-multi-upload\" data-element=\"upload-1_6a04827405881\"><input type=\"file\" name=\"upload-1[]\" id=\"forminator-field-upload-1_6a04827405881\" class=\"forminator-input-file forminator-field-upload-1_6a04827405881-1327\" multiple=\"multiple\" data-method=\"ajax\" data-size=\"15000000\" data-size-message=\"Maximum file size allowed is 15 MB. \"><div class=\"forminator-multi-upload-message\" aria-hidden=\"true\"><span class=\"forminator-icon-upload\" aria-hidden=\"true\"><\/span><p>Ziehen und Ablegen (oder) <a class=\"forminator-upload-file--forminator-field-upload-1_6a04827405881\" href=\"#\" onclick=\"return false;\">Dateien ausw\u00e4hlen<\/a><\/p><\/div><\/div><ul class=\"forminator-uploaded-files upload-container-upload-1_6a04827405881\"><\/ul><\/div><\/div><\/div><div class=\"forminator-row\"><div id=\"consent-1\" class=\"forminator-field-consent forminator-col forminator-col-12\"><div class=\"forminator-field\"><label for=\"forminator-field-consent-1_6a04827405881\" id=\"forminator-field-consent-1_6a04827405881-label\" class=\"forminator-label\">Einverst\u00e4ndnis <span class=\"forminator-required\">*<\/span><\/label><div class=\"forminator-checkbox__wrapper\"><label id=\"forminator-field-consent-1_6a04827405881__label\" class=\"forminator-checkbox forminator-consent\"><input type=\"checkbox\" name=\"consent-1\" id=\"forminator-field-consent-1_6a04827405881\" value=\"checked\" aria-labelledby=\"forminator-field-consent-1_6a04827405881-label\" aria-describedby=\"forminator-field-consent-1_6a04827405881__description\" data-required=\"true\" aria-required=\"true\" \/><span class=\"forminator-checkbox-box\" aria-hidden=\"true\"><\/span><\/label><div id=\"forminator-field-consent-1_6a04827405881__description\" class=\"forminator-checkbox__label forminator-consent__label\"><p>Ich akzeptiere die <a class=\"underline underline underline-offset-2 decoration-1 decoration-current\/40 hover:decoration-current focus:decoration-current\" href=\"https:\/\/wolfblanc.com\/de\/legal\/\">Datenschutzbestimmungen<\/a>.&nbsp;<\/p><\/div><\/div><\/div><\/div><\/div><div class=\"forminator-row\" style=\"margin: 0;\"><div id=\"captcha-1\" class=\"forminator-field-captcha  forminator-col-12\"><div class=\"forminator-captcha-left forminator-g-recaptcha recaptcha-invisible\" data-theme=\"light\" data-badge=\"bottomright\" data-sitekey=\"6LcY54csAAAAAALegveuieDoo37F7_h_up7F6slP\" data-size=\"invisible\"><\/div> <\/div><\/div><input type=\"hidden\" name=\"referer_url\" value=\"\" \/><div class=\"forminator-row forminator-row-last\"><div class=\"forminator-col\"><div class=\"forminator-field\"><button class=\"forminator-button forminator-button-submit\"><span>Senden Sie<\/span><span aria-hidden=\"true\"><\/span><\/button><\/div><\/div><\/div><input type=\"hidden\" id=\"forminator_nonce\" name=\"forminator_nonce\" value=\"d86d3e41f4\" \/><input type=\"hidden\" name=\"_wp_http_referer\" value=\"\/de\/wp-json\/wp\/v2\/pages\/7592\" \/><input type=\"hidden\" name=\"form_id\" value=\"1327\"><input type=\"hidden\" name=\"page_id\" value=\"7592\"><input type=\"hidden\" name=\"form_type\" value=\"default\"><input type=\"hidden\" name=\"current_url\" value=\"https:\/\/wolfblanc.com\/de\/architect-residential-stockholm\/\"><input type=\"hidden\" name=\"render_id\" value=\"0\"><input type=\"hidden\" name=\"forminator-multifile-hidden\" class=\"forminator-multifile-hidden\"><input type=\"hidden\" name=\"action\" value=\"forminator_submit_form_custom-forms\"><input type=\"hidden\" name=\"trp-form-language\" value=\"de\"\/><\/form><\/p>","protected":false},"excerpt":{"rendered":"<p>About WolfblancWolfblanc occupies a unique niche in Stockholm. We are the bridge between Scandinavia and Southern Europe. Our clients are sophisticated homeowners and investors who require seamless design management, whether they are renovating a penthouse in \u00d6stermalm or building a dream villa in Marbella or Mallorca. The RoleWe are looking for a&nbsp;Senior Architect&nbsp;to manage our [&hellip;]<\/p>\n","protected":false},"author":1,"featured_media":7839,"parent":0,"menu_order":0,"comment_status":"closed","ping_status":"closed","template":"","meta":{"iawp_total_views":83,"_vp_format_video_url":"","_vp_image_focal_point":[],"footnotes":""},"class_list":["post-7592","page","type-page","status-publish","has-post-thumbnail","hentry"],"_links":{"self":[{"href":"https:\/\/wolfblanc.com\/de\/wp-json\/wp\/v2\/pages\/7592","targetHints":{"allow":["GET"]}}],"collection":[{"href":"https:\/\/wolfblanc.com\/de\/wp-json\/wp\/v2\/pages"}],"about":[{"href":"https:\/\/wolfblanc.com\/de\/wp-json\/wp\/v2\/types\/page"}],"author":[{"embeddable":true,"href":"https:\/\/wolfblanc.com\/de\/wp-json\/wp\/v2\/users\/1"}],"replies":[{"embeddable":true,"href":"https:\/\/wolfblanc.com\/de\/wp-json\/wp\/v2\/comments?post=7592"}],"version-history":[{"count":0,"href":"https:\/\/wolfblanc.com\/de\/wp-json\/wp\/v2\/pages\/7592\/revisions"}],"wp:featuredmedia":[{"embeddable":true,"href":"https:\/\/wolfblanc.com\/de\/wp-json\/wp\/v2\/media\/7839"}],"wp:attachment":[{"href":"https:\/\/wolfblanc.com\/de\/wp-json\/wp\/v2\/media?parent=7592"}],"curies":[{"name":"wp","href":"https:\/\/api.w.org\/{rel}","templated":true}]}}