{"id":6847,"date":"2025-10-08T14:06:13","date_gmt":"2025-10-08T14:06:13","guid":{"rendered":"https:\/\/wolfblanc.com\/?page_id=6847"},"modified":"2026-05-11T21:04:41","modified_gmt":"2026-05-11T21:04:41","slug":"expertise","status":"publish","type":"page","link":"https:\/\/wolfblanc.com\/de\/expertise\/","title":{"rendered":"Dienstleistungen"},"content":{"rendered":"<div class=\"wp-block-columns is-layout-flex wp-container-core-columns-is-layout-28f84493 wp-block-columns-is-layout-flex\">\n<div class=\"wp-block-column is-layout-flow wp-block-column-is-layout-flow\">\n<p class=\"has-text-align-center\">Wolfblanc ist ein Architektur- und Designb\u00fcro mit umfassendem Service, das in verschiedenen Gr\u00f6\u00dfenordnungen und Typen arbeitet.<br>Wir begleiten Projekte vom Konzept bis zur Fertigstellung oder steigen genau dort ein, wo unser Fachwissen den gr\u00f6\u00dften Mehrwert bringt.<\/p>\n\n\n\n<div class=\"wp-block-kadence-spacer aligncenter kt-block-spacer-6847_c00cd5-6b\"><div class=\"kt-block-spacer kt-block-spacer-halign-center\"><hr class=\"kt-divider\"\/><\/div><\/div>\n<\/div>\n<\/div>\n\n\n\n<div class=\"wp-block-columns alignfull is-layout-flex wp-container-core-columns-is-layout-5a67ddcc wp-block-columns-is-layout-flex\" style=\"margin-bottom:0;padding-right:var(--wp--preset--spacing--50);padding-left:var(--wp--preset--spacing--50)\">\n<div class=\"wp-block-column has-text-color has-background has-link-color wp-elements-9a84783bc2253065cbd5bcd043b4d62a is-layout-flow wp-block-column-is-layout-flow\" style=\"color:#000000;background-color:#f4f4f4;padding-top:0em;padding-right:0em;padding-bottom:0em;padding-left:0em\">\n<figure class=\"wp-block-video\"><video height=\"540\" style=\"aspect-ratio: 960 \/ 540;\" width=\"960\" autoplay loop muted poster=\"https:\/\/wolfblanc.com\/wp-content\/uploads\/2026\/05\/EXPERTISE-Pre-Acquisition-Technical-Due-Diligence-Large-mov-image.jpg\" src=\"https:\/\/wolfblanc.com\/wp-content\/uploads\/2026\/05\/EXPERTISE-Pre-Acquisition-Technical-Due-Diligence-Large.mov\" playsinline class=\"lws-optimize-lazyload\"><\/video><\/figure>\n\n\n\n<h2 class=\"wp-block-heading\" id=\"single\" style=\"padding-right:var(--wp--preset--spacing--40);padding-left:var(--wp--preset--spacing--40);font-size:clamp(18.959px, 1.185rem + ((1vw - 3.2px) * 0.863), 30px);\"><strong>Technische Due Diligence vor der Akquisition<\/strong><\/h2>\n\n\n\n<p class=\"has-small-font-size\" style=\"padding-right:var(--wp--preset--spacing--40);padding-bottom:var(--wp--preset--spacing--40);padding-left:var(--wp--preset--spacing--40)\">Wir helfen K\u00e4ufern, Investoren und Family Offices, eine Immobilie zu verstehen, bevor sie sich festlegen. Wir bewerten das r\u00e4umliche Potenzial, das Planungsrisiko, die technischen Beschr\u00e4nkungen, den Renovierungsumfang und die Wertsch\u00f6pfungsm\u00f6glichkeiten, damit Sie klare Entscheidungen treffen k\u00f6nnen.<br><br><a href=\"https:\/\/wolfblanc.com\/de\/pre-acquisition-technical-due-diligence-for-property-buyers\/\" data-type=\"page\" data-id=\"9830\">Siehe Service<\/a> &gt;<\/p>\n<\/div>\n\n\n\n<div class=\"wp-block-column has-text-color has-background has-link-color wp-elements-2c989ba4479a32510b590afbf80fac7d is-layout-flow wp-block-column-is-layout-flow\" style=\"color:#000000;background-color:#f4f4f4;padding-top:0em;padding-right:0em;padding-bottom:0em;padding-left:0em\">\n<figure class=\"wp-block-video\"><video height=\"480\" style=\"aspect-ratio: 854 \/ 480;\" width=\"854\" autoplay loop muted poster=\"https:\/\/wolfblanc.com\/wp-content\/uploads\/2026\/01\/EXPERTISE-ARCHITECTURE-Medium-mov-image.jpg\" src=\"https:\/\/wolfblanc.com\/wp-content\/uploads\/2026\/01\/EXPERTISE-ARCHITECTURE-Medium-1.mov\" playsinline class=\"lws-optimize-lazyload\"><\/video><\/figure>\n\n\n\n<h2 class=\"wp-block-heading\" id=\"single\" style=\"padding-top:0;padding-right:var(--wp--preset--spacing--40);padding-bottom:0;padding-left:var(--wp--preset--spacing--40);font-size:clamp(18.959px, 1.185rem + ((1vw - 3.2px) * 0.863), 30px);\"><strong>Architektur &amp; Landschaft<\/strong><\/h2>\n\n\n\n<p class=\"has-small-font-size\" style=\"padding-top:0;padding-right:var(--wp--preset--spacing--40);padding-bottom:var(--wp--preset--spacing--40);padding-left:var(--wp--preset--spacing--40)\">Wir entwerfen Geb\u00e4ude und ihre Umgebung als ein integriertes System.<br>Vom Konzept bis zur Fertigstellung schaffen wir mit unserer Arbeit ein Gleichgewicht zwischen r\u00e4umlicher Klarheit, Umweltvertr\u00e4glichkeit und Baubarkeit. Wir entwerfen Architektur, die sich an den Standort, das Klima und den Kontext anpasst.<br><br><a href=\"https:\/\/wolfblanc.com\/de\/architecture-landscape\/\">Siehe Service<\/a> &gt;<\/p>\n<\/div>\n\n\n\n<div class=\"wp-block-column has-text-color has-background has-link-color wp-elements-4d49301aa3f0d30ff5d66684372a814d is-layout-flow wp-block-column-is-layout-flow\" style=\"color:#000000;background-color:#f4f4f4;padding-top:0em;padding-right:0em;padding-bottom:0em;padding-left:0em\">\n<figure class=\"wp-block-video\"><video height=\"480\" style=\"aspect-ratio: 854 \/ 480;\" width=\"854\" autoplay loop muted poster=\"https:\/\/wolfblanc.com\/wp-content\/uploads\/2026\/01\/EXPERTISE-PM-Medium-mov-image.jpg\" src=\"https:\/\/wolfblanc.com\/wp-content\/uploads\/2026\/01\/EXPERTISE-PM-Medium.mov\" playsinline class=\"lws-optimize-lazyload\"><\/video><\/figure>\n\n\n\n<h2 class=\"wp-block-heading\" id=\"single\" style=\"padding-right:var(--wp--preset--spacing--40);padding-left:var(--wp--preset--spacing--40);font-size:clamp(18.959px, 1.185rem + ((1vw - 3.2px) * 0.863), 30px);\"><strong>Projektleitung<\/strong> <strong>\/<\/strong> <br><strong>Neubau \/ Totalrenovierung<\/strong><\/h2>\n\n\n\n<p class=\"has-small-font-size\" style=\"padding-right:var(--wp--preset--spacing--40);padding-bottom:var(--wp--preset--spacing--40);padding-left:var(--wp--preset--spacing--40)\">Wir f\u00fchren Projekte mit starker Koordination, klarer Kommunikation und integrierten BIM-Workflows durch und gew\u00e4hrleisten so Struktur, Effizienz und Qualit\u00e4t vom Konzept bis zur Fertigstellung.<br><br><a href=\"https:\/\/wolfblanc.com\/de\/project-management\/\">Siehe Service<\/a> &gt;<\/p>\n<\/div>\n<\/div>\n\n\n\n<div class=\"wp-block-columns alignfull is-layout-flex wp-container-core-columns-is-layout-5a67ddcc wp-block-columns-is-layout-flex\" style=\"margin-bottom:0;padding-right:var(--wp--preset--spacing--50);padding-left:var(--wp--preset--spacing--50)\">\n<div class=\"wp-block-column has-text-color has-background has-link-color wp-elements-c9c0d66822fc0c34dd4888862302f566 is-layout-flow wp-block-column-is-layout-flow\" style=\"color:#000000;background-color:#f4f4f4;padding-top:0em;padding-right:0em;padding-bottom:0em;padding-left:0em\">\n<figure class=\"wp-block-video\"><video height=\"480\" style=\"aspect-ratio: 854 \/ 480;\" width=\"854\" autoplay loop muted poster=\"https:\/\/wolfblanc.com\/wp-content\/uploads\/2026\/01\/EXPERTISE-RESIDENTIAL-2-Medium-mov-image.jpg\" src=\"https:\/\/wolfblanc.com\/wp-content\/uploads\/2026\/01\/EXPERTISE-RESIDENTIAL-2-Medium.mov\" playsinline class=\"lws-optimize-lazyload\"><\/video><\/figure>\n\n\n\n<h2 class=\"wp-block-heading\" id=\"single\" style=\"padding-right:var(--wp--preset--spacing--40);padding-left:var(--wp--preset--spacing--40);font-size:clamp(18.959px, 1.185rem + ((1vw - 3.2px) * 0.863), 30px);\"><strong>Wohnliche Innenr\u00e4ume<\/strong><\/h2>\n\n\n\n<p class=\"has-small-font-size\" style=\"padding-right:var(--wp--preset--spacing--40);padding-bottom:var(--wp--preset--spacing--40);padding-left:var(--wp--preset--spacing--40)\">Wir gestalten Innenr\u00e4ume, die funktionieren und sich richtig anf\u00fchlen.<br>Jeder Raum ist auf die t\u00e4gliche Nutzung zugeschnitten, mit Augenmerk auf Licht, Material und Atmosph\u00e4re. Unsere Innenr\u00e4ume vereinen Klarheit, Komfort und Effizienz - ein Gleichgewicht zwischen menschlicher Erfahrung und messbarer Funktionalit\u00e4t.<br><br><a href=\"https:\/\/wolfblanc.com\/de\/residential-interiors\/\">Siehe Service<\/a> &gt;<\/p>\n<\/div>\n\n\n\n<div class=\"wp-block-column has-text-color has-background has-link-color wp-elements-9c23388f145bbdb86ca53ed0868ddd67 is-layout-flow wp-block-column-is-layout-flow\" style=\"color:#000000;background-color:#f4f4f4;padding-top:0em;padding-right:0em;padding-bottom:0em;padding-left:0em\">\n<figure class=\"wp-block-video\"><video height=\"480\" style=\"aspect-ratio: 854 \/ 480;\" width=\"854\" autoplay loop muted poster=\"https:\/\/wolfblanc.com\/wp-content\/uploads\/2026\/01\/EXPERTISE-COMMERCIAL-Medium-mov-image.jpg\" src=\"https:\/\/wolfblanc.com\/wp-content\/uploads\/2026\/01\/EXPERTISE-COMMERCIAL-Medium.mov\" playsinline class=\"lws-optimize-lazyload\"><\/video><\/figure>\n\n\n\n<h2 class=\"wp-block-heading\" id=\"single\" style=\"padding-right:var(--wp--preset--spacing--40);padding-left:var(--wp--preset--spacing--40);font-size:clamp(18.959px, 1.185rem + ((1vw - 3.2px) * 0.863), 30px);\"><strong>Kommerzielle Strategie &amp; Inneneinrichtung<\/strong><\/h2>\n\n\n\n<p class=\"has-small-font-size\" style=\"padding-right:var(--wp--preset--spacing--40);padding-bottom:var(--wp--preset--spacing--40);padding-left:var(--wp--preset--spacing--40)\">Wir entwerfen leistungsstarke Umgebungen f\u00fcr Marken und Investoren. Von agilen Arbeitsr\u00e4umen und Veranstaltungsorten f\u00fcr die Gastronomie bis hin zu beeindruckenden Showrooms und Einzelhandelskonzepten - unsere spezialisierte Abteilung&nbsp;<strong>EOLOS DESIGN LAB<\/strong>&nbsp;entwirft kommerzielle Innenr\u00e4ume, die Markenidentit\u00e4t und betriebliche Effizienz in Einklang bringen.<br><br><a href=\"https:\/\/eolos.es\/\" target=\"_blank\" rel=\"noopener\">EOLOS SPANIEN<\/a> - <a href=\"https:\/\/eolos.se\/\" target=\"_blank\" rel=\"noopener\">EOLOS SCHWEDEN<\/a> - <a href=\"https:\/\/wolfblanc.com\/de\/eolos-greece\/\" data-type=\"page\" data-id=\"9481\">EOLOS GRIECHENLAND<\/a><\/p>\n<\/div>\n\n\n\n<div class=\"wp-block-column has-text-color has-background has-link-color wp-elements-15a771302f1ef7b21b09fe70f862c784 is-layout-flow wp-block-column-is-layout-flow\" style=\"color:#000000;background-color:#f4f4f4;padding-top:0em;padding-right:0em;padding-bottom:0em;padding-left:0em\">\n<figure class=\"wp-block-video\"><video height=\"540\" style=\"aspect-ratio: 960 \/ 540;\" width=\"960\" autoplay loop muted poster=\"https:\/\/wolfblanc.com\/wp-content\/uploads\/2026\/05\/EXPERTISE-Urban-Design-Masterplanning-mov-image.jpg\" src=\"https:\/\/wolfblanc.com\/wp-content\/uploads\/2026\/05\/EXPERTISE-Urban-Design-Masterplanning.mov\" playsinline class=\"lws-optimize-lazyload\"><\/video><\/figure>\n\n\n\n<h2 class=\"wp-block-heading\" id=\"single\" style=\"padding-top:0;padding-right:var(--wp--preset--spacing--40);padding-bottom:0;padding-left:var(--wp--preset--spacing--40);font-size:clamp(18.959px, 1.185rem + ((1vw - 3.2px) * 0.863), 30px);\"><strong>Stadtplanung &amp; Masterplanungen<\/strong><\/h2>\n\n\n\n<p class=\"has-small-font-size\" style=\"padding-right:var(--wp--preset--spacing--40);padding-bottom:var(--wp--preset--spacing--40);padding-left:var(--wp--preset--spacing--40)\">Wir planen Standorte, Stadtteile und \u00f6ffentliche Umgebungen mit einer klaren r\u00e4umlichen Strategie. Von der fr\u00fchen Machbarkeit bis zu Masterpl\u00e4nen und Konzepten f\u00fcr den \u00f6ffentlichen Raum verbindet unsere Arbeit Dichte, Bewegung, Landschaft und langfristigen Wert.<br><br><a href=\"https:\/\/wolfblanc.com\/de\/urban-design-masterplanning\/\" data-type=\"page\" data-id=\"9840\">Siehe Service<\/a> &gt;<\/p>\n<\/div>\n<\/div>\n\n\n\n<div class=\"wp-block-columns alignfull is-layout-flex wp-container-core-columns-is-layout-5a67ddcc wp-block-columns-is-layout-flex\" style=\"margin-bottom:0;padding-right:var(--wp--preset--spacing--50);padding-left:var(--wp--preset--spacing--50)\">\n<div class=\"wp-block-column has-text-color has-background has-link-color wp-elements-4d4ffb7847b2330468f9059b5e3e0264 is-layout-flow wp-block-column-is-layout-flow\" style=\"color:#000000;background-color:#f4f4f4;padding-top:0em;padding-right:0em;padding-bottom:0em;padding-left:0em\">\n<figure class=\"wp-block-video\"><video height=\"480\" style=\"aspect-ratio: 854 \/ 480;\" width=\"854\" autoplay loop muted poster=\"https:\/\/wolfblanc.com\/wp-content\/uploads\/2026\/01\/EXPERTISE-BIM-Medium-mov-image.jpg\" src=\"https:\/\/wolfblanc.com\/wp-content\/uploads\/2026\/01\/EXPERTISE-BIM-Medium.mov\" playsinline class=\"lws-optimize-lazyload\"><\/video><\/figure>\n\n\n\n<h2 class=\"wp-block-heading\" id=\"single\" style=\"padding-right:var(--wp--preset--spacing--40);padding-left:var(--wp--preset--spacing--40);font-size:clamp(18.959px, 1.185rem + ((1vw - 3.2px) * 0.863), 30px);\"><strong>BIM-Beratung<\/strong><\/h2>\n\n\n\n<p class=\"has-small-font-size\" style=\"padding-right:var(--wp--preset--spacing--40);padding-bottom:var(--wp--preset--spacing--40);padding-left:var(--wp--preset--spacing--40)\">Digitale Pr\u00e4zision in jeder Phase.<br>Mit unserer umfassenden Erfahrung als BIM-Manager optimieren wir die Koordination, verringern das Risiko und verbessern die Zusammenarbeit zwischen den verschiedenen Disziplinen. So werden die Planungsdaten zu einem Werkzeug f\u00fcr intelligentere Entscheidungen und eine effiziente Umsetzung.<br><br><a href=\"https:\/\/wolfblanc.com\/de\/bim-consultancy\/\">Siehe Service<\/a> &gt;<\/p>\n<\/div>\n\n\n\n<div class=\"wp-block-column has-text-color has-background has-link-color wp-elements-6cf1bacedcafe5f270d41d4f78f7afeb is-layout-flow wp-block-column-is-layout-flow\" style=\"color:#000000;background-color:#f4f4f4;padding-top:0em;padding-right:0em;padding-bottom:0em;padding-left:0em\">\n<figure class=\"wp-block-video\"><video height=\"480\" style=\"aspect-ratio: 854 \/ 480;\" width=\"854\" autoplay loop muted poster=\"https:\/\/wolfblanc.com\/wp-content\/uploads\/2026\/01\/EXPERTISE-WELL-AP-Medium-mov-image.jpg\" src=\"https:\/\/wolfblanc.com\/wp-content\/uploads\/2026\/01\/EXPERTISE-WELL-AP-Medium.mov\" playsinline class=\"lws-optimize-lazyload\"><\/video><\/figure>\n\n\n\n<h2 class=\"wp-block-heading\" id=\"single\" style=\"padding-right:var(--wp--preset--spacing--40);padding-left:var(--wp--preset--spacing--40);font-size:clamp(18.959px, 1.185rem + ((1vw - 3.2px) * 0.863), 30px);\"><strong>Beratung zum Wohlbefinden<\/strong><\/h2>\n\n\n\n<p class=\"has-small-font-size\" style=\"padding-right:var(--wp--preset--spacing--40);padding-bottom:var(--wp--preset--spacing--40);padding-left:var(--wp--preset--spacing--40)\">Wir entwerfen f\u00fcr menschliche Leistung und Gesundheit.<br>Als WELL AP-Berater messen und optimieren wir Luft, Licht, Akustik und Komfort und sorgen daf\u00fcr, dass jedes Projekt das k\u00f6rperliche und geistige Wohlbefinden durch evidenzbasiertes Design unterst\u00fctzt.<br><br><a href=\"https:\/\/wolfblanc.com\/de\/well-being-consultancy\/\">Siehe Service<\/a> &gt;<\/p>\n<\/div>\n\n\n\n<div class=\"wp-block-column has-text-color has-background has-link-color wp-elements-827091936acbd4db90d10e454458b370 is-layout-flow wp-block-column-is-layout-flow\" style=\"color:#000000;background-color:#f4f4f4;padding-top:0em;padding-right:0em;padding-bottom:0em;padding-left:0em\">\n<figure class=\"wp-block-video\"><video height=\"540\" style=\"aspect-ratio: 960 \/ 540;\" width=\"960\" autoplay loop muted poster=\"https:\/\/wolfblanc.com\/wp-content\/uploads\/2026\/05\/EXPERTISE-Architectural-Visualization-mov-image.jpg\" src=\"https:\/\/wolfblanc.com\/wp-content\/uploads\/2026\/05\/EXPERTISE-Architectural-Visualization.mov\" playsinline class=\"lws-optimize-lazyload\"><\/video><\/figure>\n\n\n\n<h2 class=\"wp-block-heading\" id=\"single\" style=\"padding-right:var(--wp--preset--spacing--40);padding-left:var(--wp--preset--spacing--40);font-size:clamp(18.959px, 1.185rem + ((1vw - 3.2px) * 0.863), 30px);\"><strong>Architektonische Visualisierung<\/strong><\/h2>\n\n\n\n<p class=\"has-small-font-size\" style=\"padding-right:var(--wp--preset--spacing--40);padding-bottom:var(--wp--preset--spacing--40);padding-left:var(--wp--preset--spacing--40)\">Wir verwandeln Design-Ideen in klares Anschauungsmaterial f\u00fcr Entscheidungen, Genehmigungen, den Verkauf und die Kommunikation mit Investoren. Von Standbildern und Konzeptstudien bis hin zu Animationen und Inszenierungen - die Visualisierung hilft unseren Kunden, den Wert eines Projekts zu verstehen, bevor der Bau beginnt.<br><br><a href=\"https:\/\/wolfblanc.com\/de\/visualization\/\" data-type=\"page\" data-id=\"9841\">Siehe Service<\/a> &gt;<\/p>\n<\/div>\n<\/div>\n\n\n\n<div class=\"wp-block-kadence-spacer alignfull kt-block-spacer-6847_c6eeee-2a\"><div class=\"kt-block-spacer kt-block-spacer-halign-center\"><hr class=\"kt-divider\"\/><\/div><\/div>\n\n\n\n<div class=\"wp-block-cover alignfull is-light has-theme-1-color has-text-color has-link-color wp-elements-392e2a040c0e67d09cd4e0eae8adb9ea\" style=\"margin-top:0;padding-top:5vw;padding-right:5vw;padding-bottom:5vw;padding-left:5vw;min-height:314px;aspect-ratio:unset;\"><span aria-hidden=\"true\" class=\"wp-block-cover__background has-theme-5-background-color has-background-dim-100 has-background-dim\"><\/span><div class=\"wp-block-cover__inner-container is-layout-flow wp-block-cover-is-layout-flow\">\n<div class=\"wp-block-group is-layout-flex wp-container-core-group-is-layout-d0921e6e wp-block-group-is-layout-flex\">\n<div class=\"wp-block-group wp-container-content-9cfa9a5a is-layout-flow wp-container-core-group-is-layout-d6743c7d wp-block-group-is-layout-flow\">\n<p class=\"has-text-align-center has-theme-1-color has-theme-5-background-color has-text-color has-background\" style=\"padding-top:var(--wp--preset--spacing--40);padding-right:0;padding-bottom:var(--wp--preset--spacing--40);padding-left:0;font-size:clamp(33.419px, 2.089rem + ((1vw - 3.2px) * 2.077), 60px);letter-spacing:0px;line-height:0.8;text-transform:capitalize\"><strong>Buchen Sie eine kostenlose Konsultation<\/strong><\/p>\n\n\n\n<p class=\"has-text-align-center has-medium-font-size\" style=\"padding-top:var(--wp--preset--spacing--40);padding-bottom:var(--wp--preset--spacing--40)\">Kunden k\u00f6nnen Wolfblanc f\u00fcr einzelne Dienstleistungen beauftragen - oder uns mit der kompletten Lieferung betrauen.<\/p>\n\n\n\n<div class=\"wp-block-buttons is-content-justification-center is-layout-flex wp-container-core-buttons-is-layout-a89b3969 wp-block-buttons-is-layout-flex\">\n<div class=\"wp-block-button\"><a class=\"wp-block-button__link has-theme-5-color has-theme-1-background-color has-text-color has-background has-link-color wp-element-button\" href=\"https:\/\/wolfblanc.com\/de\/contact\/\" style=\"border-radius:100px\"><strong>Kontaktieren Sie uns<\/strong><\/a><\/div>\n<\/div>\n<\/div>\n<\/div>\n<\/div><\/div>","protected":false},"excerpt":{"rendered":"<p>Wolfblanc is a full-service architecture and design studio working across scales and types.We guide projects from concept to completion or join precisely where our expertise adds the most value. Pre-Acquisition Technical Due Diligence We help buyers, investors, and family offices understand a property before committing. We assess spatial potential, planning risk, technical constraints, renovation scope, [&hellip;]<\/p>\n","protected":false},"author":1,"featured_media":7819,"parent":0,"menu_order":0,"comment_status":"closed","ping_status":"closed","template":"","meta":{"iawp_total_views":434,"_vp_format_video_url":"","_vp_image_focal_point":[],"footnotes":""},"class_list":["post-6847","page","type-page","status-publish","has-post-thumbnail","hentry"],"_links":{"self":[{"href":"https:\/\/wolfblanc.com\/de\/wp-json\/wp\/v2\/pages\/6847","targetHints":{"allow":["GET"]}}],"collection":[{"href":"https:\/\/wolfblanc.com\/de\/wp-json\/wp\/v2\/pages"}],"about":[{"href":"https:\/\/wolfblanc.com\/de\/wp-json\/wp\/v2\/types\/page"}],"author":[{"embeddable":true,"href":"https:\/\/wolfblanc.com\/de\/wp-json\/wp\/v2\/users\/1"}],"replies":[{"embeddable":true,"href":"https:\/\/wolfblanc.com\/de\/wp-json\/wp\/v2\/comments?post=6847"}],"version-history":[{"count":3,"href":"https:\/\/wolfblanc.com\/de\/wp-json\/wp\/v2\/pages\/6847\/revisions"}],"predecessor-version":[{"id":9886,"href":"https:\/\/wolfblanc.com\/de\/wp-json\/wp\/v2\/pages\/6847\/revisions\/9886"}],"wp:featuredmedia":[{"embeddable":true,"href":"https:\/\/wolfblanc.com\/de\/wp-json\/wp\/v2\/media\/7819"}],"wp:attachment":[{"href":"https:\/\/wolfblanc.com\/de\/wp-json\/wp\/v2\/media?parent=6847"}],"curies":[{"name":"wp","href":"https:\/\/api.w.org\/{rel}","templated":true}]}}